{"id":12906,"date":"2025-07-14T12:06:44","date_gmt":"2025-07-14T10:06:44","guid":{"rendered":"https:\/\/hamma-uwt.de\/produkt\/bateria\/"},"modified":"2025-07-14T12:06:44","modified_gmt":"2025-07-14T10:06:44","slug":"bateria","status":"publish","type":"product","link":"https:\/\/hamma-uwt.de\/es\/produkt\/bateria\/","title":{"rendered":"Bater\u00eda"},"content":{"rendered":"<p>La bater\u00eda recargable hace que tu Misceo 3 sea a\u00fan m\u00e1s flexible.<\/p>\n<p>Su alto rendimiento te permite utilizar el Misceo durante unas 8 h sin tener que conectarlo a la red el\u00e9ctrica, y su clara pantalla te mantiene constantemente informado sobre el nivel de carga de la bater\u00eda. La bater\u00eda puede encenderse y apagarse en cualquier momento mediante el bot\u00f3n de encendido\/apagado y puede montarse directamente sobre el Misceo o colocarse en el tambor situado detr\u00e1s del Misceo. Con su aspecto uniforme, el Misceo y la bater\u00eda forman una potente unidad.  <\/p>\n<p>La bater\u00eda tambi\u00e9n puede servir como potente almac\u00e9n de energ\u00eda para otros dispositivos de 24 V CC.<\/p>\n","protected":false},"excerpt":{"rendered":"<p>Bater\u00eda recargable para la batidora Misceo<\/p>\n","protected":false},"featured_media":1031,"comment_status":"closed","ping_status":"closed","template":"","meta":{"_acf_changed":false},"product_brand":[],"product_cat":[1172],"product_tag":[],"class_list":{"0":"post-12906","1":"product","2":"type-product","3":"status-publish","4":"has-post-thumbnail","6":"product_cat-mezcladora-misceo","8":"first","9":"instock","10":"purchasable","11":"product-type-simple"},"acf":[],"_links":{"self":[{"href":"https:\/\/hamma-uwt.de\/es\/wp-json\/wp\/v2\/product\/12906","targetHints":{"allow":["GET"]}}],"collection":[{"href":"https:\/\/hamma-uwt.de\/es\/wp-json\/wp\/v2\/product"}],"about":[{"href":"https:\/\/hamma-uwt.de\/es\/wp-json\/wp\/v2\/types\/product"}],"replies":[{"embeddable":true,"href":"https:\/\/hamma-uwt.de\/es\/wp-json\/wp\/v2\/comments?post=12906"}],"wp:featuredmedia":[{"embeddable":true,"href":"https:\/\/hamma-uwt.de\/es\/wp-json\/wp\/v2\/media\/1031"}],"wp:attachment":[{"href":"https:\/\/hamma-uwt.de\/es\/wp-json\/wp\/v2\/media?parent=12906"}],"wp:term":[{"taxonomy":"product_brand","embeddable":true,"href":"https:\/\/hamma-uwt.de\/es\/wp-json\/wp\/v2\/product_brand?post=12906"},{"taxonomy":"product_cat","embeddable":true,"href":"https:\/\/hamma-uwt.de\/es\/wp-json\/wp\/v2\/product_cat?post=12906"},{"taxonomy":"product_tag","embeddable":true,"href":"https:\/\/hamma-uwt.de\/es\/wp-json\/wp\/v2\/product_tag?post=12906"}],"curies":[{"name":"wp","href":"https:\/\/api.w.org\/{rel}","templated":true}]}}