{"id":12931,"date":"2025-08-12T15:46:27","date_gmt":"2025-08-12T13:46:27","guid":{"rendered":"https:\/\/hamma-uwt.de\/produkt\/mikro-200\/"},"modified":"2026-03-12T09:05:37","modified_gmt":"2026-03-12T08:05:37","slug":"mikro-200","status":"publish","type":"product","link":"https:\/\/hamma-uwt.de\/es\/produkt\/mikro-200\/","title":{"rendered":"MIKRO 200"},"content":{"rendered":"<p>El Mikro 200 airea recipientes de hasta 300 litros.<\/p>\n<p>El microaireador te proporciona un lubricante refrigerante de la m\u00e1xima calidad mediante la introducci\u00f3n de ox\u00edgeno atmosf\u00e9rico. Gracias a su sencilla instalaci\u00f3n y funcionamiento, el Mikro puede ajustarse r\u00e1pidamente a los requisitos de tu lubricante refrigerante. El Mikro puede controlarse seg\u00fan las necesidades mediante su temporizador. Con la ayuda de sus placas de aireaci\u00f3n, las burbujas de aire m\u00e1s finas y definidas flotan a trav\u00e9s del lubricante refrigerante a una velocidad de flotaci\u00f3n predeterminada. Esto permite que el lubricante refrigerante reabsorba el ox\u00edgeno utilizado, restableciendo el bioequilibrio.    <\/p>\n<p>Tus ventajas :<\/p>\n<ul>\n<li>Bioequilibrio estable<\/li>\n<li>Lubricante refrigerante de muy alto rendimiento<\/li>\n<li>Datos de corte m\u00e1s elevados<\/li>\n<li>Larga vida \u00fatil de tus herramientas y m\u00e1quinas<\/li>\n<li>Alta higiene de la piel<\/li>\n<\/ul>\n<p>&nbsp;<\/p>\n<p>Para completar tu mantenimiento, combina tu microaireador con el desnatador de aceite Rapid para obtener un lubricante refrigerante siempre limpio y bioestable, con propiedades de producci\u00f3n \u00f3ptimas.<\/p>\n","protected":false},"excerpt":{"rendered":"<p>incl. Unidad de ventilaci\u00f3n con 1 panel de ventilaci\u00f3n<\/p>\n","protected":false},"featured_media":12932,"comment_status":"closed","ping_status":"closed","template":"","meta":{"_acf_changed":false},"product_brand":[],"product_cat":[1059],"product_tag":[],"class_list":{"0":"post-12931","1":"product","2":"type-product","3":"status-publish","4":"has-post-thumbnail","6":"product_cat-micro-aireador","8":"first","9":"instock","10":"shipping-taxable","11":"purchasable","12":"product-type-simple"},"acf":[],"_links":{"self":[{"href":"https:\/\/hamma-uwt.de\/es\/wp-json\/wp\/v2\/product\/12931","targetHints":{"allow":["GET"]}}],"collection":[{"href":"https:\/\/hamma-uwt.de\/es\/wp-json\/wp\/v2\/product"}],"about":[{"href":"https:\/\/hamma-uwt.de\/es\/wp-json\/wp\/v2\/types\/product"}],"replies":[{"embeddable":true,"href":"https:\/\/hamma-uwt.de\/es\/wp-json\/wp\/v2\/comments?post=12931"}],"wp:featuredmedia":[{"embeddable":true,"href":"https:\/\/hamma-uwt.de\/es\/wp-json\/wp\/v2\/media\/12932"}],"wp:attachment":[{"href":"https:\/\/hamma-uwt.de\/es\/wp-json\/wp\/v2\/media?parent=12931"}],"wp:term":[{"taxonomy":"product_brand","embeddable":true,"href":"https:\/\/hamma-uwt.de\/es\/wp-json\/wp\/v2\/product_brand?post=12931"},{"taxonomy":"product_cat","embeddable":true,"href":"https:\/\/hamma-uwt.de\/es\/wp-json\/wp\/v2\/product_cat?post=12931"},{"taxonomy":"product_tag","embeddable":true,"href":"https:\/\/hamma-uwt.de\/es\/wp-json\/wp\/v2\/product_tag?post=12931"}],"curies":[{"name":"wp","href":"https:\/\/api.w.org\/{rel}","templated":true}]}}