{"id":12948,"date":"2025-08-12T14:27:09","date_gmt":"2025-08-12T12:27:09","guid":{"rendered":"https:\/\/hamma-uwt.de\/produkt\/consola-de-cuidados-compact-plus\/"},"modified":"2026-03-16T15:56:58","modified_gmt":"2026-03-16T14:56:58","slug":"consola-de-cuidados-compact-plus","status":"publish","type":"product","link":"https:\/\/hamma-uwt.de\/es\/produkt\/consola-de-cuidados-compact-plus\/","title":{"rendered":"Consola de cuidados Compact plus"},"content":{"rendered":"<p>La consola de cuidados Biobalance combina los dispositivos y las ventajas de MIKRO, RAPID y RUBI. Gracias a su dise\u00f1o funcional, la unidad de cuidados puede acoplarse a la m\u00e1quina de forma r\u00e1pida y sencilla. Las placas adaptadoras facilitan a\u00fan m\u00e1s la instalaci\u00f3n.  <\/p>\n","protected":false},"excerpt":{"rendered":"<p>incl. RAPID 2.1, RUBI y MIKRO 300<\/p>\n","protected":false},"featured_media":7037,"comment_status":"closed","ping_status":"closed","template":"","meta":{"_acf_changed":false},"product_brand":[],"product_cat":[1174],"product_tag":[],"class_list":{"0":"post-12948","1":"product","2":"type-product","3":"status-publish","4":"has-post-thumbnail","6":"product_cat-biobalance","8":"first","9":"instock","10":"shipping-taxable","11":"purchasable","12":"product-type-simple"},"acf":[],"_links":{"self":[{"href":"https:\/\/hamma-uwt.de\/es\/wp-json\/wp\/v2\/product\/12948","targetHints":{"allow":["GET"]}}],"collection":[{"href":"https:\/\/hamma-uwt.de\/es\/wp-json\/wp\/v2\/product"}],"about":[{"href":"https:\/\/hamma-uwt.de\/es\/wp-json\/wp\/v2\/types\/product"}],"replies":[{"embeddable":true,"href":"https:\/\/hamma-uwt.de\/es\/wp-json\/wp\/v2\/comments?post=12948"}],"wp:featuredmedia":[{"embeddable":true,"href":"https:\/\/hamma-uwt.de\/es\/wp-json\/wp\/v2\/media\/7037"}],"wp:attachment":[{"href":"https:\/\/hamma-uwt.de\/es\/wp-json\/wp\/v2\/media?parent=12948"}],"wp:term":[{"taxonomy":"product_brand","embeddable":true,"href":"https:\/\/hamma-uwt.de\/es\/wp-json\/wp\/v2\/product_brand?post=12948"},{"taxonomy":"product_cat","embeddable":true,"href":"https:\/\/hamma-uwt.de\/es\/wp-json\/wp\/v2\/product_cat?post=12948"},{"taxonomy":"product_tag","embeddable":true,"href":"https:\/\/hamma-uwt.de\/es\/wp-json\/wp\/v2\/product_tag?post=12948"}],"curies":[{"name":"wp","href":"https:\/\/api.w.org\/{rel}","templated":true}]}}