{"id":12975,"date":"2025-08-13T10:10:03","date_gmt":"2025-08-13T08:10:03","guid":{"rendered":"https:\/\/hamma-uwt.de\/produkt\/rapido-1-1-especial\/"},"modified":"2025-08-13T10:10:03","modified_gmt":"2025-08-13T08:10:03","slug":"rapido-1-1-especial","status":"publish","type":"product","link":"https:\/\/hamma-uwt.de\/es\/produkt\/rapido-1-1-especial\/","title":{"rendered":"R\u00c1PIDO 1.1 Especial"},"content":{"rendered":"<p>El desnatador de cinta especial Rapid 1.1 permite eliminar r\u00e1pida y f\u00e1cilmente el aceite atrapado en el lubricante refrigerante de m\u00e1quinas con una superficie de hasta 6 m\u00b2.<\/p>\n<p>Hay muchas otras variantes disponibles bajo pedido.<\/p>\n","protected":false},"excerpt":{"rendered":"<p>para medios calientes de hasta 70 \u00b0C, incl. rodillo de acero inoxidable, superficies de hasta 6 m\u00b2 (sin cinta desnatadora) <\/p>\n","protected":false},"featured_media":4338,"comment_status":"closed","ping_status":"closed","template":"","meta":{"_acf_changed":false},"product_brand":[],"product_cat":[1445],"product_tag":[],"class_list":{"0":"post-12975","1":"product","2":"type-product","3":"status-publish","4":"has-post-thumbnail","6":"product_cat-rapido-1-1","8":"first","9":"instock","10":"purchasable","11":"product-type-variable"},"acf":[],"_links":{"self":[{"href":"https:\/\/hamma-uwt.de\/es\/wp-json\/wp\/v2\/product\/12975","targetHints":{"allow":["GET"]}}],"collection":[{"href":"https:\/\/hamma-uwt.de\/es\/wp-json\/wp\/v2\/product"}],"about":[{"href":"https:\/\/hamma-uwt.de\/es\/wp-json\/wp\/v2\/types\/product"}],"replies":[{"embeddable":true,"href":"https:\/\/hamma-uwt.de\/es\/wp-json\/wp\/v2\/comments?post=12975"}],"wp:featuredmedia":[{"embeddable":true,"href":"https:\/\/hamma-uwt.de\/es\/wp-json\/wp\/v2\/media\/4338"}],"wp:attachment":[{"href":"https:\/\/hamma-uwt.de\/es\/wp-json\/wp\/v2\/media?parent=12975"}],"wp:term":[{"taxonomy":"product_brand","embeddable":true,"href":"https:\/\/hamma-uwt.de\/es\/wp-json\/wp\/v2\/product_brand?post=12975"},{"taxonomy":"product_cat","embeddable":true,"href":"https:\/\/hamma-uwt.de\/es\/wp-json\/wp\/v2\/product_cat?post=12975"},{"taxonomy":"product_tag","embeddable":true,"href":"https:\/\/hamma-uwt.de\/es\/wp-json\/wp\/v2\/product_tag?post=12975"}],"curies":[{"name":"wp","href":"https:\/\/api.w.org\/{rel}","templated":true}]}}