{"id":13906,"date":"2025-07-14T12:06:44","date_gmt":"2025-07-14T10:06:44","guid":{"rendered":"https:\/\/hamma-uwt.de\/produkt\/conjunto-de-control-de-nivel\/"},"modified":"2025-07-14T12:06:44","modified_gmt":"2025-07-14T10:06:44","slug":"conjunto-de-control-de-nivel","status":"publish","type":"product","link":"https:\/\/hamma-uwt.de\/es\/produkt\/conjunto-de-control-de-nivel\/","title":{"rendered":"Conjunto de control de nivel"},"content":{"rendered":"<p>El monitor de nivel de llenado F\u00dc-1 es un sistema de monitorizaci\u00f3n totalmente electr\u00f3nico para controlar el llenado autom\u00e1tico de un contenedor. El sistema de monitorizaci\u00f3n utiliza sensores para reconocer el nivel de llenado de un recipiente y abre y cierra una v\u00e1lvula seg\u00fan sea necesario. Los componentes de alta calidad (por ejemplo, la parada de emergencia conforme a la WHG) permiten un llenado seguro, fiable y autom\u00e1tico.  <\/p>\n<p>Gracias al conjunto listo para conectar, puedes llenar tu m\u00e1quina de forma r\u00e1pida, sencilla y fiable autom\u00e1ticamente en combinaci\u00f3n con la MISCEO 3.<\/p>\n<p>Tus ventajas:<\/p>\n<ul>\n<li>Llenado autom\u00e1tico de m\u00e1quinas<\/li>\n<li>Producci\u00f3n fiable<\/li>\n<li>Soluci\u00f3n completa lista para conectar (instalaci\u00f3n sencilla)<\/li>\n<li>Parada de emergencia seg\u00fan WHG<\/li>\n<li>Temperatura uniforme del lubricante refrigerante \/ Concentraci\u00f3n estable del lubricante refrigerante<\/li>\n<\/ul>\n","protected":false},"excerpt":{"rendered":"<p>Monitor de nivel F\u00dc-1-24D juego completo<\/p>\n","protected":false},"featured_media":3786,"comment_status":"closed","ping_status":"closed","template":"","meta":{"_acf_changed":false},"product_brand":[],"product_cat":[1807],"product_tag":[],"class_list":{"0":"post-13906","1":"product","2":"type-product","3":"status-publish","4":"has-post-thumbnail","6":"product_cat-control-del-nivel-de-llenado","8":"first","9":"instock","10":"purchasable","11":"product-type-simple"},"acf":[],"_links":{"self":[{"href":"https:\/\/hamma-uwt.de\/es\/wp-json\/wp\/v2\/product\/13906","targetHints":{"allow":["GET"]}}],"collection":[{"href":"https:\/\/hamma-uwt.de\/es\/wp-json\/wp\/v2\/product"}],"about":[{"href":"https:\/\/hamma-uwt.de\/es\/wp-json\/wp\/v2\/types\/product"}],"replies":[{"embeddable":true,"href":"https:\/\/hamma-uwt.de\/es\/wp-json\/wp\/v2\/comments?post=13906"}],"wp:featuredmedia":[{"embeddable":true,"href":"https:\/\/hamma-uwt.de\/es\/wp-json\/wp\/v2\/media\/3786"}],"wp:attachment":[{"href":"https:\/\/hamma-uwt.de\/es\/wp-json\/wp\/v2\/media?parent=13906"}],"wp:term":[{"taxonomy":"product_brand","embeddable":true,"href":"https:\/\/hamma-uwt.de\/es\/wp-json\/wp\/v2\/product_brand?post=13906"},{"taxonomy":"product_cat","embeddable":true,"href":"https:\/\/hamma-uwt.de\/es\/wp-json\/wp\/v2\/product_cat?post=13906"},{"taxonomy":"product_tag","embeddable":true,"href":"https:\/\/hamma-uwt.de\/es\/wp-json\/wp\/v2\/product_tag?post=13906"}],"curies":[{"name":"wp","href":"https:\/\/api.w.org\/{rel}","templated":true}]}}