{"id":13980,"date":"2025-08-15T08:27:29","date_gmt":"2025-08-15T06:27:29","guid":{"rendered":"https:\/\/hamma-uwt.de\/produkt\/caso-de-prueba-pequeno\/"},"modified":"2025-08-15T08:27:29","modified_gmt":"2025-08-15T06:27:29","slug":"caso-de-prueba-pequeno","status":"publish","type":"product","link":"https:\/\/hamma-uwt.de\/es\/produkt\/caso-de-prueba-pequeno\/","title":{"rendered":"CASO DE PRUEBA peque\u00f1o"},"content":{"rendered":"<p>El kit de prueba Luz se suministra sin refract\u00f3metro. El kit de prueba compacto est\u00e1 listo para tu medici\u00f3n TRGS-611. <\/p>\n<p>Con el caso de prueba, est\u00e1s perfectamente preparado para las mediciones de tu lubricante refrigerante. Los datos del lubricante refrigerante dicen mucho sobre la calidad y el rendimiento de tu lubricante refrigerante. Con un control constante y una manipulaci\u00f3n correcta, existe un enorme potencial de rendimiento y ahorro en tu lubricante refrigerante. Los costes de m\u00e1quinas y herramientas pueden reducirse significativamente, creas un entorno higi\u00e9nico y sabes exactamente cu\u00e1ndo es necesario un cambio.   <\/p>\n<p>Tus ventajas:<\/p>\n<ul>\n<li>Robusto, de alta calidad y compacto<\/li>\n<li>Higi\u00e9nico, sencillo y eficaz<\/li>\n<li>cumple con TRGS 611<\/li>\n<li>Bioequilibrio estable<\/li>\n<li>Aumenta el rendimiento y ahorra dinero<\/li>\n<\/ul>\n","protected":false},"excerpt":{"rendered":"<p>El kit de prueba Luz se suministra sin refract\u00f3metro. El kit de prueba compacto est\u00e1 listo para tu medici\u00f3n TRGS-611. Con el caso de prueba, est\u00e1s perfectamente preparado para las mediciones de tu lubricante refrigerante. Los datos del lubricante refrigerante dicen mucho sobre la calidad y el rendimiento de tu lubricante refrigerante. Con un control [&hellip;]<\/p>\n","protected":false},"featured_media":3508,"comment_status":"closed","ping_status":"closed","template":"","meta":{"_acf_changed":false},"product_brand":[],"product_cat":[1812],"product_tag":[],"class_list":{"0":"post-13980","1":"product","2":"type-product","3":"status-publish","4":"has-post-thumbnail","6":"product_cat-caso-de-prueba","8":"first","9":"instock","10":"shipping-taxable","11":"purchasable","12":"product-type-variable","13":"has-default-attributes"},"acf":[],"_links":{"self":[{"href":"https:\/\/hamma-uwt.de\/es\/wp-json\/wp\/v2\/product\/13980","targetHints":{"allow":["GET"]}}],"collection":[{"href":"https:\/\/hamma-uwt.de\/es\/wp-json\/wp\/v2\/product"}],"about":[{"href":"https:\/\/hamma-uwt.de\/es\/wp-json\/wp\/v2\/types\/product"}],"replies":[{"embeddable":true,"href":"https:\/\/hamma-uwt.de\/es\/wp-json\/wp\/v2\/comments?post=13980"}],"wp:featuredmedia":[{"embeddable":true,"href":"https:\/\/hamma-uwt.de\/es\/wp-json\/wp\/v2\/media\/3508"}],"wp:attachment":[{"href":"https:\/\/hamma-uwt.de\/es\/wp-json\/wp\/v2\/media?parent=13980"}],"wp:term":[{"taxonomy":"product_brand","embeddable":true,"href":"https:\/\/hamma-uwt.de\/es\/wp-json\/wp\/v2\/product_brand?post=13980"},{"taxonomy":"product_cat","embeddable":true,"href":"https:\/\/hamma-uwt.de\/es\/wp-json\/wp\/v2\/product_cat?post=13980"},{"taxonomy":"product_tag","embeddable":true,"href":"https:\/\/hamma-uwt.de\/es\/wp-json\/wp\/v2\/product_tag?post=13980"}],"curies":[{"name":"wp","href":"https:\/\/api.w.org\/{rel}","templated":true}]}}