{"id":14000,"date":"2025-08-15T08:33:10","date_gmt":"2025-08-15T06:33:10","guid":{"rendered":"https:\/\/hamma-uwt.de\/produkt\/caso-de-prueba\/"},"modified":"2025-08-15T08:33:10","modified_gmt":"2025-08-15T06:33:10","slug":"caso-de-prueba","status":"publish","type":"product","link":"https:\/\/hamma-uwt.de\/es\/produkt\/caso-de-prueba\/","title":{"rendered":"CASO DE PRUEBA"},"content":{"rendered":"<p>Las otras versiones te ofrecen a\u00fan m\u00e1s opciones para realizar las mediciones del TRGS 611 de forma muy sencilla, r\u00e1pida y precisa al m\u00e1s alto nivel. Tambi\u00e9n puedes determinar digitalmente la conductividad y el valor de pH y crear a\u00fan m\u00e1s comodidad de medici\u00f3n con el refract\u00f3metro digital. <\/p>\n<p>Con el caso de prueba, est\u00e1s perfectamente preparado para las mediciones de tu lubricante refrigerante. Los datos del lubricante refrigerante dicen mucho sobre la calidad y el rendimiento de tu lubricante refrigerante. Con un control constante y una manipulaci\u00f3n correcta, existe un enorme potencial de rendimiento y ahorro en tu lubricante refrigerante. Los costes de m\u00e1quinas y herramientas pueden reducirse significativamente, creas un entorno higi\u00e9nico y sabes exactamente cu\u00e1ndo es necesario un cambio.   <\/p>\n<p>Tus ventajas:<\/p>\n<ul>\n<li>Robusto, de alta calidad y compacto<\/li>\n<li>Higi\u00e9nico, sencillo y eficaz<\/li>\n<li>cumple con TRGS 611<\/li>\n<li>Bioequilibrio estable<\/li>\n<li>Aumenta el rendimiento y ahorra dinero<\/li>\n<\/ul>\n","protected":false},"excerpt":{"rendered":"<p>Las otras versiones te ofrecen a\u00fan m\u00e1s opciones para realizar las mediciones del TRGS 611 de forma muy sencilla, r\u00e1pida y precisa al m\u00e1s alto nivel. Tambi\u00e9n puedes determinar digitalmente la conductividad y el valor de pH y crear a\u00fan m\u00e1s comodidad de medici\u00f3n con el refract\u00f3metro digital. Con el caso de prueba, est\u00e1s perfectamente [&hellip;]<\/p>\n","protected":false},"featured_media":2037,"comment_status":"closed","ping_status":"closed","template":"","meta":{"_acf_changed":false},"product_brand":[],"product_cat":[1812],"product_tag":[],"class_list":{"0":"post-14000","1":"product","2":"type-product","3":"status-publish","4":"has-post-thumbnail","6":"product_cat-caso-de-prueba","8":"first","9":"instock","10":"shipping-taxable","11":"purchasable","12":"product-type-variable","13":"has-default-attributes"},"acf":[],"_links":{"self":[{"href":"https:\/\/hamma-uwt.de\/es\/wp-json\/wp\/v2\/product\/14000","targetHints":{"allow":["GET"]}}],"collection":[{"href":"https:\/\/hamma-uwt.de\/es\/wp-json\/wp\/v2\/product"}],"about":[{"href":"https:\/\/hamma-uwt.de\/es\/wp-json\/wp\/v2\/types\/product"}],"replies":[{"embeddable":true,"href":"https:\/\/hamma-uwt.de\/es\/wp-json\/wp\/v2\/comments?post=14000"}],"wp:featuredmedia":[{"embeddable":true,"href":"https:\/\/hamma-uwt.de\/es\/wp-json\/wp\/v2\/media\/2037"}],"wp:attachment":[{"href":"https:\/\/hamma-uwt.de\/es\/wp-json\/wp\/v2\/media?parent=14000"}],"wp:term":[{"taxonomy":"product_brand","embeddable":true,"href":"https:\/\/hamma-uwt.de\/es\/wp-json\/wp\/v2\/product_brand?post=14000"},{"taxonomy":"product_cat","embeddable":true,"href":"https:\/\/hamma-uwt.de\/es\/wp-json\/wp\/v2\/product_cat?post=14000"},{"taxonomy":"product_tag","embeddable":true,"href":"https:\/\/hamma-uwt.de\/es\/wp-json\/wp\/v2\/product_tag?post=14000"}],"curies":[{"name":"wp","href":"https:\/\/api.w.org\/{rel}","templated":true}]}}