{"id":18380,"date":"2025-07-14T12:06:39","date_gmt":"2025-07-14T10:06:39","guid":{"rendered":"https:\/\/hamma-uwt.de\/produkt\/torre-limpia-150\/"},"modified":"2025-07-14T12:06:39","modified_gmt":"2025-07-14T10:06:39","slug":"torre-limpia-150","status":"publish","type":"product","link":"https:\/\/hamma-uwt.de\/es\/produkt\/torre-limpia-150\/","title":{"rendered":"TORRE LIMPIA 150"},"content":{"rendered":"<p>La Clean-Tower 150 te ofrece un cuidado completo de tu lubricante refrigerante. El uso de la flotaci\u00f3n por aire disuelto hace que los aceites vagabundos, las part\u00edculas en suspensi\u00f3n y la deficiencia de ox\u00edgeno sean cosa del pasado. <\/p>\n<p>El sistema de limpieza m\u00f3vil aspira el lubricante refrigerante contaminado de la superficie y lo transfiere a la c\u00e1mara del reactor. La CLEAN-TOWER hace flotar los aceites extra\u00f1os<br \/>\ny las part\u00edculas en suspensi\u00f3n a la superficie con el aire introducido, los transfiere al dep\u00f3sito de suciedad integrado, enriquece tu lubricante refrigerante con ox\u00edgeno y lo devuelve a la m\u00e1quina de producci\u00f3n. En el futuro, trabajar\u00e1s permanentemente con un lubricante refrigerante de alto rendimiento y saludable, \u00a1sin compromisos!  <\/p>\n<p>&nbsp;<\/p>\n<p>Tus ventajas:<\/p>\n<ul>\n<li>Reduce los costes de funcionamiento<\/li>\n<li>Mayor vida \u00fatil del lubricante para herramientas, m\u00e1quinas y refrigeraci\u00f3n<\/li>\n<li>mejora la calidad de la producci\u00f3n<\/li>\n<li>aumenta la velocidad de producci\u00f3n<\/li>\n<li>Evita las molestias por olores<\/li>\n<li>Visi\u00f3n clara del interior de la m\u00e1quina<\/li>\n<li>Aumenta la higiene y la satisfacci\u00f3n de los empleados<\/li>\n<\/ul>\n<p>&nbsp;<\/p>\n","protected":false},"excerpt":{"rendered":"<p>incl. Tuber\u00edas y flotador de aspiraci\u00f3n AS 100<\/p>\n","protected":false},"featured_media":2049,"comment_status":"closed","ping_status":"closed","template":"","meta":{"_acf_changed":false},"product_brand":[],"product_cat":[2437],"product_tag":[],"class_list":{"0":"post-18380","1":"product","2":"type-product","3":"status-publish","4":"has-post-thumbnail","6":"product_cat-torre-limpia","8":"first","9":"instock","10":"purchasable","11":"product-type-simple"},"acf":[],"_links":{"self":[{"href":"https:\/\/hamma-uwt.de\/es\/wp-json\/wp\/v2\/product\/18380","targetHints":{"allow":["GET"]}}],"collection":[{"href":"https:\/\/hamma-uwt.de\/es\/wp-json\/wp\/v2\/product"}],"about":[{"href":"https:\/\/hamma-uwt.de\/es\/wp-json\/wp\/v2\/types\/product"}],"replies":[{"embeddable":true,"href":"https:\/\/hamma-uwt.de\/es\/wp-json\/wp\/v2\/comments?post=18380"}],"wp:featuredmedia":[{"embeddable":true,"href":"https:\/\/hamma-uwt.de\/es\/wp-json\/wp\/v2\/media\/2049"}],"wp:attachment":[{"href":"https:\/\/hamma-uwt.de\/es\/wp-json\/wp\/v2\/media?parent=18380"}],"wp:term":[{"taxonomy":"product_brand","embeddable":true,"href":"https:\/\/hamma-uwt.de\/es\/wp-json\/wp\/v2\/product_brand?post=18380"},{"taxonomy":"product_cat","embeddable":true,"href":"https:\/\/hamma-uwt.de\/es\/wp-json\/wp\/v2\/product_cat?post=18380"},{"taxonomy":"product_tag","embeddable":true,"href":"https:\/\/hamma-uwt.de\/es\/wp-json\/wp\/v2\/product_tag?post=18380"}],"curies":[{"name":"wp","href":"https:\/\/api.w.org\/{rel}","templated":true}]}}