{"id":18400,"date":"2025-07-14T12:06:39","date_gmt":"2025-07-14T10:06:39","guid":{"rendered":"https:\/\/hamma-uwt.de\/produkt\/escoba-magnetica\/"},"modified":"2025-07-14T12:06:39","modified_gmt":"2025-07-14T10:06:39","slug":"escoba-magnetica","status":"publish","type":"product","link":"https:\/\/hamma-uwt.de\/es\/produkt\/escoba-magnetica\/","title":{"rendered":"Escoba magn\u00e9tica"},"content":{"rendered":"<p>Gracias a la potente escoba con gran capacidad de recogida y una anchura total de 400 mm, puedes limpiar las superficies de tu suelo y tu entorno de trabajo de forma r\u00e1pida, f\u00e1cil y fiable con la escoba magn\u00e9tica. Con el pr\u00e1ctico mango, tienes la escoba magn\u00e9tica firmemente en la mano y puedes guiarla con seguridad hasta las virutas y atraerlas. Tirando de la corredera, el magnetismo desaparece y las virutas atra\u00eddas simplemente caen.<br \/>\nUna superficie de suelo limpia aumenta la calidad y la seguridad de tu empresa y mantiene limpio e higi\u00e9nico tu entorno de trabajo.<br \/>\nLa escoba magn\u00e9tica tambi\u00e9n te ayuda a recoger peque\u00f1os objetos magn\u00e9ticos y a separar piezas industriales magn\u00e9ticas y no magn\u00e9ticas.  <\/p>\n<p>La escoba magn\u00e9tica puede extenderse desde 800 mm hasta una altura total de 1120 mm. Esto te permite adaptar la escoba magn\u00e9tica a tus necesidades individuales. <\/p>\n","protected":false},"excerpt":{"rendered":"<p>con mango telesc\u00f3pico, anchura de la escoba 400 mm, altura total m\u00e1x. 1120 mm <\/p>\n","protected":false},"featured_media":3795,"comment_status":"closed","ping_status":"closed","template":"","meta":{"_acf_changed":false},"product_brand":[],"product_cat":[1756,1179],"product_tag":[],"class_list":{"0":"post-18400","1":"product","2":"type-product","3":"status-publish","4":"has-post-thumbnail","6":"product_cat-ayudantes-fuertes","7":"product_cat-chip-maxx-y-escoba-magnetica","9":"first","10":"instock","11":"purchasable","12":"product-type-simple"},"acf":[],"_links":{"self":[{"href":"https:\/\/hamma-uwt.de\/es\/wp-json\/wp\/v2\/product\/18400","targetHints":{"allow":["GET"]}}],"collection":[{"href":"https:\/\/hamma-uwt.de\/es\/wp-json\/wp\/v2\/product"}],"about":[{"href":"https:\/\/hamma-uwt.de\/es\/wp-json\/wp\/v2\/types\/product"}],"replies":[{"embeddable":true,"href":"https:\/\/hamma-uwt.de\/es\/wp-json\/wp\/v2\/comments?post=18400"}],"wp:featuredmedia":[{"embeddable":true,"href":"https:\/\/hamma-uwt.de\/es\/wp-json\/wp\/v2\/media\/3795"}],"wp:attachment":[{"href":"https:\/\/hamma-uwt.de\/es\/wp-json\/wp\/v2\/media?parent=18400"}],"wp:term":[{"taxonomy":"product_brand","embeddable":true,"href":"https:\/\/hamma-uwt.de\/es\/wp-json\/wp\/v2\/product_brand?post=18400"},{"taxonomy":"product_cat","embeddable":true,"href":"https:\/\/hamma-uwt.de\/es\/wp-json\/wp\/v2\/product_cat?post=18400"},{"taxonomy":"product_tag","embeddable":true,"href":"https:\/\/hamma-uwt.de\/es\/wp-json\/wp\/v2\/product_tag?post=18400"}],"curies":[{"name":"wp","href":"https:\/\/api.w.org\/{rel}","templated":true}]}}