{"id":18508,"date":"2025-07-14T12:06:39","date_gmt":"2025-07-14T10:06:39","guid":{"rendered":"https:\/\/hamma-uwt.de\/produkt\/rubi\/"},"modified":"2025-07-14T12:06:39","modified_gmt":"2025-07-14T10:06:39","slug":"rubi","status":"publish","type":"product","link":"https:\/\/hamma-uwt.de\/es\/produkt\/rubi\/","title":{"rendered":"RUBI"},"content":{"rendered":"<p>La bandeja de goteo Rubi para aceite usado es una robusta bandeja de goteo con una capacidad de 1,8 litros.<\/p>\n<p>La protecci\u00f3n antidesbordamiento integrada evita que el recipiente se desborde. Si el Rubi no se vac\u00eda, el exceso se devuelve a la m\u00e1quina mediante su funci\u00f3n de decantador. Vaciar el Rubi es muy r\u00e1pido y f\u00e1cil gracias a su ingenioso dise\u00f1o. Se puede acoplar a la m\u00e1quina r\u00e1pida y f\u00e1cilmente, sin taladros ni tornillos.   <\/p>\n","protected":false},"excerpt":{"rendered":"<p>Recipiente colector de aceite usado con protecci\u00f3n antidesbordamiento, accesorio para todos los desnatadores de aceite RAPID <\/p>\n","protected":false},"featured_media":3430,"comment_status":"closed","ping_status":"closed","template":"","meta":{"_acf_changed":false},"product_brand":[],"product_cat":[2524],"product_tag":[],"class_list":{"0":"post-18508","1":"product","2":"type-product","3":"status-publish","4":"has-post-thumbnail","6":"product_cat-espumadera-rapida-de-aceite","8":"first","9":"instock","10":"purchasable","11":"product-type-simple"},"acf":[],"_links":{"self":[{"href":"https:\/\/hamma-uwt.de\/es\/wp-json\/wp\/v2\/product\/18508","targetHints":{"allow":["GET"]}}],"collection":[{"href":"https:\/\/hamma-uwt.de\/es\/wp-json\/wp\/v2\/product"}],"about":[{"href":"https:\/\/hamma-uwt.de\/es\/wp-json\/wp\/v2\/types\/product"}],"replies":[{"embeddable":true,"href":"https:\/\/hamma-uwt.de\/es\/wp-json\/wp\/v2\/comments?post=18508"}],"wp:featuredmedia":[{"embeddable":true,"href":"https:\/\/hamma-uwt.de\/es\/wp-json\/wp\/v2\/media\/3430"}],"wp:attachment":[{"href":"https:\/\/hamma-uwt.de\/es\/wp-json\/wp\/v2\/media?parent=18508"}],"wp:term":[{"taxonomy":"product_brand","embeddable":true,"href":"https:\/\/hamma-uwt.de\/es\/wp-json\/wp\/v2\/product_brand?post=18508"},{"taxonomy":"product_cat","embeddable":true,"href":"https:\/\/hamma-uwt.de\/es\/wp-json\/wp\/v2\/product_cat?post=18508"},{"taxonomy":"product_tag","embeddable":true,"href":"https:\/\/hamma-uwt.de\/es\/wp-json\/wp\/v2\/product_tag?post=18508"}],"curies":[{"name":"wp","href":"https:\/\/api.w.org\/{rel}","templated":true}]}}