{"id":18799,"date":"2025-07-14T11:22:15","date_gmt":"2025-07-14T09:22:15","guid":{"rendered":"https:\/\/hamma-uwt.de\/produkt\/clave-ibc\/"},"modified":"2025-07-14T11:22:15","modified_gmt":"2025-07-14T09:22:15","slug":"clave-ibc","status":"publish","type":"product","link":"https:\/\/hamma-uwt.de\/es\/produkt\/clave-ibc\/","title":{"rendered":"Clave IBC"},"content":{"rendered":"<p>Llave IBC para abrir r\u00e1pida y f\u00e1cilmente tus contenedores<\/p>\n<p>Con la llave IBC, puedes abrir y cerrar tus contenedores IBC en un abrir y cerrar de ojos y sin mucho esfuerzo gracias a la acci\u00f3n de palanca. El dise\u00f1o optimizado de acero inoxidable robusto garantiza una apertura muy f\u00e1cil, c\u00f3moda y ergon\u00f3mica de tus contenedores y bidones IBC. Ambos abridores son f\u00e1ciles de guardar gracias a su orificio de sujeci\u00f3n bien situado y vuelven a estar r\u00e1pidamente a mano cuando se necesitan.  <\/p>\n<p>Tus ventajas<\/p>\n<ul>\n<li>F\u00e1cil apertura gracias a la optimizaci\u00f3n<\/li>\n<li>Efecto palanca<\/li>\n<li>Dise\u00f1o de acero inoxidable de alta calidad<\/li>\n<li>Robusto y pr\u00e1ctico<\/li>\n<li>Dise\u00f1o compacto<\/li>\n<li>Ergon\u00f3mico<\/li>\n<\/ul>\n","protected":false},"excerpt":{"rendered":"<p>para abrir contenedores IBC<\/p>\n","protected":false},"featured_media":3862,"comment_status":"closed","ping_status":"closed","template":"","meta":{"_acf_changed":false},"product_brand":[],"product_cat":[890,1756,1755],"product_tag":[],"class_list":{"0":"post-18799","1":"product","2":"type-product","3":"status-publish","4":"has-post-thumbnail","6":"product_cat-accesorios-misceo","7":"product_cat-ayudantes-fuertes","8":"product_cat-llave-del-contenedor","10":"first","11":"instock","12":"purchasable","13":"product-type-variable"},"acf":[],"_links":{"self":[{"href":"https:\/\/hamma-uwt.de\/es\/wp-json\/wp\/v2\/product\/18799","targetHints":{"allow":["GET"]}}],"collection":[{"href":"https:\/\/hamma-uwt.de\/es\/wp-json\/wp\/v2\/product"}],"about":[{"href":"https:\/\/hamma-uwt.de\/es\/wp-json\/wp\/v2\/types\/product"}],"replies":[{"embeddable":true,"href":"https:\/\/hamma-uwt.de\/es\/wp-json\/wp\/v2\/comments?post=18799"}],"wp:featuredmedia":[{"embeddable":true,"href":"https:\/\/hamma-uwt.de\/es\/wp-json\/wp\/v2\/media\/3862"}],"wp:attachment":[{"href":"https:\/\/hamma-uwt.de\/es\/wp-json\/wp\/v2\/media?parent=18799"}],"wp:term":[{"taxonomy":"product_brand","embeddable":true,"href":"https:\/\/hamma-uwt.de\/es\/wp-json\/wp\/v2\/product_brand?post=18799"},{"taxonomy":"product_cat","embeddable":true,"href":"https:\/\/hamma-uwt.de\/es\/wp-json\/wp\/v2\/product_cat?post=18799"},{"taxonomy":"product_tag","embeddable":true,"href":"https:\/\/hamma-uwt.de\/es\/wp-json\/wp\/v2\/product_tag?post=18799"}],"curies":[{"name":"wp","href":"https:\/\/api.w.org\/{rel}","templated":true}]}}