{"id":18811,"date":"2025-07-14T11:22:15","date_gmt":"2025-07-14T09:22:15","guid":{"rendered":"https:\/\/hamma-uwt.de\/produkt\/chip-maxx\/"},"modified":"2025-07-14T11:22:15","modified_gmt":"2025-07-14T09:22:15","slug":"chip-maxx","status":"publish","type":"product","link":"https:\/\/hamma-uwt.de\/es\/produkt\/chip-maxx\/","title":{"rendered":"Chip Maxx"},"content":{"rendered":"<p>Gracias a su potente im\u00e1n y, por tanto, a su gran capacidad de recogida, con el Chip Maxx puedes limpiar el dep\u00f3sito de lubricante refrigerante, la m\u00e1quina y el entorno de trabajo de forma r\u00e1pida, sencilla y fiable. La pr\u00e1ctica empu\u00f1adura te proporciona un agarre firme del Sp\u00e4nemaxx y te permite guiarlo con seguridad hasta las virutas y atraerlas. Tirando de la corredera, el magnetismo desaparece y las virutas atra\u00eddas simplemente caen.   En particular, un dep\u00f3sito de lubricante refrigerante limpio conserva la calidad de tu lubricante refrigerante, te ahorra costes de m\u00e1quinas y herramientas y mantiene higi\u00e9nico tu entorno de trabajo. El Sp\u00e4nemaxx tambi\u00e9n te ayuda a recoger peque\u00f1os objetos magn\u00e9ticos y a separar piezas industriales magn\u00e9ticas y no magn\u00e9ticas.<\/p>\n<p>El Chip Maxx est\u00e1 disponible en cinco longitudes diferentes, para que siempre tengas el Chip Maxx adecuado para tu aplicaci\u00f3n.<\/p>\n","protected":false},"excerpt":{"rendered":"<p>Barra magn\u00e9tica para extraer\/separar piezas magn\u00e9ticas<\/p>\n","protected":false},"featured_media":3833,"comment_status":"closed","ping_status":"closed","template":"","meta":{"_acf_changed":false},"product_brand":[],"product_cat":[1756,1179],"product_tag":[],"class_list":{"0":"post-18811","1":"product","2":"type-product","3":"status-publish","4":"has-post-thumbnail","6":"product_cat-ayudantes-fuertes","7":"product_cat-chip-maxx-y-escoba-magnetica","9":"first","10":"instock","11":"purchasable","12":"product-type-variable"},"acf":[],"_links":{"self":[{"href":"https:\/\/hamma-uwt.de\/es\/wp-json\/wp\/v2\/product\/18811","targetHints":{"allow":["GET"]}}],"collection":[{"href":"https:\/\/hamma-uwt.de\/es\/wp-json\/wp\/v2\/product"}],"about":[{"href":"https:\/\/hamma-uwt.de\/es\/wp-json\/wp\/v2\/types\/product"}],"replies":[{"embeddable":true,"href":"https:\/\/hamma-uwt.de\/es\/wp-json\/wp\/v2\/comments?post=18811"}],"wp:featuredmedia":[{"embeddable":true,"href":"https:\/\/hamma-uwt.de\/es\/wp-json\/wp\/v2\/media\/3833"}],"wp:attachment":[{"href":"https:\/\/hamma-uwt.de\/es\/wp-json\/wp\/v2\/media?parent=18811"}],"wp:term":[{"taxonomy":"product_brand","embeddable":true,"href":"https:\/\/hamma-uwt.de\/es\/wp-json\/wp\/v2\/product_brand?post=18811"},{"taxonomy":"product_cat","embeddable":true,"href":"https:\/\/hamma-uwt.de\/es\/wp-json\/wp\/v2\/product_cat?post=18811"},{"taxonomy":"product_tag","embeddable":true,"href":"https:\/\/hamma-uwt.de\/es\/wp-json\/wp\/v2\/product_tag?post=18811"}],"curies":[{"name":"wp","href":"https:\/\/api.w.org\/{rel}","templated":true}]}}