{"id":18889,"date":"2025-07-14T11:22:19","date_gmt":"2025-07-14T09:22:19","guid":{"rendered":"https:\/\/hamma-uwt.de\/produkt\/carro-de-barriles\/"},"modified":"2025-07-14T11:22:19","modified_gmt":"2025-07-14T09:22:19","slug":"carro-de-barriles","status":"publish","type":"product","link":"https:\/\/hamma-uwt.de\/es\/produkt\/carro-de-barriles\/","title":{"rendered":"Carro de barriles"},"content":{"rendered":"<p>El carro para bidones hace que el llenado de tus m\u00e1quinas sea muy r\u00e1pido, f\u00e1cil y flexible. Puedes trasladar el bid\u00f3n de lubricante refrigerante y la tecnolog\u00eda de mezcla directamente a la m\u00e1quina en un abrir y cerrar de ojos<br \/>\npara llenarlo c\u00f3modamente in situ. Cada carro para bidones tiene ruedas de marcha suave, un soporte seguro para bidones y una capacidad de 220 litros para que el desplazamiento hasta la m\u00e1quina sea sencillo y seguro.  <\/p>\n<p>El carro de tambor puede alojar el Misceo3 (bater\u00eda incluida), dos enrolladores de manguera y un enrollador de cable.<\/p>\n<p>Tus ventajas:<\/p>\n<ul>\n<li>F\u00e1cil de mover gracias a sus ruedas de marcha suave<\/li>\n<li>Dise\u00f1o robusto y de alta calidad<\/li>\n<li>Bandeja recogegotas integrada<\/li>\n<li>F\u00e1cil de limpiar<\/li>\n<li>Idealmente adaptado a tu Misceo<\/li>\n<li>Muchas opciones pr\u00e1cticas<\/li>\n<\/ul>\n","protected":false},"excerpt":{"rendered":"<p>(manual) negro con bandeja recogegotas, correa de seguridad del bid\u00f3n y soporte para MISCEO 3<\/p>\n","protected":false},"featured_media":2029,"comment_status":"closed","ping_status":"closed","template":"","meta":{"_acf_changed":false},"product_brand":[],"product_cat":[1094],"product_tag":[],"class_list":{"0":"post-18889","1":"product","2":"type-product","3":"status-publish","4":"has-post-thumbnail","6":"product_cat-carro-de-barriles","8":"first","9":"instock","10":"purchasable","11":"product-type-simple"},"acf":[],"_links":{"self":[{"href":"https:\/\/hamma-uwt.de\/es\/wp-json\/wp\/v2\/product\/18889","targetHints":{"allow":["GET"]}}],"collection":[{"href":"https:\/\/hamma-uwt.de\/es\/wp-json\/wp\/v2\/product"}],"about":[{"href":"https:\/\/hamma-uwt.de\/es\/wp-json\/wp\/v2\/types\/product"}],"replies":[{"embeddable":true,"href":"https:\/\/hamma-uwt.de\/es\/wp-json\/wp\/v2\/comments?post=18889"}],"wp:featuredmedia":[{"embeddable":true,"href":"https:\/\/hamma-uwt.de\/es\/wp-json\/wp\/v2\/media\/2029"}],"wp:attachment":[{"href":"https:\/\/hamma-uwt.de\/es\/wp-json\/wp\/v2\/media?parent=18889"}],"wp:term":[{"taxonomy":"product_brand","embeddable":true,"href":"https:\/\/hamma-uwt.de\/es\/wp-json\/wp\/v2\/product_brand?post=18889"},{"taxonomy":"product_cat","embeddable":true,"href":"https:\/\/hamma-uwt.de\/es\/wp-json\/wp\/v2\/product_cat?post=18889"},{"taxonomy":"product_tag","embeddable":true,"href":"https:\/\/hamma-uwt.de\/es\/wp-json\/wp\/v2\/product_tag?post=18889"}],"curies":[{"name":"wp","href":"https:\/\/api.w.org\/{rel}","templated":true}]}}