{"id":7557,"date":"2025-07-18T14:40:17","date_gmt":"2025-07-18T12:40:17","guid":{"rendered":"https:\/\/hamma-uwt.de\/gtc\/"},"modified":"2026-03-04T10:46:13","modified_gmt":"2026-03-04T09:46:13","slug":"gtc","status":"publish","type":"page","link":"https:\/\/hamma-uwt.de\/fi\/palvelu\/gtc\/","title":{"rendered":"GTC"},"content":{"rendered":"\t\t<div data-elementor-type=\"wp-page\" data-elementor-id=\"7557\" class=\"elementor elementor-7557 elementor-1659\" data-elementor-post-type=\"page\">\n\t\t\t\t<div class=\"elementor-element elementor-element-b678910 e-flex e-con-boxed e-con e-parent\" data-id=\"b678910\" data-element_type=\"container\" data-e-type=\"container\" data-settings=\"{&quot;jet_parallax_layout_list&quot;:[]}\">\n\t\t\t\t\t<div class=\"e-con-inner\">\n\t\t\t\t<div class=\"elementor-element elementor-element-f307924 elementor-widget elementor-widget-heading\" data-id=\"f307924\" data-element_type=\"widget\" data-e-type=\"widget\" data-widget_type=\"heading.default\">\n\t\t\t\t\t<h2 class=\"elementor-heading-title elementor-size-default\">AGB - Yleiset ehdot<\/h2>\t\t\t\t<\/div>\n\t\t\t\t<div class=\"elementor-element elementor-element-829c0db elementor-widget elementor-widget-text-editor\" data-id=\"829c0db\" data-element_type=\"widget\" data-e-type=\"widget\" data-widget_type=\"text-editor.default\">\n\t\t\t\t\t\t\t\t\t<div class=\"n module-type-header diyfeLiveArea \"><p><span style=\"font-size: 16px;\">Seuraavat ehdot on tarkoitettu kauppiaille heid\u00e4n liiketoimintaansa varten teht\u00e4viin toimituksiin ja palveluihin.<\/span><\/p><\/div><div class=\"n module-type-text diyfeLiveArea \"><p>Toimitukset ja palvelut suoritetaan yksinomaan toimitus- ja maksuehtojemme mukaisesti, jotka asiakas hyv\u00e4ksyy tilausvahvistuksemme vastaanottamisen yhteydess\u00e4, viimeist\u00e4\u00e4n tilattujen tavaroiden vastaanottamisen yhteydess\u00e4. Asiakkaan poikkeavat ostoehdot eiv\u00e4t tule osaksi sopimusta, vaikka tilaus hyv\u00e4ksytt\u00e4isiinkin. Tilaukset, sivusopimukset, muutokset ja muut sopimukset tulevat voimaan vasta, kun olemme vahvistaneet ne kirjallisesti.  <\/p><p>Hinnat: Hinnat: Sovelletaan toimitusp\u00e4iv\u00e4n\u00e4 julkaistuja hintoja ja hintaehtoja. Lis\u00e4ksi perit\u00e4\u00e4n arvonlis\u00e4vero voimassa olevan verokannan mukaan. <\/p><p>R\u00e4\u00e4t\u00e4l\u00f6idyt tuotteet: N\u00e4ytteiden ja r\u00e4\u00e4t\u00e4l\u00f6ityjen tuotteiden osalta, jotka eiv\u00e4t kuulu voimassa olevaan toimitusvalikoimaan, katsotaan sovitun kohtuullisesta yli- tai alimitoituksesta.<\/p><p>Toimitusajat eiv\u00e4t ole sitovia ennen tilauksen hyv\u00e4ksymist\u00e4 - v\u00e4limyynti\u00e4 lukuun ottamatta - ja ne lasketaan tilauksen vastaanottamisesta tai aikaisintaan siit\u00e4, kun tilauksen toteuttamisesta on p\u00e4\u00e4sty lopulliseen sopimukseen ja asiakkaan hankkimat asiakirjat, luvat ja hyv\u00e4ksynn\u00e4t on toimitettu. Jos toimitusaika ilmoitetaan p\u00e4ivin\u00e4, lasketaan vain tavanomaiset ty\u00f6p\u00e4iv\u00e4t. Toimitusaikaa katsotaan noudatetuksi, jos toimituser\u00e4 on l\u00e4htenyt tehtaalta tai l\u00e4hetysvalmiudesta on ilmoitettu sen p\u00e4\u00e4ttymiseen menness\u00e4.  <\/p><p>Toimitusaikoihin vaikuttavat merkitt\u00e4v\u00e4t ennakoimattomat tapahtumat tuotannon aikana ja muut esteet, kuten ylivoimainen este, kuljetusten viiv\u00e4styminen, k\u00e4ytt\u00f6h\u00e4iri\u00f6t tai ty\u00f6taistelut omissa tehtaissamme tai tavarantoimittajiemme tehtaissa.<br>Jos asiakkaalle aiheutuu vahinkoa viiv\u00e4styksest\u00e4, josta olemme t\u00f6rke\u00e4sti vastuussa, h\u00e4nell\u00e4 on oikeus vaatia viiv\u00e4styskorvausta. Korvaus on 1\/2 prosenttia kultakin t\u00e4ydelt\u00e4 viiv\u00e4stysviikolta, kuitenkin yhteens\u00e4 enint\u00e4\u00e4n 5 prosenttia sen toimituksen osan arvosta, jota ei toimiteta ajoissa tai jota ei viiv\u00e4styksen vuoksi voida k\u00e4ytt\u00e4\u00e4 sopimuksen mukaisesti. Muut vaatimukset on suljettu pois.  <\/p><p>Pakkaus: Kertak\u00e4ytt\u00f6pakkaukset, kuten puulaatikot, pahvilaatikot jne. veloitetaan omakustannushintaan, eik\u00e4 niit\u00e4 oteta takaisin. Uudelleenk\u00e4ytett\u00e4v\u00e4t ja verkkolaatikolliset kuormalavat, kuormalavat, joissa on pinontakehykset ja kannet, kontit ja kasetit j\u00e4\u00e4v\u00e4t meid\u00e4n omaisuudeksemme, ja ne on palautettava v\u00e4litt\u00f6m\u00e4sti toimituspaikkaan ilman kustannuksia.<br>Irtotavarapakkaukset sis\u00e4lt\u00e4v\u00e4t hinnastoissa lyijypakkauksina ilmoitetun m\u00e4\u00e4r\u00e4n yksik\u00f6it\u00e4. T\u00e4st\u00e4 poikkeavat m\u00e4\u00e4r\u00e4t tai niiden kerrannaism\u00e4\u00e4r\u00e4t voidaan toimittaa vain yksitt\u00e4ispakkauksissa, mik\u00e4li t\u00e4m\u00e4 ei ole ristiriidassa v\u00e4himm\u00e4istilausm\u00e4\u00e4rien kanssa.  <\/p><p>L\u00e4hetys tapahtuu vastaanottajan kustannuksella ja riskill\u00e4 vapaasti Saksan m\u00e4\u00e4r\u00e4paikkaan, mutta ilman kuljetusmaksuja. Asiakas vastaa pikatavaroiden lis\u00e4kustannuksista ja pienten l\u00e4hetysten kuljetuskustannuksista. L\u00e4hetystavan valinta j\u00e4tet\u00e4\u00e4n toimituspaikan teht\u00e4v\u00e4ksi. Osatoimitukset ovat sallittuja.   <\/p><p>Palautuskonsepti: Jos ostamasi laite on tullut k\u00e4ytt\u00f6ik\u00e4ns\u00e4 p\u00e4\u00e4h\u00e4n etk\u00e4 en\u00e4\u00e4 tarvitse sit\u00e4, voit l\u00e4hett\u00e4\u00e4 sen kohtuullisessa kunnossa seuraavaan osoitteeseen kierr\u00e4tett\u00e4v\u00e4ksi\/h\u00e4vitett\u00e4v\u00e4ksi.  <\/p><p>Armin Hamma Umwelttechnik, s\u00e4hk\u00f6- ja elektroniikkalaiteromun kierr\u00e4tys\/h\u00e4vitt\u00e4minen, Kettelerstra\u00dfe 44-46, D- 78532 Tuttlingen.<\/p><p>Maksamattomia paketteja ei oteta vastaan tai niit\u00e4 otetaan vastaan vain hyv\u00e4ntahtoisesti. Palautettuja tuotteita ei voi en\u00e4\u00e4 vaatia takaisin. <\/p><p> <\/p><p>Maksut suoritetaan p\u00e4\u00e4s\u00e4\u00e4nt\u00f6isesti euroina, lis\u00e4ttyn\u00e4 lakis\u00e4\u00e4teisell\u00e4 arvonlis\u00e4verolla, 7.700,00 E:n nettoarvoon asti v\u00e4litt\u00f6m\u00e4sti, 7.700,00 E:n 1\/3:sta alkaen aina tilausvahvistuksen \/ toimituksen \/ laskun vastaanottamisen yhteydess\u00e4. Ulkomailta maksettaessa maksu on suoritettava arvo- tai ennakkomaksuna.<br>Maksuajan ylittyess\u00e4 perit\u00e4\u00e4n pankkikorkoa.<br>Asiakkaalla ei ole oikeutta pid\u00e4tt\u00e4\u00e4 tai kuitata maksuja vastasaatavia vastaan.<br>Maksun keskeytyess\u00e4 tai asiakkaan ylivelkaantuessa sek\u00e4 sovittujen maksuehtojen laiminly\u00f6dess\u00e4 er\u00e4\u00e4ntyv\u00e4t kaikki saatavamme, joihin meill\u00e4 on oikeus asiakasta vastaan, mukaan lukien vekselisaamiset, v\u00e4litt\u00f6m\u00e4sti. <\/p><p>Omistuksenpid\u00e4tys: Pid\u00e4t\u00e4mme omistusoikeuden kaikkiin toimittamiimme tavaroihin, kunnes olemme maksaneet ne kokonaan: kaikki toimitukset katsotaan yhdeksi toimitukseksi. Jos kyseess\u00e4 on k\u00e4ytt\u00f6tili, pid\u00e4tetty omistusoikeus toimii saldosaatavamme vakuutena. <\/p><p>Jos asiakas yhdist\u00e4\u00e4 tavaramme muiden tavaroiden kanssa yhdeksi tavaraksi, meist\u00e4 tulee uuden tavaran osaomistajia suhteellisesti. Jos asiakas myy toimittamamme tavarat tarkoituksenmukaisesti eteenp\u00e4in, h\u00e4n luovuttaa meille myynnist\u00e4 johtuvat saatavansa asiakkaitaan vastaan kaikkine liit\u00e4nn\u00e4isoikeuksineen, kunnes kaikki saatavamme on kokonaan maksettu. Pyynn\u00f6st\u00e4mme asiakas on velvollinen ilmoittamaan kolmansille ostajillemme siirrosta ja toimittamaan meille oikeuksiemme toteuttamiseksi tarvittavat tiedot ja asiakirjat.  <br>Asiakkaan on ilmoitettava meille v\u00e4litt\u00f6m\u00e4sti omistusoikeuden alaisen tavaran takavarikosta tai kolmannelle osapuolelle tapahtuvasta muusta oikeuksiemme rajoittamisesta.<br>Vapautamme hallussamme olevat arvopaperit silt\u00e4 osin kuin niiden arvo ylitt\u00e4\u00e4 vakuutena olevat saamiset yhteens\u00e4 yli 25 prosentilla.<br>Jos omistusoikeuden pid\u00e4tys ei ole oikeudellisista syist\u00e4 t\u00e4ysin p\u00e4tev\u00e4 t\u00e4ss\u00e4 muodossa, asiakas on velvollinen varmistamaan tavarasaatavamme vastaavalla oikeudellisesti p\u00e4tev\u00e4ll\u00e4 tavalla ja toimimaan yhteisty\u00f6ss\u00e4 tarvittavissa toimenpiteiss\u00e4.<\/p><p>Takuu: Jos toimitukset ovat todistettavasti kokonaan tai osittain k\u00e4ytt\u00f6kelvottomia vastuullamme olevien vikojen tai nimenomaisesti taattujen ominaisuuksien puuttumisen vuoksi, korjataan tavarat harkintamme mukaan ja taloudelliset ja tekniset n\u00e4k\u00f6kohdat huomioon ottaen joko maksutta, toimitetaan uusi toimitus tai alennetaan myyntihintaa. Korjauksesta tai korvaavasta toimituksesta aiheutuvista v\u00e4litt\u00f6mist\u00e4 kustannuksista me vastaamme korjaus- tai korvaavan tavaran kustannuksista, mukaan lukien kuljetuskustannukset, sek\u00e4 kohtuullisista irrotus- ja asennuskustannuksista, jotka perustuvat viallisen toimituksen tavaran arvoon, sik\u00e4li kuin ne koskevat Saksaa. Viallisen tavaran palauttamisesta aiheutuvat rahtikulut korvataan vain, jos palautus tapahtuu nimenomaisesta pyynn\u00f6st\u00e4mme.  <\/p><p>Muussa tapauksessa asiakas vastaa kustannuksista.<br>Takuu kest\u00e4\u00e4 12 kuukautta toimitusp\u00e4iv\u00e4st\u00e4. J\u00e4lkiparannuksen ja korvaavan toimituksen osalta takuuaikaa pidennet\u00e4\u00e4n vain sill\u00e4 ajalla, jonka aikana toimituser\u00e4\u00e4 ei voida k\u00e4ytt\u00e4\u00e4. Kuluvat osat eiv\u00e4t kuulu t\u00e4m\u00e4n m\u00e4\u00e4r\u00e4yksen piiriin.<br>Tunnistettavista kuljetusvaurioista ja kaikista muista vioista on ilmoitettava meille v\u00e4litt\u00f6m\u00e4sti 8 p\u00e4iv\u00e4n kuluessa niiden havaitsemisesta.<br>Voimme kielt\u00e4yty\u00e4 t\u00e4ytt\u00e4m\u00e4st\u00e4 takuuvaatimuksia, jos meille ei ilmoiteta vioista hyviss\u00e4 ajoin. Sama p\u00e4tee, jos meille ei anneta tarvittavaa aikaa ja mahdollisuutta ryhty\u00e4 kaikkiin tarpeellisiksi katsomiimme toimenpiteisiin kohtuullisen harkintamme mukaan. Ainoastaan kiireellisiss\u00e4 tapauksissa, joissa asiakkaan k\u00e4ytt\u00f6turvallisuus on vaarassa, ja suhteettoman suurten vahinkojen v\u00e4ltt\u00e4miseksi, jolloin asiasta on ilmoitettava meille v\u00e4litt\u00f6m\u00e4sti, tai jos olemme laiminly\u00f6neet vian korjaamisen, asiakkaalla on oikeus korjata vika itse tai antaa se kolmannen osapuolen korjattavaksi ja vaatia meilt\u00e4 korvausta takuun perusteella korvattavista kustannuksista.    <\/p><p>Liit\u00e4nn\u00e4isvelvoitteet ja neuvonta: Tarjoamme sopimukseen liittyvi\u00e4 liit\u00e4nn\u00e4ispalveluja (esim. huolto-ohjeita) ja neuvontaa, sik\u00e4li kuin ne liittyv\u00e4t toimitettavaan tuotteeseen, huolellisesti ja parhaan tiet\u00e4myksemme mukaan kulloisenkin tekniikan tason ja asiakkaan meille m\u00e4\u00e4rittelemien k\u00e4ytt\u00f6ehtojen mukaisesti; takuun ja mahdollisten laiminly\u00f6ntien osalta sovelletaan edell\u00e4 mainittuja ehtoja soveltuvin osin.<br>Pelk\u00e4t suositukset eiv\u00e4t ole sitovia. Luettelo ja luettelomerkinn\u00e4t eiv\u00e4t ole takuu ominaisuuksista. <\/p><p>Vastuu: Asiakkaan muut vaatimukset, erityisesti korvausvaatimukset vahingoista, joita ei ole aiheutunut itse toimituksen kohteelle tai jotka perustuvat omistusoikeuden loukkaukseen, suljetaan pois lain sallimissa rajoissa. T\u00e4m\u00e4 koskee my\u00f6s luvattomia toimia. <\/p><p>Peruuttaminen: Jos sopimuksen tai takuuvaatimusten t\u00e4ytt\u00e4minen on mahdotonta tai jos olemme syyllisesti viivytt\u00e4neet sit\u00e4 yli kohtuullisen m\u00e4\u00e4r\u00e4ajan, asiakas voi peruuttaa sopimuksen. Kaikki muut asiakkaan vaatimukset meit\u00e4, sijaisagenttejamme tai t\u00e4ytt\u00e4ji\u00e4 kohtaan, erityisesti kaikenlaiset vahingonkorvausvaatimukset ja kaikki oikeudelliset perusteet, on suljettu pois. <\/p><p>Oikeuspaikka: Toimittajan tehdas on toimitus- ja maksupaikka. Kaikkien sopimussuhteesta johtuvien riitojen osalta kanne on nostettava toimituksen suorittavan toimittajan p\u00e4\u00e4konttorin tai sivukonttorin toimivaltaisessa tuomioistuimessa. Toimittajalla on my\u00f6s oikeus nostaa kanne asiakkaan p\u00e4\u00e4konttorissa.  <\/p><p> <\/p><p> <\/p><p>Tilanne: 12.01.2023<\/p><\/div>\t\t\t\t\t\t\t\t<\/div>\n\t\t\t\t\t<\/div>\n\t\t\t\t<\/div>\n\t\t\t\t<\/div>\n\t\t","protected":false},"excerpt":{"rendered":"<p>AGB - Yleiset ehdot Seuraavat ehdot on tarkoitettu kauppiaille heid\u00e4n liiketoimintaansa varten teht\u00e4viin toimituksiin ja palveluihin. Toimitukset ja palvelut suoritetaan yksinomaan toimitus- ja maksuehtojemme mukaisesti, jotka asiakas hyv\u00e4ksyy tilausvahvistuksemme vastaanottamisen yhteydess\u00e4, viimeist\u00e4\u00e4n tilattujen tavaroiden vastaanottamisen yhteydess\u00e4. Asiakkaan poikkeavat ostoehdot eiv\u00e4t tule osaksi sopimusta, vaikka tilaus hyv\u00e4ksytt\u00e4isiinkin. Tilaukset, sivusopimukset, muutokset ja muut sopimukset tulevat voimaan vasta, [&hellip;]<\/p>\n","protected":false},"author":3,"featured_media":0,"parent":8093,"menu_order":0,"comment_status":"closed","ping_status":"closed","template":"","meta":{"_acf_changed":false,"footnotes":""},"class_list":["post-7557","page","type-page","status-publish","hentry"],"acf":[],"_links":{"self":[{"href":"https:\/\/hamma-uwt.de\/fi\/wp-json\/wp\/v2\/pages\/7557","targetHints":{"allow":["GET"]}}],"collection":[{"href":"https:\/\/hamma-uwt.de\/fi\/wp-json\/wp\/v2\/pages"}],"about":[{"href":"https:\/\/hamma-uwt.de\/fi\/wp-json\/wp\/v2\/types\/page"}],"author":[{"embeddable":true,"href":"https:\/\/hamma-uwt.de\/fi\/wp-json\/wp\/v2\/users\/3"}],"replies":[{"embeddable":true,"href":"https:\/\/hamma-uwt.de\/fi\/wp-json\/wp\/v2\/comments?post=7557"}],"version-history":[{"count":1,"href":"https:\/\/hamma-uwt.de\/fi\/wp-json\/wp\/v2\/pages\/7557\/revisions"}],"predecessor-version":[{"id":7558,"href":"https:\/\/hamma-uwt.de\/fi\/wp-json\/wp\/v2\/pages\/7557\/revisions\/7558"}],"up":[{"embeddable":true,"href":"https:\/\/hamma-uwt.de\/fi\/wp-json\/wp\/v2\/pages\/8093"}],"wp:attachment":[{"href":"https:\/\/hamma-uwt.de\/fi\/wp-json\/wp\/v2\/media?parent=7557"}],"curies":[{"name":"wp","href":"https:\/\/api.w.org\/{rel}","templated":true}]}}