{"id":8045,"date":"2025-04-11T13:47:06","date_gmt":"2025-04-11T11:47:06","guid":{"rendered":"https:\/\/hamma-uwt.de\/jaetehuolto\/"},"modified":"2026-03-04T10:45:46","modified_gmt":"2026-03-04T09:45:46","slug":"jaetehuolto","status":"publish","type":"page","link":"https:\/\/hamma-uwt.de\/fi\/jaetehuolto\/","title":{"rendered":"J\u00e4tehuolto"},"content":{"rendered":"\t\t<div data-elementor-type=\"wp-page\" data-elementor-id=\"8045\" class=\"elementor elementor-8045 elementor-33\" data-elementor-post-type=\"page\">\n\t\t\t\t<div class=\"elementor-element elementor-element-0562d8c e-flex e-con-boxed e-con e-parent\" data-id=\"0562d8c\" data-element_type=\"container\" data-e-type=\"container\" data-settings=\"{&quot;background_background&quot;:&quot;classic&quot;,&quot;jet_parallax_layout_list&quot;:[]}\">\n\t\t\t\t\t<div class=\"e-con-inner\">\n\t\t<div class=\"elementor-element elementor-element-6863982 e-con-full e-flex e-con e-child\" data-id=\"6863982\" data-element_type=\"container\" data-e-type=\"container\" data-settings=\"{&quot;jet_parallax_layout_list&quot;:[]}\">\n\t\t\t\t<div class=\"elementor-element elementor-element-b4a9ebb elementor-widget elementor-widget-heading\" data-id=\"b4a9ebb\" data-element_type=\"widget\" data-e-type=\"widget\" data-widget_type=\"heading.default\">\n\t\t\t\t\t<h1 class=\"elementor-heading-title elementor-size-default\">Kierr\u00e4tys ja h\u00e4vitt\u00e4minen\n<\/h1>\t\t\t\t<\/div>\n\t\t\t\t<div class=\"elementor-element elementor-element-83a3a0b elementor-widget elementor-widget-text-editor\" data-id=\"83a3a0b\" data-element_type=\"widget\" data-e-type=\"widget\" data-widget_type=\"text-editor.default\">\n\t\t\t\t\t\t\t\t\t<p><strong>Vastuullinen valmistus<\/strong><\/p><p>J\u00e4\u00e4hdytysvoitelutekniikan valmistajana olemme tietoisia vastuustamme. Valmistamme, pakkaamme, kierr\u00e4t\u00e4mme ja h\u00e4vit\u00e4mme tuotteemme suurella henkil\u00f6kohtaisella vastuulla, moraalisesti ja mahdollisimman kest\u00e4v\u00e4ll\u00e4 tavalla. Auta meit\u00e4 pit\u00e4m\u00e4\u00e4n kierr\u00e4tett\u00e4v\u00e4t materiaalit kierrossa.  <\/p>\t\t\t\t\t\t\t\t<\/div>\n\t\t\t\t<div class=\"elementor-element elementor-element-e178daf elementor-widget elementor-widget-text-editor\" data-id=\"e178daf\" data-element_type=\"widget\" data-e-type=\"widget\" data-widget_type=\"text-editor.default\">\n\t\t\t\t\t\t\t\t\t<p><strong>Yhdess\u00e4 terveen ja kest\u00e4v\u00e4n tulevaisuuden puolesta.<\/strong><\/p>\t\t\t\t\t\t\t\t<\/div>\n\t\t\t\t<\/div>\n\t\t\t\t\t<\/div>\n\t\t\t\t<\/div>\n\t\t<div class=\"elementor-element elementor-element-8f43e42 e-flex e-con-boxed e-con e-parent\" data-id=\"8f43e42\" data-element_type=\"container\" data-e-type=\"container\" data-settings=\"{&quot;jet_parallax_layout_list&quot;:[]}\">\n\t\t\t\t\t<div class=\"e-con-inner\">\n\t\t<div class=\"elementor-element elementor-element-ff5ee9e e-con-full e-flex e-con e-child\" data-id=\"ff5ee9e\" data-element_type=\"container\" data-e-type=\"container\" data-settings=\"{&quot;jet_parallax_layout_list&quot;:[]}\">\n\t\t\t\t<div class=\"elementor-element elementor-element-0964308 elementor-widget elementor-widget-heading\" data-id=\"0964308\" data-element_type=\"widget\" data-e-type=\"widget\" data-widget_type=\"heading.default\">\n\t\t\t\t\t<h2 class=\"elementor-heading-title elementor-size-default\">WEEE - S\u00e4hk\u00f6- ja elektroniikkalaiteromu (s\u00e4hk\u00f6- ja elektroniikkalaiteromu)<\/h2>\t\t\t\t<\/div>\n\t\t\t\t<\/div>\n\t\t\t\t\t<\/div>\n\t\t\t\t<\/div>\n\t\t<div class=\"elementor-element elementor-element-a3fef75 e-flex e-con-boxed e-con e-parent\" data-id=\"a3fef75\" data-element_type=\"container\" data-e-type=\"container\" data-settings=\"{&quot;jet_parallax_layout_list&quot;:[]}\">\n\t\t\t\t\t<div class=\"e-con-inner\">\n\t\t<div class=\"elementor-element elementor-element-c45246c e-con-full e-flex e-con e-child\" data-id=\"c45246c\" data-element_type=\"container\" data-e-type=\"container\" data-settings=\"{&quot;jet_parallax_layout_list&quot;:[]}\">\n\t\t\t\t<div class=\"elementor-element elementor-element-02b0f6c elementor-widget elementor-widget-text-editor\" data-id=\"02b0f6c\" data-element_type=\"widget\" data-e-type=\"widget\" data-widget_type=\"text-editor.default\">\n\t\t\t\t\t\t\t\t\t<p data-start=\"310\" data-end=\"471\">tiedot<\/p>\t\t\t\t\t\t\t\t<\/div>\n\t\t\t\t<div class=\"elementor-element elementor-element-0fdc2f9 elementor-widget elementor-widget-text-editor\" data-id=\"0fdc2f9\" data-element_type=\"widget\" data-e-type=\"widget\" data-widget_type=\"text-editor.default\">\n\t\t\t\t\t\t\t\t\t<p>Yritys: Armin Hamma Umwelttechnik<br>Rekisterinumero: DE11730451.<\/p><p>Laitetyyppi: Pienet kodinkoneet, joita k\u00e4ytet\u00e4\u00e4n yksinomaan muissa kotitalouksissa kuin yksityistalouksissa<br>Luetteloitu alkaen: 08\/02\/2023<\/p><p>Laitetyyppi: Suuret kodinkoneet, jotka on tarkoitettu k\u00e4ytett\u00e4viksi yksinomaan muissa kotitalouksissa kuin yksityistalouksissa<br>Luetteloitu: 23\/03\/2023 alkaen.<\/p>\t\t\t\t\t\t\t\t<\/div>\n\t\t\t\t<div class=\"elementor-element elementor-element-78a2c2e elementor-widget elementor-widget-spacer\" data-id=\"78a2c2e\" data-element_type=\"widget\" data-e-type=\"widget\" data-widget_type=\"spacer.default\">\n\t\t\t\t\t\t\t<div class=\"elementor-spacer\">\n\t\t\t<div class=\"elementor-spacer-inner\"><\/div>\n\t\t<\/div>\n\t\t\t\t\t\t<\/div>\n\t\t\t\t<div class=\"elementor-element elementor-element-eacc8be elementor-widget elementor-widget-text-editor\" data-id=\"eacc8be\" data-element_type=\"widget\" data-e-type=\"widget\" data-widget_type=\"text-editor.default\">\n\t\t\t\t\t\t\t\t\t<p data-start=\"310\" data-end=\"471\">Paikka<\/p>\t\t\t\t\t\t\t\t<\/div>\n\t\t\t\t<div class=\"elementor-element elementor-element-a613123 elementor-widget elementor-widget-text-editor\" data-id=\"a613123\" data-element_type=\"widget\" data-e-type=\"widget\" data-widget_type=\"text-editor.default\">\n\t\t\t\t\t\t\t\t\t<p>Stiftung elektro-altger\u00e4te register<br>Nordostpark 72<br>90411 Nuremberg<br>Germany<\/p><p><a href=\"https:\/\/www.stiftung-ear.de\" target=\"_blank\" rel=\"noopener\">www.stiftung-ear.de<\/a><\/p>\t\t\t\t\t\t\t\t<\/div>\n\t\t\t\t<div class=\"elementor-element elementor-element-6954829 elementor-widget elementor-widget-spacer\" data-id=\"6954829\" data-element_type=\"widget\" data-e-type=\"widget\" data-widget_type=\"spacer.default\">\n\t\t\t\t\t\t\t<div class=\"elementor-spacer\">\n\t\t\t<div class=\"elementor-spacer-inner\"><\/div>\n\t\t<\/div>\n\t\t\t\t\t\t<\/div>\n\t\t\t\t<div class=\"elementor-element elementor-element-a444610 elementor-widget elementor-widget-text-editor\" data-id=\"a444610\" data-element_type=\"widget\" data-e-type=\"widget\" data-widget_type=\"text-editor.default\">\n\t\t\t\t\t\t\t\t\t<p data-start=\"310\" data-end=\"471\">Lyhyet tiedot<\/p>\t\t\t\t\t\t\t\t<\/div>\n\t\t\t\t<div class=\"elementor-element elementor-element-8c771be elementor-widget elementor-widget-text-editor\" data-id=\"8c771be\" data-element_type=\"widget\" data-e-type=\"widget\" data-widget_type=\"text-editor.default\">\n\t\t\t\t\t\t\t\t\t<p>S\u00e4hk\u00f6- ja elektroniikkalaiteromudirektiivin tavoitteena on ehk\u00e4ist\u00e4 s\u00e4hk\u00f6- ja elektroniikkalaiteromun syntymist\u00e4 ja v\u00e4hent\u00e4\u00e4 sit\u00e4 uudelleenk\u00e4yt\u00f6n, kierr\u00e4tyksen ja muiden hy\u00f6dynt\u00e4mistapojen avulla. Siin\u00e4 asetetaan v\u00e4himm\u00e4isvaatimukset s\u00e4hk\u00f6- ja elektroniikkalaiteromun k\u00e4sittelylle EU:ssa, jotta voidaan edist\u00e4\u00e4 kest\u00e4v\u00e4\u00e4 kehityst\u00e4 pitk\u00e4ll\u00e4 aikav\u00e4lill\u00e4. <\/p>\t\t\t\t\t\t\t\t<\/div>\n\t\t\t\t<div class=\"elementor-element elementor-element-5a4880c elementor-widget elementor-widget-spacer\" data-id=\"5a4880c\" data-element_type=\"widget\" data-e-type=\"widget\" data-widget_type=\"spacer.default\">\n\t\t\t\t\t\t\t<div class=\"elementor-spacer\">\n\t\t\t<div class=\"elementor-spacer-inner\"><\/div>\n\t\t<\/div>\n\t\t\t\t\t\t<\/div>\n\t\t\t\t<div class=\"elementor-element elementor-element-4648746 elementor-widget elementor-widget-text-editor\" data-id=\"4648746\" data-element_type=\"widget\" data-e-type=\"widget\" data-widget_type=\"text-editor.default\">\n\t\t\t\t\t\t\t\t\t<p data-start=\"310\" data-end=\"471\">Takaisinoton k\u00e4site<\/p>\t\t\t\t\t\t\t\t<\/div>\n\t\t\t\t<div class=\"elementor-element elementor-element-6744383 elementor-widget elementor-widget-text-editor\" data-id=\"6744383\" data-element_type=\"widget\" data-e-type=\"widget\" data-widget_type=\"text-editor.default\">\n\t\t\t\t\t\t\t\t\t<p>Jos ostamasi laite on tullut k\u00e4ytt\u00f6ik\u00e4ns\u00e4 p\u00e4\u00e4h\u00e4n etk\u00e4 en\u00e4\u00e4 tarvitse sit\u00e4, voit l\u00e4hett\u00e4\u00e4 sen kohtuullisessa kunnossa seuraavaan osoitteeseen kierr\u00e4tett\u00e4v\u00e4ksi\/h\u00e4vitett\u00e4v\u00e4ksi.  <\/p>\t\t\t\t\t\t\t\t<\/div>\n\t\t\t\t<\/div>\n\t\t<div class=\"elementor-element elementor-element-47babaa e-con-full e-flex e-con e-child\" data-id=\"47babaa\" data-element_type=\"container\" data-e-type=\"container\" data-settings=\"{&quot;jet_parallax_layout_list&quot;:[]}\">\n\t\t<div class=\"elementor-element elementor-element-188eee5 e-con-full e-flex e-con e-child\" data-id=\"188eee5\" data-element_type=\"container\" data-e-type=\"container\" data-settings=\"{&quot;background_background&quot;:&quot;classic&quot;,&quot;jet_parallax_layout_list&quot;:[]}\">\n\t\t\t\t<div class=\"elementor-element elementor-element-91e3af9 elementor-widget elementor-widget-heading\" data-id=\"91e3af9\" data-element_type=\"widget\" data-e-type=\"widget\" data-widget_type=\"heading.default\">\n\t\t\t\t\t<h3 class=\"elementor-heading-title elementor-size-default\">Lataukset<\/h3>\t\t\t\t<\/div>\n\t\t\t\t<div class=\"elementor-element elementor-element-95b0713 elementor-align-justify ham-btn elementor-widget elementor-widget-button\" data-id=\"95b0713\" data-element_type=\"widget\" data-e-type=\"widget\" data-widget_type=\"button.default\">\n\t\t\t\t\t\t\t\t\t\t<a class=\"elementor-button elementor-button-link elementor-size-sm\" href=\"https:\/\/hamma-uwt.de\/wp-content\/uploads\/Information-zu-WEEE-Stand-B-08.02.2023.pdf\" target=\"_blank\">\n\t\t\t\t\t\t<span class=\"elementor-button-content-wrapper\">\n\t\t\t\t\t\t\t\t\t<span class=\"elementor-button-text\">Tietoa s\u00e4hk\u00f6- ja elektroniikkalaiteromusta<\/span>\n\t\t\t\t\t<\/span>\n\t\t\t\t\t<\/a>\n\t\t\t\t\t\t\t\t<\/div>\n\t\t\t\t<div class=\"elementor-element elementor-element-866a5db elementor-align-justify ham-btn elementor-widget elementor-widget-button\" data-id=\"866a5db\" data-element_type=\"widget\" data-e-type=\"widget\" data-widget_type=\"button.default\">\n\t\t\t\t\t\t\t\t\t\t<a class=\"elementor-button elementor-button-link elementor-size-sm\" href=\"https:\/\/hamma-uwt.de\/wp-content\/uploads\/Zusatzinformationen-AKKU_BATTERIE-zu-WEEE-Stand-A-22.02.2023.pdf\" target=\"_blank\">\n\t\t\t\t\t\t<span class=\"elementor-button-content-wrapper\">\n\t\t\t\t\t\t\t\t\t<span class=\"elementor-button-text\">Lis\u00e4tietoja ladattavasta akusta ja paristosta<\/span>\n\t\t\t\t\t<\/span>\n\t\t\t\t\t<\/a>\n\t\t\t\t\t\t\t\t<\/div>\n\t\t\t\t<div class=\"elementor-element elementor-element-0a6acf8 elementor-align-justify ham-btn elementor-widget elementor-widget-button\" data-id=\"0a6acf8\" data-element_type=\"widget\" data-e-type=\"widget\" data-widget_type=\"button.default\">\n\t\t\t\t\t\t\t\t\t\t<a class=\"elementor-button elementor-button-link elementor-size-sm\" href=\"https:\/\/hamma-uwt.de\/wp-content\/uploads\/Geraeteruecksendeschein-WEEE-A.docx\" target=\"_blank\">\n\t\t\t\t\t\t<span class=\"elementor-button-content-wrapper\">\n\t\t\t\t\t\t\t\t\t<span class=\"elementor-button-text\">  Laitteiden palautusetiketti<\/span>\n\t\t\t\t\t<\/span>\n\t\t\t\t\t<\/a>\n\t\t\t\t\t\t\t\t<\/div>\n\t\t\t\t<\/div>\n\t\t\t\t<\/div>\n\t\t\t\t\t<\/div>\n\t\t\t\t<\/div>\n\t\t<div class=\"elementor-element elementor-element-d8d7da7 e-flex e-con-boxed e-con e-parent\" data-id=\"d8d7da7\" data-element_type=\"container\" data-e-type=\"container\" data-settings=\"{&quot;jet_parallax_layout_list&quot;:[]}\">\n\t\t\t\t\t<div class=\"e-con-inner\">\n\t\t<div class=\"elementor-element elementor-element-b0f83d9 e-con-full e-flex e-con e-child\" data-id=\"b0f83d9\" data-element_type=\"container\" data-e-type=\"container\" data-settings=\"{&quot;jet_parallax_layout_list&quot;:[]}\">\n\t\t\t\t<div class=\"elementor-element elementor-element-cf7e074 elementor-widget elementor-widget-heading\" data-id=\"cf7e074\" data-element_type=\"widget\" data-e-type=\"widget\" data-widget_type=\"heading.default\">\n\t\t\t\t\t<h2 class=\"elementor-heading-title elementor-size-default\">LUCID - Pakkausrekisteri<\/h2>\t\t\t\t<\/div>\n\t\t\t\t<\/div>\n\t\t\t\t\t<\/div>\n\t\t\t\t<\/div>\n\t\t<div class=\"elementor-element elementor-element-4a0e277 e-flex e-con-boxed e-con e-parent\" data-id=\"4a0e277\" data-element_type=\"container\" data-e-type=\"container\" data-settings=\"{&quot;jet_parallax_layout_list&quot;:[]}\">\n\t\t\t\t\t<div class=\"e-con-inner\">\n\t\t<div class=\"elementor-element elementor-element-ce060bc e-con-full e-flex e-con e-child\" data-id=\"ce060bc\" data-element_type=\"container\" data-e-type=\"container\" data-settings=\"{&quot;jet_parallax_layout_list&quot;:[]}\">\n\t\t\t\t<div class=\"elementor-element elementor-element-03a2ad0 elementor-widget elementor-widget-text-editor\" data-id=\"03a2ad0\" data-element_type=\"widget\" data-e-type=\"widget\" data-widget_type=\"text-editor.default\">\n\t\t\t\t\t\t\t\t\t<p data-start=\"310\" data-end=\"471\">tiedot<\/p>\t\t\t\t\t\t\t\t<\/div>\n\t\t\t\t<div class=\"elementor-element elementor-element-5214613 elementor-widget elementor-widget-text-editor\" data-id=\"5214613\" data-element_type=\"widget\" data-e-type=\"widget\" data-widget_type=\"text-editor.default\">\n\t\t\t\t\t\t\t\t\t<p>Yritys: Armin Hamma Umwelttechnik<br>Hallinnoitu: 01.07.2022<br>Rekisterinumero: DE3537499563444.<\/p>\t\t\t\t\t\t\t\t<\/div>\n\t\t\t\t<div class=\"elementor-element elementor-element-9255b58 elementor-widget elementor-widget-spacer\" data-id=\"9255b58\" data-element_type=\"widget\" data-e-type=\"widget\" data-widget_type=\"spacer.default\">\n\t\t\t\t\t\t\t<div class=\"elementor-spacer\">\n\t\t\t<div class=\"elementor-spacer-inner\"><\/div>\n\t\t<\/div>\n\t\t\t\t\t\t<\/div>\n\t\t\t\t<div class=\"elementor-element elementor-element-71101d6 elementor-widget elementor-widget-text-editor\" data-id=\"71101d6\" data-element_type=\"widget\" data-e-type=\"widget\" data-widget_type=\"text-editor.default\">\n\t\t\t\t\t\t\t\t\t<p data-start=\"310\" data-end=\"471\">Paikka<\/p>\t\t\t\t\t\t\t\t<\/div>\n\t\t\t\t<div class=\"elementor-element elementor-element-b20574a elementor-widget elementor-widget-text-editor\" data-id=\"b20574a\" data-element_type=\"widget\" data-e-type=\"widget\" data-widget_type=\"text-editor.default\">\n\t\t\t\t\t\t\t\t\t<p>Stiftung Zentrale<br>Stelle Verpackungsregister<br>\u00d6wer de Hase 18<br>49074 Osnabr\u00fcck<br>Germany<\/p><p><a href=\"https:\/\/lucid.verpackungsregister.org\/\" target=\"_blank\" rel=\"noopener\">lucid.verpackungsregister.org<\/a><\/p>\t\t\t\t\t\t\t\t<\/div>\n\t\t\t\t<div class=\"elementor-element elementor-element-6d41bb5 elementor-widget elementor-widget-spacer\" data-id=\"6d41bb5\" data-element_type=\"widget\" data-e-type=\"widget\" data-widget_type=\"spacer.default\">\n\t\t\t\t\t\t\t<div class=\"elementor-spacer\">\n\t\t\t<div class=\"elementor-spacer-inner\"><\/div>\n\t\t<\/div>\n\t\t\t\t\t\t<\/div>\n\t\t\t\t<div class=\"elementor-element elementor-element-cdf5182 elementor-widget elementor-widget-text-editor\" data-id=\"cdf5182\" data-element_type=\"widget\" data-e-type=\"widget\" data-widget_type=\"text-editor.default\">\n\t\t\t\t\t\t\t\t\t<p data-start=\"310\" data-end=\"471\">Lyhyet tiedot<\/p>\t\t\t\t\t\t\t\t<\/div>\n\t\t\t\t<div class=\"elementor-element elementor-element-1f3c1f7 elementor-widget elementor-widget-text-editor\" data-id=\"1f3c1f7\" data-element_type=\"widget\" data-e-type=\"widget\" data-widget_type=\"text-editor.default\">\n\t\t\t\t\t\t\t\t\t<p>Pakkauslain muutokset tulivat voimaan 1. hein\u00e4kuuta 2022: Kaikenlaisten tavaroilla t\u00e4ytettyjen pakkausten (mukaan lukien kuljetuspakkaukset ja palautus- ja\/tai panttipakkaukset) alkuper\u00e4isten jakelijoiden on rekister\u00f6idytt\u00e4v\u00e4 ja annettava tietoja k\u00e4ytt\u00e4mist\u00e4\u00e4n pakkauksista. Rekister\u00f6intivelvollisuus on uusi my\u00f6s t\u00e4ytettyjen palvelupakkausten loppujakelijoille, vaikka ne ostaisivat n\u00e4m\u00e4 pakkaukset t\u00e4ydell\u00e4 j\u00e4rjestelm\u00e4osallistumisella. <\/p>\t\t\t\t\t\t\t\t<\/div>\n\t\t\t\t<\/div>\n\t\t\t\t\t<\/div>\n\t\t\t\t<\/div>\n\t\t<div class=\"elementor-element elementor-element-0d31ed4 e-flex e-con-boxed e-con e-parent\" data-id=\"0d31ed4\" data-element_type=\"container\" data-e-type=\"container\" data-settings=\"{&quot;jet_parallax_layout_list&quot;:[]}\">\n\t\t\t\t\t<div class=\"e-con-inner\">\n\t\t<div class=\"elementor-element elementor-element-1e418ce e-con-full e-flex e-con e-child\" data-id=\"1e418ce\" data-element_type=\"container\" data-e-type=\"container\" data-settings=\"{&quot;jet_parallax_layout_list&quot;:[]}\">\n\t\t\t\t<div class=\"elementor-element elementor-element-30a8a44 elementor-widget elementor-widget-heading\" data-id=\"30a8a44\" data-element_type=\"widget\" data-e-type=\"widget\" data-widget_type=\"heading.default\">\n\t\t\t\t\t<h2 class=\"elementor-heading-title elementor-size-default\">RESY - Kierr\u00e4tysj\u00e4rjestelm\u00e4<\/h2>\t\t\t\t<\/div>\n\t\t\t\t<\/div>\n\t\t\t\t\t<\/div>\n\t\t\t\t<\/div>\n\t\t<div class=\"elementor-element elementor-element-2605009 e-flex e-con-boxed e-con e-parent\" data-id=\"2605009\" data-element_type=\"container\" data-e-type=\"container\" data-settings=\"{&quot;jet_parallax_layout_list&quot;:[]}\">\n\t\t\t\t\t<div class=\"e-con-inner\">\n\t\t<div class=\"elementor-element elementor-element-84ebf54 e-con-full e-flex e-con e-child\" data-id=\"84ebf54\" data-element_type=\"container\" data-e-type=\"container\" data-settings=\"{&quot;jet_parallax_layout_list&quot;:[]}\">\n\t\t\t\t<div class=\"elementor-element elementor-element-243ac10 elementor-widget elementor-widget-text-editor\" data-id=\"243ac10\" data-element_type=\"widget\" data-e-type=\"widget\" data-widget_type=\"text-editor.default\">\n\t\t\t\t\t\t\t\t\t<p data-start=\"310\" data-end=\"471\">tiedot<\/p>\t\t\t\t\t\t\t\t<\/div>\n\t\t\t\t<div class=\"elementor-element elementor-element-68ce619 elementor-widget elementor-widget-text-editor\" data-id=\"68ce619\" data-element_type=\"widget\" data-e-type=\"widget\" data-widget_type=\"text-editor.default\">\n\t\t\t\t\t\t\t\t\t<p>Yritys: Armin Hamma Umwelttechnik<\/p>\t\t\t\t\t\t\t\t<\/div>\n\t\t\t\t<div class=\"elementor-element elementor-element-8cd2d58 elementor-widget elementor-widget-spacer\" data-id=\"8cd2d58\" data-element_type=\"widget\" data-e-type=\"widget\" data-widget_type=\"spacer.default\">\n\t\t\t\t\t\t\t<div class=\"elementor-spacer\">\n\t\t\t<div class=\"elementor-spacer-inner\"><\/div>\n\t\t<\/div>\n\t\t\t\t\t\t<\/div>\n\t\t\t\t<div class=\"elementor-element elementor-element-673f050 elementor-widget elementor-widget-text-editor\" data-id=\"673f050\" data-element_type=\"widget\" data-e-type=\"widget\" data-widget_type=\"text-editor.default\">\n\t\t\t\t\t\t\t\t\t<p data-start=\"310\" data-end=\"471\">Paikka<\/p>\t\t\t\t\t\t\t\t<\/div>\n\t\t\t\t<div class=\"elementor-element elementor-element-0eac4fc elementor-widget elementor-widget-text-editor\" data-id=\"0eac4fc\" data-element_type=\"widget\" data-e-type=\"widget\" data-widget_type=\"text-editor.default\">\n\t\t\t\t\t\t\t\t\t<p>RESY<br>Organisation f\u00fcr Wertstoffentsorgung GmbH<br>Hilpertstra\u00dfe 22<br>64295 Darmstadt<br>Germany<\/p><p><a href=\"https:\/\/www.resy.de\" target=\"_blank\" rel=\"noopener\">www.resy.de<\/a><\/p>\t\t\t\t\t\t\t\t<\/div>\n\t\t\t\t<div class=\"elementor-element elementor-element-80209fd elementor-widget elementor-widget-spacer\" data-id=\"80209fd\" data-element_type=\"widget\" data-e-type=\"widget\" data-widget_type=\"spacer.default\">\n\t\t\t\t\t\t\t<div class=\"elementor-spacer\">\n\t\t\t<div class=\"elementor-spacer-inner\"><\/div>\n\t\t<\/div>\n\t\t\t\t\t\t<\/div>\n\t\t\t\t<div class=\"elementor-element elementor-element-8389d01 elementor-widget elementor-widget-text-editor\" data-id=\"8389d01\" data-element_type=\"widget\" data-e-type=\"widget\" data-widget_type=\"text-editor.default\">\n\t\t\t\t\t\t\t\t\t<p data-start=\"310\" data-end=\"471\">Lyhyet tiedot<\/p>\t\t\t\t\t\t\t\t<\/div>\n\t\t\t\t<div class=\"elementor-element elementor-element-e1945dc elementor-widget elementor-widget-text-editor\" data-id=\"e1945dc\" data-element_type=\"widget\" data-e-type=\"widget\" data-widget_type=\"text-editor.default\">\n\t\t\t\t\t\t\t\t\t<p>RESY takaa kaikkien RESY-tunnuksella merkittyjen paperi- ja kartonkikuljetus- ja ulkopakkausten t\u00e4ydellisen h\u00e4vitt\u00e4misen ja kierr\u00e4tt\u00e4misen. RESY-tunnuksella saa merkit\u00e4 vain kierr\u00e4tett\u00e4vi\u00e4 paperi- ja kartonkipakkauksia. <\/p>\t\t\t\t\t\t\t\t<\/div>\n\t\t\t\t<div class=\"elementor-element elementor-element-9d3919f elementor-widget elementor-widget-spacer\" data-id=\"9d3919f\" data-element_type=\"widget\" data-e-type=\"widget\" data-widget_type=\"spacer.default\">\n\t\t\t\t\t\t\t<div class=\"elementor-spacer\">\n\t\t\t<div class=\"elementor-spacer-inner\"><\/div>\n\t\t<\/div>\n\t\t\t\t\t\t<\/div>\n\t\t\t\t<div class=\"elementor-element elementor-element-23e21ca elementor-widget elementor-widget-text-editor\" data-id=\"23e21ca\" data-element_type=\"widget\" data-e-type=\"widget\" data-widget_type=\"text-editor.default\">\n\t\t\t\t\t\t\t\t\t<p>Sitoumuksemme<\/p>\t\t\t\t\t\t\t\t<\/div>\n\t\t\t\t<div class=\"elementor-element elementor-element-19589bc elementor-widget elementor-widget-text-editor\" data-id=\"19589bc\" data-element_type=\"widget\" data-e-type=\"widget\" data-widget_type=\"text-editor.default\">\n\t\t\t\t\t\t\t\t\t<p>Panostamme pakkauksissamme korkeaan uudelleenk\u00e4ytett\u00e4vyyteen ja kierr\u00e4tett\u00e4vyyteen. RESY-j\u00e4rjestelm\u00e4 on t\u00e4ss\u00e4 avainasemassa. Turvallinen pakkaus - mutta kest\u00e4v\u00e4, kiitos. Pahvipakkaukset ja kierr\u00e4tys ovat tulevaisuuden painopiste. Sin\u00e4kin voit auttaa.    <\/p>\t\t\t\t\t\t\t\t<\/div>\n\t\t\t\t<\/div>\n\t\t\t\t\t<\/div>\n\t\t\t\t<\/div>\n\t\t<div class=\"elementor-element elementor-element-6fd808c e-flex e-con-boxed e-con e-parent\" data-id=\"6fd808c\" data-element_type=\"container\" data-e-type=\"container\" data-settings=\"{&quot;jet_parallax_layout_list&quot;:[]}\">\n\t\t\t\t\t<div class=\"e-con-inner\">\n\t\t<div class=\"elementor-element elementor-element-8e36c0a e-con-full e-flex e-con e-child\" data-id=\"8e36c0a\" data-element_type=\"container\" data-e-type=\"container\" data-settings=\"{&quot;jet_parallax_layout_list&quot;:[]}\">\n\t\t\t\t<div class=\"elementor-element elementor-element-8d61c5f elementor-widget-divider--view-line elementor-widget elementor-widget-divider\" data-id=\"8d61c5f\" data-element_type=\"widget\" data-e-type=\"widget\" data-widget_type=\"divider.default\">\n\t\t\t\t\t\t\t<div class=\"elementor-divider\">\n\t\t\t<span class=\"elementor-divider-separator\">\n\t\t\t\t\t\t<\/span>\n\t\t<\/div>\n\t\t\t\t\t\t<\/div>\n\t\t\t\t<div class=\"elementor-element elementor-element-a6dadd9 elementor-widget elementor-widget-text-editor\" data-id=\"a6dadd9\" data-element_type=\"widget\" data-e-type=\"widget\" data-widget_type=\"text-editor.default\">\n\t\t\t\t\t\t\t\t\t<p>Voidaan muuttaa ilman ennakkoilmoitusta.<\/p>\t\t\t\t\t\t\t\t<\/div>\n\t\t\t\t<\/div>\n\t\t\t\t\t<\/div>\n\t\t\t\t<\/div>\n\t\t\t\t<\/div>\n\t\t","protected":false},"excerpt":{"rendered":"<p>Kierr\u00e4tys ja h\u00e4vitt\u00e4minen Vastuullinen valmistus J\u00e4\u00e4hdytysvoitelutekniikan valmistajana olemme tietoisia vastuustamme. Valmistamme, pakkaamme, kierr\u00e4t\u00e4mme ja h\u00e4vit\u00e4mme tuotteemme suurella henkil\u00f6kohtaisella vastuulla, moraalisesti ja mahdollisimman kest\u00e4v\u00e4ll\u00e4 tavalla. Auta meit\u00e4 pit\u00e4m\u00e4\u00e4n kierr\u00e4tett\u00e4v\u00e4t materiaalit kierrossa. Yhdess\u00e4 terveen ja kest\u00e4v\u00e4n tulevaisuuden puolesta. WEEE - S\u00e4hk\u00f6- ja elektroniikkalaiteromu (s\u00e4hk\u00f6- ja elektroniikkalaiteromu) tiedot Yritys: Armin Hamma UmwelttechnikRekisterinumero: DE11730451. Laitetyyppi: Pienet kodinkoneet, joita k\u00e4ytet\u00e4\u00e4n [&hellip;]<\/p>\n","protected":false},"author":3,"featured_media":0,"parent":0,"menu_order":70,"comment_status":"closed","ping_status":"closed","template":"","meta":{"_acf_changed":false,"footnotes":""},"class_list":["post-8045","page","type-page","status-publish","hentry"],"acf":[],"_links":{"self":[{"href":"https:\/\/hamma-uwt.de\/fi\/wp-json\/wp\/v2\/pages\/8045","targetHints":{"allow":["GET"]}}],"collection":[{"href":"https:\/\/hamma-uwt.de\/fi\/wp-json\/wp\/v2\/pages"}],"about":[{"href":"https:\/\/hamma-uwt.de\/fi\/wp-json\/wp\/v2\/types\/page"}],"author":[{"embeddable":true,"href":"https:\/\/hamma-uwt.de\/fi\/wp-json\/wp\/v2\/users\/3"}],"replies":[{"embeddable":true,"href":"https:\/\/hamma-uwt.de\/fi\/wp-json\/wp\/v2\/comments?post=8045"}],"version-history":[{"count":1,"href":"https:\/\/hamma-uwt.de\/fi\/wp-json\/wp\/v2\/pages\/8045\/revisions"}],"predecessor-version":[{"id":8046,"href":"https:\/\/hamma-uwt.de\/fi\/wp-json\/wp\/v2\/pages\/8045\/revisions\/8046"}],"wp:attachment":[{"href":"https:\/\/hamma-uwt.de\/fi\/wp-json\/wp\/v2\/media?parent=8045"}],"curies":[{"name":"wp","href":"https:\/\/api.w.org\/{rel}","templated":true}]}}