{"id":11717,"date":"2025-08-11T13:50:58","date_gmt":"2025-08-11T11:50:58","guid":{"rendered":"https:\/\/hamma-uwt.de\/produkt\/laehtoeletkun-seos\/"},"modified":"2025-08-11T13:50:58","modified_gmt":"2025-08-11T11:50:58","slug":"laehtoeletkun-seos","status":"publish","type":"product","link":"https:\/\/hamma-uwt.de\/fi\/produkt\/laehtoeletkun-seos\/","title":{"rendered":"L\u00e4ht\u00f6letkun seos"},"content":{"rendered":"<p>Poistoletkusekoitus Misceo 3:lle, t\u00e4ydellinen, sis. pikaliittimen. <\/p>\n","protected":false},"excerpt":{"rendered":"<p>mukaan lukien. Pikaliitin, lis\u00e4varuste MISCEO 3<\/p>\n","protected":false},"featured_media":2527,"comment_status":"closed","ping_status":"closed","template":"","meta":{"_acf_changed":false},"product_brand":[],"product_cat":[799,798],"product_tag":[],"class_list":{"0":"post-11717","1":"product","2":"type-product","3":"status-publish","4":"has-post-thumbnail","6":"product_cat-letku","7":"product_cat-misceo-tarvikkeet","9":"first","10":"instock","11":"shipping-taxable","12":"purchasable","13":"product-type-simple"},"acf":[],"_links":{"self":[{"href":"https:\/\/hamma-uwt.de\/fi\/wp-json\/wp\/v2\/product\/11717","targetHints":{"allow":["GET"]}}],"collection":[{"href":"https:\/\/hamma-uwt.de\/fi\/wp-json\/wp\/v2\/product"}],"about":[{"href":"https:\/\/hamma-uwt.de\/fi\/wp-json\/wp\/v2\/types\/product"}],"replies":[{"embeddable":true,"href":"https:\/\/hamma-uwt.de\/fi\/wp-json\/wp\/v2\/comments?post=11717"}],"wp:featuredmedia":[{"embeddable":true,"href":"https:\/\/hamma-uwt.de\/fi\/wp-json\/wp\/v2\/media\/2527"}],"wp:attachment":[{"href":"https:\/\/hamma-uwt.de\/fi\/wp-json\/wp\/v2\/media?parent=11717"}],"wp:term":[{"taxonomy":"product_brand","embeddable":true,"href":"https:\/\/hamma-uwt.de\/fi\/wp-json\/wp\/v2\/product_brand?post=11717"},{"taxonomy":"product_cat","embeddable":true,"href":"https:\/\/hamma-uwt.de\/fi\/wp-json\/wp\/v2\/product_cat?post=11717"},{"taxonomy":"product_tag","embeddable":true,"href":"https:\/\/hamma-uwt.de\/fi\/wp-json\/wp\/v2\/product_tag?post=11717"}],"curies":[{"name":"wp","href":"https:\/\/api.w.org\/{rel}","templated":true}]}}