{"id":12015,"date":"2025-11-12T16:35:06","date_gmt":"2025-11-12T15:35:06","guid":{"rendered":"https:\/\/hamma-uwt.de\/produkt\/yleiskaeyttoeinen-ruuvikiinnike-pieni\/"},"modified":"2025-11-12T16:35:06","modified_gmt":"2025-11-12T15:35:06","slug":"yleiskaeyttoeinen-ruuvikiinnike-pieni","status":"publish","type":"product","link":"https:\/\/hamma-uwt.de\/fi\/produkt\/yleiskaeyttoeinen-ruuvikiinnike-pieni\/","title":{"rendered":"Yleisk\u00e4ytt\u00f6inen ruuvikiinnike pieni"},"content":{"rendered":"<p>Yleisk\u00e4ytt\u00f6inen ruuvikiinnike RAPIDSin kiinnitt\u00e4mist\u00e4 varten.<\/p>\n","protected":false},"excerpt":{"rendered":"<p>Yleisk\u00e4ytt\u00f6inen pieni ruuvikiinnike kiinnitett\u00e4v\u00e4ksi magneetilla tai ruuvaamalla - ihanteellinen t\u00e4ytt\u00f6pistooliin.<\/p>\n","protected":false},"featured_media":3523,"comment_status":"closed","ping_status":"closed","template":"","meta":{"_acf_changed":false},"product_brand":[],"product_cat":[957,798,954,955,956],"product_tag":[],"class_list":{"0":"post-12015","1":"product","2":"type-product","3":"status-publish","4":"has-post-thumbnail","6":"product_cat-chip-maxx-ja-magneettinen-luuta","7":"product_cat-misceo-tarvikkeet","8":"product_cat-rapid-1-1-lisaevarusteet","9":"product_cat-rapid-2-1-lisaevarusteet","10":"product_cat-rapid-3-1-lisaevarusteet","12":"first","13":"instock","14":"purchasable","15":"product-type-simple"},"acf":[],"_links":{"self":[{"href":"https:\/\/hamma-uwt.de\/fi\/wp-json\/wp\/v2\/product\/12015","targetHints":{"allow":["GET"]}}],"collection":[{"href":"https:\/\/hamma-uwt.de\/fi\/wp-json\/wp\/v2\/product"}],"about":[{"href":"https:\/\/hamma-uwt.de\/fi\/wp-json\/wp\/v2\/types\/product"}],"replies":[{"embeddable":true,"href":"https:\/\/hamma-uwt.de\/fi\/wp-json\/wp\/v2\/comments?post=12015"}],"wp:featuredmedia":[{"embeddable":true,"href":"https:\/\/hamma-uwt.de\/fi\/wp-json\/wp\/v2\/media\/3523"}],"wp:attachment":[{"href":"https:\/\/hamma-uwt.de\/fi\/wp-json\/wp\/v2\/media?parent=12015"}],"wp:term":[{"taxonomy":"product_brand","embeddable":true,"href":"https:\/\/hamma-uwt.de\/fi\/wp-json\/wp\/v2\/product_brand?post=12015"},{"taxonomy":"product_cat","embeddable":true,"href":"https:\/\/hamma-uwt.de\/fi\/wp-json\/wp\/v2\/product_cat?post=12015"},{"taxonomy":"product_tag","embeddable":true,"href":"https:\/\/hamma-uwt.de\/fi\/wp-json\/wp\/v2\/product_tag?post=12015"}],"curies":[{"name":"wp","href":"https:\/\/api.w.org\/{rel}","templated":true}]}}