{"id":12082,"date":"2025-07-14T12:06:49","date_gmt":"2025-07-14T10:06:49","guid":{"rendered":"https:\/\/hamma-uwt.de\/produkt\/tynnyriavain\/"},"modified":"2025-07-14T12:06:49","modified_gmt":"2025-07-14T10:06:49","slug":"tynnyriavain","status":"publish","type":"product","link":"https:\/\/hamma-uwt.de\/fi\/produkt\/tynnyriavain\/","title":{"rendered":"Tynnyriavain"},"content":{"rendered":"<p>Rumpuavaimella voit avata ja sulkea rummut hetkess\u00e4. Integroitu tiivisteenpoistolaite irrottaa rummun tiivisteet helposti ja turvallisesti. K\u00e4sik\u00e4ytt\u00f6inen tynnyriavain tarjoaa optimaalisen vipuvoiman 200 litran ter\u00e4stynnyrien turvalliseen<br \/>\navaamiseen. Vankasta ja<br \/>\nkarkaistusta ruostumattomasta ter\u00e4ksest\u00e4 valmistetun optimoidun rakenteensa ansiosta se on eritt\u00e4in kest\u00e4v\u00e4 ja helppok\u00e4ytt\u00f6inen.   <\/p>\n<p>Hyvin sijoitetun kiinnitysrei\u00e4n ansiosta piippuavain on helppo s\u00e4ilytt\u00e4\u00e4.<\/p>\n<p>Sinun etusi<\/p>\n<ul>\n<li>Helppo avata optimoidun<\/li>\n<li>Vipuvaikutus<\/li>\n<li>Integroitu tiivisteen irrotuslaite<\/li>\n<li>Korkealaatuinen ruostumattomasta ter\u00e4ksest\u00e4 valmistettu muotoilu<\/li>\n<li>Vankka ja k\u00e4yt\u00e4nn\u00f6llinen<\/li>\n<li>Kompakti rakenne<\/li>\n<li>Ergonominen kahva<\/li>\n<\/ul>\n","protected":false},"excerpt":{"rendered":"<p>60 litran ja 200 litran tynnyreiden avaamiseen.<\/p>\n","protected":false},"featured_media":3850,"comment_status":"closed","ping_status":"closed","template":"","meta":{"_acf_changed":false},"product_brand":[],"product_cat":[798,984,985],"product_tag":[],"class_list":{"0":"post-12082","1":"product","2":"type-product","3":"status-publish","4":"has-post-thumbnail","6":"product_cat-misceo-tarvikkeet","7":"product_cat-saeilioen-avain","8":"product_cat-vahvat-avustajat","10":"first","11":"instock","12":"purchasable","13":"product-type-simple"},"acf":[],"_links":{"self":[{"href":"https:\/\/hamma-uwt.de\/fi\/wp-json\/wp\/v2\/product\/12082","targetHints":{"allow":["GET"]}}],"collection":[{"href":"https:\/\/hamma-uwt.de\/fi\/wp-json\/wp\/v2\/product"}],"about":[{"href":"https:\/\/hamma-uwt.de\/fi\/wp-json\/wp\/v2\/types\/product"}],"replies":[{"embeddable":true,"href":"https:\/\/hamma-uwt.de\/fi\/wp-json\/wp\/v2\/comments?post=12082"}],"wp:featuredmedia":[{"embeddable":true,"href":"https:\/\/hamma-uwt.de\/fi\/wp-json\/wp\/v2\/media\/3850"}],"wp:attachment":[{"href":"https:\/\/hamma-uwt.de\/fi\/wp-json\/wp\/v2\/media?parent=12082"}],"wp:term":[{"taxonomy":"product_brand","embeddable":true,"href":"https:\/\/hamma-uwt.de\/fi\/wp-json\/wp\/v2\/product_brand?post=12082"},{"taxonomy":"product_cat","embeddable":true,"href":"https:\/\/hamma-uwt.de\/fi\/wp-json\/wp\/v2\/product_cat?post=12082"},{"taxonomy":"product_tag","embeddable":true,"href":"https:\/\/hamma-uwt.de\/fi\/wp-json\/wp\/v2\/product_tag?post=12082"}],"curies":[{"name":"wp","href":"https:\/\/api.w.org\/{rel}","templated":true}]}}