{"id":12298,"date":"2025-07-14T12:06:49","date_gmt":"2025-07-14T10:06:49","guid":{"rendered":"https:\/\/hamma-uwt.de\/produkt\/e-drive-jaelkiasennussarja-rumpukaerryille\/"},"modified":"2025-07-14T12:06:49","modified_gmt":"2025-07-14T10:06:49","slug":"e-drive-jaelkiasennussarja-rumpukaerryille","status":"publish","type":"product","link":"https:\/\/hamma-uwt.de\/fi\/produkt\/e-drive-jaelkiasennussarja-rumpukaerryille\/","title":{"rendered":"E-Drive j\u00e4lkiasennussarja rumpuk\u00e4rryille"},"content":{"rendered":"<p>J\u00e4lkiasennussarja sis\u00e4lt\u00e4\u00e4 kaikki osat, joita tarvitaan HAMMA-rumpuvaunun p\u00e4ivitt\u00e4miseen E-Drive-ohjauksella.<br \/>\nIlmoita rumpuvaunun tuotetiedot tiedustelun yhteydess\u00e4, katso tuotetarra.<\/p>\n","protected":false},"excerpt":{"rendered":"<p>rumpuk\u00e4rryj\u00e4 varten<\/p>\n","protected":false},"featured_media":873,"comment_status":"closed","ping_status":"closed","template":"","meta":{"_acf_changed":false},"product_brand":[],"product_cat":[1042],"product_tag":[],"class_list":{"0":"post-12298","1":"product","2":"type-product","3":"status-publish","4":"has-post-thumbnail","6":"product_cat-tynnyrivaunun-lisaevarusteet","8":"first","9":"instock","10":"purchasable","11":"product-type-simple"},"acf":[],"_links":{"self":[{"href":"https:\/\/hamma-uwt.de\/fi\/wp-json\/wp\/v2\/product\/12298","targetHints":{"allow":["GET"]}}],"collection":[{"href":"https:\/\/hamma-uwt.de\/fi\/wp-json\/wp\/v2\/product"}],"about":[{"href":"https:\/\/hamma-uwt.de\/fi\/wp-json\/wp\/v2\/types\/product"}],"replies":[{"embeddable":true,"href":"https:\/\/hamma-uwt.de\/fi\/wp-json\/wp\/v2\/comments?post=12298"}],"wp:featuredmedia":[{"embeddable":true,"href":"https:\/\/hamma-uwt.de\/fi\/wp-json\/wp\/v2\/media\/873"}],"wp:attachment":[{"href":"https:\/\/hamma-uwt.de\/fi\/wp-json\/wp\/v2\/media?parent=12298"}],"wp:term":[{"taxonomy":"product_brand","embeddable":true,"href":"https:\/\/hamma-uwt.de\/fi\/wp-json\/wp\/v2\/product_brand?post=12298"},{"taxonomy":"product_cat","embeddable":true,"href":"https:\/\/hamma-uwt.de\/fi\/wp-json\/wp\/v2\/product_cat?post=12298"},{"taxonomy":"product_tag","embeddable":true,"href":"https:\/\/hamma-uwt.de\/fi\/wp-json\/wp\/v2\/product_tag?post=12298"}],"curies":[{"name":"wp","href":"https:\/\/api.w.org\/{rel}","templated":true}]}}