{"id":12651,"date":"2025-08-12T13:01:07","date_gmt":"2025-08-12T11:01:07","guid":{"rendered":"https:\/\/hamma-uwt.de\/produkt\/paineen-tasaussaeilioe-voiteluaineen-jaeaehdytystae-varten\/"},"modified":"2025-08-12T13:01:07","modified_gmt":"2025-08-12T11:01:07","slug":"paineen-tasaussaeilioe-voiteluaineen-jaeaehdytystae-varten","status":"publish","type":"product","link":"https:\/\/hamma-uwt.de\/fi\/produkt\/paineen-tasaussaeilioe-voiteluaineen-jaeaehdytystae-varten\/","title":{"rendered":"Paineen tasauss\u00e4ili\u00f6 voiteluaineen j\u00e4\u00e4hdytyst\u00e4 varten"},"content":{"rendered":"","protected":false},"excerpt":{"rendered":"<p>25 l, G 3\/4&#8243;<\/p>\n","protected":false},"featured_media":4217,"comment_status":"closed","ping_status":"closed","template":"","meta":{"_acf_changed":false},"product_brand":[],"product_cat":[722],"product_tag":[],"class_list":{"0":"post-12651","1":"product","2":"type-product","3":"status-publish","4":"has-post-thumbnail","6":"product_cat-fue-1-lisaevarusteet","8":"first","9":"instock","10":"purchasable","11":"product-type-variable"},"acf":[],"_links":{"self":[{"href":"https:\/\/hamma-uwt.de\/fi\/wp-json\/wp\/v2\/product\/12651","targetHints":{"allow":["GET"]}}],"collection":[{"href":"https:\/\/hamma-uwt.de\/fi\/wp-json\/wp\/v2\/product"}],"about":[{"href":"https:\/\/hamma-uwt.de\/fi\/wp-json\/wp\/v2\/types\/product"}],"replies":[{"embeddable":true,"href":"https:\/\/hamma-uwt.de\/fi\/wp-json\/wp\/v2\/comments?post=12651"}],"wp:featuredmedia":[{"embeddable":true,"href":"https:\/\/hamma-uwt.de\/fi\/wp-json\/wp\/v2\/media\/4217"}],"wp:attachment":[{"href":"https:\/\/hamma-uwt.de\/fi\/wp-json\/wp\/v2\/media?parent=12651"}],"wp:term":[{"taxonomy":"product_brand","embeddable":true,"href":"https:\/\/hamma-uwt.de\/fi\/wp-json\/wp\/v2\/product_brand?post=12651"},{"taxonomy":"product_cat","embeddable":true,"href":"https:\/\/hamma-uwt.de\/fi\/wp-json\/wp\/v2\/product_cat?post=12651"},{"taxonomy":"product_tag","embeddable":true,"href":"https:\/\/hamma-uwt.de\/fi\/wp-json\/wp\/v2\/product_tag?post=12651"}],"curies":[{"name":"wp","href":"https:\/\/api.w.org\/{rel}","templated":true}]}}