{"id":12669,"date":"2025-08-12T15:30:12","date_gmt":"2025-08-12T13:30:12","guid":{"rendered":"https:\/\/hamma-uwt.de\/produkt\/mikro-300\/"},"modified":"2026-03-12T09:05:42","modified_gmt":"2026-03-12T08:05:42","slug":"mikro-300","status":"publish","type":"product","link":"https:\/\/hamma-uwt.de\/fi\/produkt\/mikro-300\/","title":{"rendered":"MIKRO 300"},"content":{"rendered":"<p>Mikro 300 ilmastaa jopa 500 litran s\u00e4ili\u00f6it\u00e4.<\/p>\n<p>Mikroilmastin tarjoaa sinulle korkealaatuisen j\u00e4\u00e4hdytysvoiteluaineen lis\u00e4\u00e4m\u00e4ll\u00e4 ilmakeh\u00e4n happea. Yksinkertaisen asennuksen ja k\u00e4yt\u00f6n ansiosta Mikro voidaan nopeasti s\u00e4\u00e4t\u00e4\u00e4 j\u00e4\u00e4hdytysvoiteluaineen vaatimusten mukaiseksi. Mikroa voidaan ohjata tarpeen mukaan ajastimen avulla. Ilmastuslevyjen avulla hienoimmat, tarkkaan m\u00e4\u00e4ritellyt ilmakuplat leijuvat j\u00e4\u00e4hdytysvoiteluaineen l\u00e4pi ennalta m\u00e4\u00e4r\u00e4tyll\u00e4 kellumisnopeudella. N\u00e4in j\u00e4\u00e4hdytysvoiteluaine voi ime\u00e4 k\u00e4ytetyn hapen takaisin, mik\u00e4 palauttaa biotasapainon.    <\/p>\n<p>Sinun etusi :<\/p>\n<ul>\n<li>Vakaa biotase<\/li>\n<li>Eritt\u00e4in suorituskykyinen j\u00e4\u00e4hdytysvoiteluaine<\/li>\n<li>Korkeimmat leikkaustiedot<\/li>\n<li>Ty\u00f6kalujen ja koneiden pitk\u00e4 k\u00e4ytt\u00f6ik\u00e4<\/li>\n<li>Korkea ihon hygienia<\/li>\n<\/ul>\n<p>&nbsp;<\/p>\n<p>T\u00e4ydenn\u00e4 huolto yhdist\u00e4m\u00e4ll\u00e4 mikroilmastin ja Rapid-\u00f6ljynpoistolaite Rapid-\u00f6ljynpoistolaitteen kanssa, jolloin saat jatkuvasti puhdasta ja biostabiilia j\u00e4\u00e4hdytysvoiteluainetta, jolla on optimaaliset tuotanto-ominaisuudet.<\/p>\n","protected":false},"excerpt":{"rendered":"<p>mukaan lukien. Ilmanvaihtoyksikk\u00f6, jossa on 2 ilmanvaihtolevy\u00e4<\/p>\n","protected":false},"featured_media":6235,"comment_status":"closed","ping_status":"closed","template":"","meta":{"_acf_changed":false},"product_brand":[],"product_cat":[1257],"product_tag":[],"class_list":{"0":"post-12669","1":"product","2":"type-product","3":"status-publish","4":"has-post-thumbnail","6":"product_cat-mikroilmastin","8":"first","9":"instock","10":"shipping-taxable","11":"purchasable","12":"product-type-simple"},"acf":[],"_links":{"self":[{"href":"https:\/\/hamma-uwt.de\/fi\/wp-json\/wp\/v2\/product\/12669","targetHints":{"allow":["GET"]}}],"collection":[{"href":"https:\/\/hamma-uwt.de\/fi\/wp-json\/wp\/v2\/product"}],"about":[{"href":"https:\/\/hamma-uwt.de\/fi\/wp-json\/wp\/v2\/types\/product"}],"replies":[{"embeddable":true,"href":"https:\/\/hamma-uwt.de\/fi\/wp-json\/wp\/v2\/comments?post=12669"}],"wp:featuredmedia":[{"embeddable":true,"href":"https:\/\/hamma-uwt.de\/fi\/wp-json\/wp\/v2\/media\/6235"}],"wp:attachment":[{"href":"https:\/\/hamma-uwt.de\/fi\/wp-json\/wp\/v2\/media?parent=12669"}],"wp:term":[{"taxonomy":"product_brand","embeddable":true,"href":"https:\/\/hamma-uwt.de\/fi\/wp-json\/wp\/v2\/product_brand?post=12669"},{"taxonomy":"product_cat","embeddable":true,"href":"https:\/\/hamma-uwt.de\/fi\/wp-json\/wp\/v2\/product_cat?post=12669"},{"taxonomy":"product_tag","embeddable":true,"href":"https:\/\/hamma-uwt.de\/fi\/wp-json\/wp\/v2\/product_tag?post=12669"}],"curies":[{"name":"wp","href":"https:\/\/api.w.org\/{rel}","templated":true}]}}