{"id":12723,"date":"2025-08-13T16:30:40","date_gmt":"2025-08-13T14:30:40","guid":{"rendered":"https:\/\/hamma-uwt.de\/produkt\/rapid-5-special\/"},"modified":"2025-08-13T16:30:40","modified_gmt":"2025-08-13T14:30:40","slug":"rapid-5-special","status":"publish","type":"product","link":"https:\/\/hamma-uwt.de\/fi\/produkt\/rapid-5-special\/","title":{"rendered":"RAPID 5 Special"},"content":{"rendered":"<p>Rapid 5 Special on hihnaskimmeri, jossa on s\u00e4\u00e4dett\u00e4v\u00e4 varsi ja magneettipidike, mik\u00e4 tekee siit\u00e4 tehokkaan, joustavan ja helppok\u00e4ytt\u00f6isen my\u00f6s vaikeap\u00e4\u00e4syisille astioille. Se soveltuu enint\u00e4\u00e4n 2 m\u00b2:n pinnoille. <\/p>\n","protected":false},"excerpt":{"rendered":"<p>Hihnaskimmeri kuumille v\u00e4liaineille, pinnat enint\u00e4\u00e4n 2 m\u00b2, sis. skimmerihihnat. <\/p>\n","protected":false},"featured_media":968,"comment_status":"closed","ping_status":"closed","template":"","meta":{"_acf_changed":false},"product_brand":[],"product_cat":[1351],"product_tag":[],"class_list":{"0":"post-12723","1":"product","2":"type-product","3":"status-publish","4":"has-post-thumbnail","6":"product_cat-rapid-5","8":"first","9":"instock","10":"purchasable","11":"product-type-variable"},"acf":[],"_links":{"self":[{"href":"https:\/\/hamma-uwt.de\/fi\/wp-json\/wp\/v2\/product\/12723","targetHints":{"allow":["GET"]}}],"collection":[{"href":"https:\/\/hamma-uwt.de\/fi\/wp-json\/wp\/v2\/product"}],"about":[{"href":"https:\/\/hamma-uwt.de\/fi\/wp-json\/wp\/v2\/types\/product"}],"replies":[{"embeddable":true,"href":"https:\/\/hamma-uwt.de\/fi\/wp-json\/wp\/v2\/comments?post=12723"}],"wp:featuredmedia":[{"embeddable":true,"href":"https:\/\/hamma-uwt.de\/fi\/wp-json\/wp\/v2\/media\/968"}],"wp:attachment":[{"href":"https:\/\/hamma-uwt.de\/fi\/wp-json\/wp\/v2\/media?parent=12723"}],"wp:term":[{"taxonomy":"product_brand","embeddable":true,"href":"https:\/\/hamma-uwt.de\/fi\/wp-json\/wp\/v2\/product_brand?post=12723"},{"taxonomy":"product_cat","embeddable":true,"href":"https:\/\/hamma-uwt.de\/fi\/wp-json\/wp\/v2\/product_cat?post=12723"},{"taxonomy":"product_tag","embeddable":true,"href":"https:\/\/hamma-uwt.de\/fi\/wp-json\/wp\/v2\/product_tag?post=12723"}],"curies":[{"name":"wp","href":"https:\/\/api.w.org\/{rel}","templated":true}]}}