{"id":12812,"date":"2025-08-15T08:33:10","date_gmt":"2025-08-15T06:33:10","guid":{"rendered":"https:\/\/hamma-uwt.de\/produkt\/testitapaus\/"},"modified":"2025-08-15T08:33:10","modified_gmt":"2025-08-15T06:33:10","slug":"testitapaus","status":"publish","type":"product","link":"https:\/\/hamma-uwt.de\/fi\/produkt\/testitapaus\/","title":{"rendered":"TESTITAPAUS"},"content":{"rendered":"<p>Muut versiot tarjoavat viel\u00e4 enemm\u00e4n vaihtoehtoja TRGS 611 -mittausten suorittamiseen eritt\u00e4in helposti, nopeasti ja tarkasti korkeimmalla tasolla. Voit my\u00f6s m\u00e4\u00e4ritt\u00e4\u00e4 s\u00e4hk\u00f6njohtavuuden ja pH-arvon digitaalisesti ja luoda entist\u00e4kin enemm\u00e4n mittausmukavuutta digitaalisen refraktometrin avulla. <\/p>\n<p>Testitapauksen avulla olet ihanteellisesti valmistautunut j\u00e4\u00e4hdytysvoiteluaineen mittauksiin. J\u00e4\u00e4hdytysvoiteluaineen tiedot kertovat paljon j\u00e4\u00e4hdytysvoiteluaineesi laadusta ja suorituskyvyst\u00e4. Jatkuvalla seurannalla ja oikealla k\u00e4sittelyll\u00e4 j\u00e4\u00e4hdytysvoiteluaineesi suorituskykyyn ja s\u00e4\u00e4st\u00f6ihin on valtava potentiaali. Kone- ja ty\u00f6kalukustannuksia voidaan v\u00e4hent\u00e4\u00e4 merkitt\u00e4v\u00e4sti, luot hygieenisen ymp\u00e4rist\u00f6n ja tied\u00e4t tarkalleen, milloin vaihto on tarpeen.   <\/p>\n<p>Sinun etusi:<\/p>\n<ul>\n<li>Vankka, laadukas ja kompakti<\/li>\n<li>Hygieeninen, yksinkertainen ja tehokas<\/li>\n<li>on TRGS 611 -standardin mukainen<\/li>\n<li>Vakaa biotase<\/li>\n<li>Lis\u00e4\u00e4 suorituskyky\u00e4 ja s\u00e4\u00e4st\u00e4\u00e4 rahaa<\/li>\n<\/ul>\n","protected":false},"excerpt":{"rendered":"<p>Muut versiot tarjoavat viel\u00e4 enemm\u00e4n vaihtoehtoja TRGS 611 -mittausten suorittamiseen eritt\u00e4in helposti, nopeasti ja tarkasti korkeimmalla tasolla. Voit my\u00f6s m\u00e4\u00e4ritt\u00e4\u00e4 s\u00e4hk\u00f6njohtavuuden ja pH-arvon digitaalisesti ja luoda entist\u00e4kin enemm\u00e4n mittausmukavuutta digitaalisen refraktometrin avulla. Testitapauksen avulla olet ihanteellisesti valmistautunut j\u00e4\u00e4hdytysvoiteluaineen mittauksiin. J\u00e4\u00e4hdytysvoiteluaineen tiedot kertovat paljon j\u00e4\u00e4hdytysvoiteluaineesi laadusta ja suorituskyvyst\u00e4. Jatkuvalla seurannalla ja oikealla k\u00e4sittelyll\u00e4 j\u00e4\u00e4hdytysvoiteluaineesi suorituskykyyn ja [&hellip;]<\/p>\n","protected":false},"featured_media":2037,"comment_status":"closed","ping_status":"closed","template":"","meta":{"_acf_changed":false},"product_brand":[],"product_cat":[1373],"product_tag":[],"class_list":{"0":"post-12812","1":"product","2":"type-product","3":"status-publish","4":"has-post-thumbnail","6":"product_cat-testitapaus","8":"first","9":"instock","10":"shipping-taxable","11":"purchasable","12":"product-type-variable","13":"has-default-attributes"},"acf":[],"_links":{"self":[{"href":"https:\/\/hamma-uwt.de\/fi\/wp-json\/wp\/v2\/product\/12812","targetHints":{"allow":["GET"]}}],"collection":[{"href":"https:\/\/hamma-uwt.de\/fi\/wp-json\/wp\/v2\/product"}],"about":[{"href":"https:\/\/hamma-uwt.de\/fi\/wp-json\/wp\/v2\/types\/product"}],"replies":[{"embeddable":true,"href":"https:\/\/hamma-uwt.de\/fi\/wp-json\/wp\/v2\/comments?post=12812"}],"wp:featuredmedia":[{"embeddable":true,"href":"https:\/\/hamma-uwt.de\/fi\/wp-json\/wp\/v2\/media\/2037"}],"wp:attachment":[{"href":"https:\/\/hamma-uwt.de\/fi\/wp-json\/wp\/v2\/media?parent=12812"}],"wp:term":[{"taxonomy":"product_brand","embeddable":true,"href":"https:\/\/hamma-uwt.de\/fi\/wp-json\/wp\/v2\/product_brand?post=12812"},{"taxonomy":"product_cat","embeddable":true,"href":"https:\/\/hamma-uwt.de\/fi\/wp-json\/wp\/v2\/product_cat?post=12812"},{"taxonomy":"product_tag","embeddable":true,"href":"https:\/\/hamma-uwt.de\/fi\/wp-json\/wp\/v2\/product_tag?post=12812"}],"curies":[{"name":"wp","href":"https:\/\/api.w.org\/{rel}","templated":true}]}}