{"id":12862,"date":"2025-08-27T09:00:08","date_gmt":"2025-08-27T07:00:08","guid":{"rendered":"https:\/\/hamma-uwt.de\/produkt\/suuri-hoitojaerjestelmae\/"},"modified":"2025-08-27T09:00:08","modified_gmt":"2025-08-27T07:00:08","slug":"suuri-hoitojaerjestelmae","status":"publish","type":"product","link":"https:\/\/hamma-uwt.de\/fi\/produkt\/suuri-hoitojaerjestelmae\/","title":{"rendered":"Suuri hoitoj\u00e4rjestelm\u00e4"},"content":{"rendered":"<p>Keskisuurten ja suurten koneiden puhdasta ja tehokasta j\u00e4\u00e4hdytysvoiteluaineita sis\u00e4lt\u00e4v\u00e4 huoleton paketti on helppo asentaa ja k\u00e4sitell\u00e4 ja samalla eritt\u00e4in tehokas suorituskyvyn kannalta.<\/p>\n<p>Nopeat \u00f6ljynerottimet ja mikroilmastimet s\u00e4ilytt\u00e4v\u00e4t j\u00e4\u00e4hdytysvoiteluaineen laadun huomattavasti pidemp\u00e4\u00e4n. Tuloksena ovat korkeammat leikkuunopeudet ja ty\u00f6kalujen ja koneiden pidempi k\u00e4ytt\u00f6ik\u00e4: el\u00e4t terveellisemmin, saat nopeasti suuria s\u00e4\u00e4st\u00f6j\u00e4 ja s\u00e4\u00e4styt ep\u00e4miellytt\u00e4vilt\u00e4 hajuilta. <\/p>\n<p>Mikro-ilmastin Mikro varmistaa riitt\u00e4v\u00e4n hapensaannin pienten ilmakuplien avulla. Nesteen hygieeniset ominaisuudet paranevat huomattavasti. Riippuvat hiukkaset kulkeutuvat pinnalle ja ne voidaan poistaa Rapid-\u00f6ljynpoistolaitteella. J\u00e4\u00e4hdytysvoiteluaineesi huoltovaiheen aikana Rapid-\u00f6ljyskimmeri poistaa ei-toivotut kelluvat \u00f6ljyt, kalkkisaostumat ja suspendoituneet hiukkaset. J\u00e4\u00e4hdytysvoiteluaineesi suorituskyky paranee ja tuotat turvallisemmin, nopeammin ja paremmin.    <\/p>\n","protected":false},"excerpt":{"rendered":"<p>Ilman kiinnikett\u00e4, enint\u00e4\u00e4n 6 m\u00b2:n suuruisiin s\u00e4ili\u00f6ihin \/ enint\u00e4\u00e4n 1000 litran tilavuus<\/p>\n","protected":false},"featured_media":1067,"comment_status":"closed","ping_status":"closed","template":"","meta":{"_acf_changed":false},"product_brand":[],"product_cat":[1375],"product_tag":[],"class_list":{"0":"post-12862","1":"product","2":"type-product","3":"status-publish","4":"has-post-thumbnail","6":"product_cat-biotase","8":"first","9":"instock","10":"purchasable","11":"product-type-simple"},"acf":[],"_links":{"self":[{"href":"https:\/\/hamma-uwt.de\/fi\/wp-json\/wp\/v2\/product\/12862","targetHints":{"allow":["GET"]}}],"collection":[{"href":"https:\/\/hamma-uwt.de\/fi\/wp-json\/wp\/v2\/product"}],"about":[{"href":"https:\/\/hamma-uwt.de\/fi\/wp-json\/wp\/v2\/types\/product"}],"replies":[{"embeddable":true,"href":"https:\/\/hamma-uwt.de\/fi\/wp-json\/wp\/v2\/comments?post=12862"}],"wp:featuredmedia":[{"embeddable":true,"href":"https:\/\/hamma-uwt.de\/fi\/wp-json\/wp\/v2\/media\/1067"}],"wp:attachment":[{"href":"https:\/\/hamma-uwt.de\/fi\/wp-json\/wp\/v2\/media?parent=12862"}],"wp:term":[{"taxonomy":"product_brand","embeddable":true,"href":"https:\/\/hamma-uwt.de\/fi\/wp-json\/wp\/v2\/product_brand?post=12862"},{"taxonomy":"product_cat","embeddable":true,"href":"https:\/\/hamma-uwt.de\/fi\/wp-json\/wp\/v2\/product_cat?post=12862"},{"taxonomy":"product_tag","embeddable":true,"href":"https:\/\/hamma-uwt.de\/fi\/wp-json\/wp\/v2\/product_tag?post=12862"}],"curies":[{"name":"wp","href":"https:\/\/api.w.org\/{rel}","templated":true}]}}