{"id":13310,"date":"2025-08-12T14:27:09","date_gmt":"2025-08-12T12:27:09","guid":{"rendered":"https:\/\/hamma-uwt.de\/produkt\/kompakti-plus-hoitokonsoli\/"},"modified":"2026-03-16T15:56:59","modified_gmt":"2026-03-16T14:56:59","slug":"kompakti-plus-hoitokonsoli","status":"publish","type":"product","link":"https:\/\/hamma-uwt.de\/fi\/produkt\/kompakti-plus-hoitokonsoli\/","title":{"rendered":"Kompakti plus-hoitokonsoli"},"content":{"rendered":"<p>Biobalance-hoitokonsolissa yhdistyv\u00e4t MIKROn, RAPIDin ja RUBIn laitteet ja edut. Toiminnallisen rakenteensa ansiosta hoitoyksikk\u00f6 voidaan kiinnitt\u00e4\u00e4 koneeseen nopeasti ja helposti. Sovitinlevyt helpottavat asennusta entisest\u00e4\u00e4n.  <\/p>\n","protected":false},"excerpt":{"rendered":"<p>mukaan lukien. RAPID 2.1, RUBI ja MIKRO 300.<\/p>\n","protected":false},"featured_media":6352,"comment_status":"closed","ping_status":"closed","template":"","meta":{"_acf_changed":false},"product_brand":[],"product_cat":[1375],"product_tag":[],"class_list":{"0":"post-13310","1":"product","2":"type-product","3":"status-publish","4":"has-post-thumbnail","6":"product_cat-biotase","8":"first","9":"instock","10":"shipping-taxable","11":"purchasable","12":"product-type-simple"},"acf":[],"_links":{"self":[{"href":"https:\/\/hamma-uwt.de\/fi\/wp-json\/wp\/v2\/product\/13310","targetHints":{"allow":["GET"]}}],"collection":[{"href":"https:\/\/hamma-uwt.de\/fi\/wp-json\/wp\/v2\/product"}],"about":[{"href":"https:\/\/hamma-uwt.de\/fi\/wp-json\/wp\/v2\/types\/product"}],"replies":[{"embeddable":true,"href":"https:\/\/hamma-uwt.de\/fi\/wp-json\/wp\/v2\/comments?post=13310"}],"wp:featuredmedia":[{"embeddable":true,"href":"https:\/\/hamma-uwt.de\/fi\/wp-json\/wp\/v2\/media\/6352"}],"wp:attachment":[{"href":"https:\/\/hamma-uwt.de\/fi\/wp-json\/wp\/v2\/media?parent=13310"}],"wp:term":[{"taxonomy":"product_brand","embeddable":true,"href":"https:\/\/hamma-uwt.de\/fi\/wp-json\/wp\/v2\/product_brand?post=13310"},{"taxonomy":"product_cat","embeddable":true,"href":"https:\/\/hamma-uwt.de\/fi\/wp-json\/wp\/v2\/product_cat?post=13310"},{"taxonomy":"product_tag","embeddable":true,"href":"https:\/\/hamma-uwt.de\/fi\/wp-json\/wp\/v2\/product_tag?post=13310"}],"curies":[{"name":"wp","href":"https:\/\/api.w.org\/{rel}","templated":true}]}}