{"id":13325,"date":"2025-07-14T12:06:44","date_gmt":"2025-07-14T10:06:44","guid":{"rendered":"https:\/\/hamma-uwt.de\/produkt\/akku\/"},"modified":"2025-07-14T12:06:44","modified_gmt":"2025-07-14T10:06:44","slug":"akku","status":"publish","type":"product","link":"https:\/\/hamma-uwt.de\/fi\/produkt\/akku\/","title":{"rendered":"Akku"},"content":{"rendered":"<p>Ladattava akku tekee Misceo 3:sta entist\u00e4kin joustavamman.<\/p>\n<p>Suuren suorituskyvyn ansiosta Misceo toimii noin 8 tuntia ilman, ett\u00e4 sit\u00e4 tarvitsee kytke\u00e4 verkkovirtaan, ja selke\u00e4 n\u00e4ytt\u00f6 pit\u00e4\u00e4 sinut jatkuvasti ajan tasalla akun varaustason suhteen. Akku voidaan kytke\u00e4 p\u00e4\u00e4lle ja pois p\u00e4\u00e4lt\u00e4 milloin tahansa on\/off-painikkeella, ja se voidaan asentaa suoraan Misceoon tai sijoittaa Misceon takana olevaan rumpuun. Yhten\u00e4isen ulkon\u00e4k\u00f6ns\u00e4 ansiosta Misceo ja akku muodostavat tehokkaan kokonaisuuden.  <\/p>\n<p>Akku voi toimia my\u00f6s tehokkaana energiavarastona muille 24 V DC-laitteille.<\/p>\n","protected":false},"excerpt":{"rendered":"<p>Ladattava akku Misceo-sekoittimeen<\/p>\n","protected":false},"featured_media":1031,"comment_status":"closed","ping_status":"closed","template":"","meta":{"_acf_changed":false},"product_brand":[],"product_cat":[875],"product_tag":[],"class_list":{"0":"post-13325","1":"product","2":"type-product","3":"status-publish","4":"has-post-thumbnail","6":"product_cat-misceo-sekoitin","8":"first","9":"instock","10":"purchasable","11":"product-type-simple"},"acf":[],"_links":{"self":[{"href":"https:\/\/hamma-uwt.de\/fi\/wp-json\/wp\/v2\/product\/13325","targetHints":{"allow":["GET"]}}],"collection":[{"href":"https:\/\/hamma-uwt.de\/fi\/wp-json\/wp\/v2\/product"}],"about":[{"href":"https:\/\/hamma-uwt.de\/fi\/wp-json\/wp\/v2\/types\/product"}],"replies":[{"embeddable":true,"href":"https:\/\/hamma-uwt.de\/fi\/wp-json\/wp\/v2\/comments?post=13325"}],"wp:featuredmedia":[{"embeddable":true,"href":"https:\/\/hamma-uwt.de\/fi\/wp-json\/wp\/v2\/media\/1031"}],"wp:attachment":[{"href":"https:\/\/hamma-uwt.de\/fi\/wp-json\/wp\/v2\/media?parent=13325"}],"wp:term":[{"taxonomy":"product_brand","embeddable":true,"href":"https:\/\/hamma-uwt.de\/fi\/wp-json\/wp\/v2\/product_brand?post=13325"},{"taxonomy":"product_cat","embeddable":true,"href":"https:\/\/hamma-uwt.de\/fi\/wp-json\/wp\/v2\/product_cat?post=13325"},{"taxonomy":"product_tag","embeddable":true,"href":"https:\/\/hamma-uwt.de\/fi\/wp-json\/wp\/v2\/product_tag?post=13325"}],"curies":[{"name":"wp","href":"https:\/\/api.w.org\/{rel}","templated":true}]}}