{"id":13339,"date":"2025-07-14T12:06:44","date_gmt":"2025-07-14T10:06:44","guid":{"rendered":"https:\/\/hamma-uwt.de\/produkt\/analoginen-kaesikaeyttoeinen-refraktometri\/"},"modified":"2025-07-14T12:06:44","modified_gmt":"2025-07-14T10:06:44","slug":"analoginen-kaesikaeyttoeinen-refraktometri","status":"publish","type":"product","link":"https:\/\/hamma-uwt.de\/fi\/produkt\/analoginen-kaesikaeyttoeinen-refraktometri\/","title":{"rendered":"Analoginen k\u00e4sik\u00e4ytt\u00f6inen refraktometri"},"content":{"rendered":"<div class=\"n module-type-text diyfeLiveArea \">\n<p>Analogisen refraktometrin avulla voit tarkistaa j\u00e4\u00e4hdytysvoiteluaineesi pitoisuuden helposti ja k\u00e4tev\u00e4sti. Refraktometriss\u00e4 on automaattinen l\u00e4mp\u00f6tilan tasaus, mik\u00e4 takaa nopean ja luotettavan mittauksen. Voit k\u00e4ytt\u00e4\u00e4 refraktometri\u00e4 mittaamaan prosentuaalisen alueen 0,0 - 18,0 %.  <\/p>\n<p>Sinun etusi:<\/p>\n<ul>\n<li>Integroitu valaistus (LED)<\/li>\n<li>Helppo k\u00e4ytt\u00e4\u00e4<\/li>\n<li>Automaattinen l\u00e4mp\u00f6tilan tasaus<\/li>\n<li>Optimoitu skaalaus j\u00e4\u00e4hdytysvoiteluaineen mittausta varten (0 - 18).<\/li>\n<\/ul>\n<\/div>\n<p>&nbsp;<\/p>\n<p>Kevyt rakenne uuden prismateknologian ansiosta<\/p>\n","protected":false},"excerpt":{"rendered":"<p>0 - 18 % (lis\u00e4ys = 0,1 %).<\/p>\n","protected":false},"featured_media":2479,"comment_status":"closed","ping_status":"closed","template":"","meta":{"_acf_changed":false},"product_brand":[],"product_cat":[1374],"product_tag":[],"class_list":{"0":"post-13339","1":"product","2":"type-product","3":"status-publish","4":"has-post-thumbnail","6":"product_cat-testitapauksen-lisaevarusteet","8":"first","9":"instock","10":"purchasable","11":"product-type-simple"},"acf":[],"_links":{"self":[{"href":"https:\/\/hamma-uwt.de\/fi\/wp-json\/wp\/v2\/product\/13339","targetHints":{"allow":["GET"]}}],"collection":[{"href":"https:\/\/hamma-uwt.de\/fi\/wp-json\/wp\/v2\/product"}],"about":[{"href":"https:\/\/hamma-uwt.de\/fi\/wp-json\/wp\/v2\/types\/product"}],"replies":[{"embeddable":true,"href":"https:\/\/hamma-uwt.de\/fi\/wp-json\/wp\/v2\/comments?post=13339"}],"wp:featuredmedia":[{"embeddable":true,"href":"https:\/\/hamma-uwt.de\/fi\/wp-json\/wp\/v2\/media\/2479"}],"wp:attachment":[{"href":"https:\/\/hamma-uwt.de\/fi\/wp-json\/wp\/v2\/media?parent=13339"}],"wp:term":[{"taxonomy":"product_brand","embeddable":true,"href":"https:\/\/hamma-uwt.de\/fi\/wp-json\/wp\/v2\/product_brand?post=13339"},{"taxonomy":"product_cat","embeddable":true,"href":"https:\/\/hamma-uwt.de\/fi\/wp-json\/wp\/v2\/product_cat?post=13339"},{"taxonomy":"product_tag","embeddable":true,"href":"https:\/\/hamma-uwt.de\/fi\/wp-json\/wp\/v2\/product_tag?post=13339"}],"curies":[{"name":"wp","href":"https:\/\/api.w.org\/{rel}","templated":true}]}}