{"id":13344,"date":"2025-07-14T12:06:44","date_gmt":"2025-07-14T10:06:44","guid":{"rendered":"https:\/\/hamma-uwt.de\/produkt\/tasonvalvontasarja\/"},"modified":"2025-07-14T12:06:44","modified_gmt":"2025-07-14T10:06:44","slug":"tasonvalvontasarja","status":"publish","type":"product","link":"https:\/\/hamma-uwt.de\/fi\/produkt\/tasonvalvontasarja\/","title":{"rendered":"Tasonvalvontasarja"},"content":{"rendered":"<p>F\u00dc-1-t\u00e4ytt\u00f6tasonvalvontalaite on t\u00e4ysin elektronisesti ohjattu valvontaj\u00e4rjestelm\u00e4 s\u00e4ili\u00f6n automaattisen t\u00e4yt\u00f6n ohjaamiseen. Valvontaj\u00e4rjestelm\u00e4 tunnistaa s\u00e4ili\u00f6n t\u00e4ytt\u00f6tason antureiden avulla ja avaa ja sulkee venttiilin tarpeen mukaan. Laadukkaat komponentit (esim. WHG:n mukainen h\u00e4t\u00e4pys\u00e4ytys) mahdollistavat turvallisen, luotettavan ja automaattisen t\u00e4yt\u00f6n.  <\/p>\n<p>Kytkent\u00e4valmiin sarjan ansiosta voit t\u00e4ytt\u00e4\u00e4 koneesi nopeasti, helposti ja luotettavasti automaattisesti yhdess\u00e4 MISCEO 3:n kanssa.<\/p>\n<p>Sinun etusi:<\/p>\n<ul>\n<li>Automaattinen koneen t\u00e4ytt\u00f6<\/li>\n<li>Luotettava tuotanto<\/li>\n<li>Kytkent\u00e4valmis kokonaisratkaisu (yksinkertainen asennus)<\/li>\n<li>WHG:n mukainen h\u00e4t\u00e4pys\u00e4ytys<\/li>\n<li>Tasainen j\u00e4\u00e4hdytysvoiteluaineen l\u00e4mp\u00f6tila \/ Vakaa j\u00e4\u00e4hdytysvoiteluaineen pitoisuus<\/li>\n<\/ul>\n","protected":false},"excerpt":{"rendered":"<p>Tasomittari F\u00dc-1-24D t\u00e4ydellinen sarja<\/p>\n","protected":false},"featured_media":3786,"comment_status":"closed","ping_status":"closed","template":"","meta":{"_acf_changed":false},"product_brand":[],"product_cat":[1596],"product_tag":[],"class_list":{"0":"post-13344","1":"product","2":"type-product","3":"status-publish","4":"has-post-thumbnail","6":"product_cat-taeyttoetason-valvonta","8":"first","9":"instock","10":"purchasable","11":"product-type-simple"},"acf":[],"_links":{"self":[{"href":"https:\/\/hamma-uwt.de\/fi\/wp-json\/wp\/v2\/product\/13344","targetHints":{"allow":["GET"]}}],"collection":[{"href":"https:\/\/hamma-uwt.de\/fi\/wp-json\/wp\/v2\/product"}],"about":[{"href":"https:\/\/hamma-uwt.de\/fi\/wp-json\/wp\/v2\/types\/product"}],"replies":[{"embeddable":true,"href":"https:\/\/hamma-uwt.de\/fi\/wp-json\/wp\/v2\/comments?post=13344"}],"wp:featuredmedia":[{"embeddable":true,"href":"https:\/\/hamma-uwt.de\/fi\/wp-json\/wp\/v2\/media\/3786"}],"wp:attachment":[{"href":"https:\/\/hamma-uwt.de\/fi\/wp-json\/wp\/v2\/media?parent=13344"}],"wp:term":[{"taxonomy":"product_brand","embeddable":true,"href":"https:\/\/hamma-uwt.de\/fi\/wp-json\/wp\/v2\/product_brand?post=13344"},{"taxonomy":"product_cat","embeddable":true,"href":"https:\/\/hamma-uwt.de\/fi\/wp-json\/wp\/v2\/product_cat?post=13344"},{"taxonomy":"product_tag","embeddable":true,"href":"https:\/\/hamma-uwt.de\/fi\/wp-json\/wp\/v2\/product_tag?post=13344"}],"curies":[{"name":"wp","href":"https:\/\/api.w.org\/{rel}","templated":true}]}}