{"id":15127,"date":"2025-08-13T11:54:59","date_gmt":"2025-08-13T09:54:59","guid":{"rendered":"https:\/\/hamma-uwt.de\/produkt\/rapid-2-1-special\/"},"modified":"2025-08-13T11:54:59","modified_gmt":"2025-08-13T09:54:59","slug":"rapid-2-1-special","status":"publish","type":"product","link":"https:\/\/hamma-uwt.de\/fi\/produkt\/rapid-2-1-special\/","title":{"rendered":"RAPID 2.1 Special"},"content":{"rendered":"<p>Huippusuositun Rapid 2.1 -erikoishihnaskimmerin avulla j\u00e4\u00e4hdytysvoiteluaineessa olevan hukka\u00f6ljyn poistaminen koneista, joiden pinta-ala on enint\u00e4\u00e4n 2 m\u00b2, on nopeaa ja helppoa.<\/p>\n","protected":false},"excerpt":{"rendered":"<p>kuumille v\u00e4liaineille 70 \u00b0C:een asti, sis. ruostumattomasta ter\u00e4ksest\u00e4 valmistetun rullan, pinnat enint\u00e4\u00e4n 2 m\u00b2 (ilman skimmerihihnaa). <\/p>\n","protected":false},"featured_media":4293,"comment_status":"closed","ping_status":"closed","template":"","meta":{"_acf_changed":false},"product_brand":[],"product_cat":[839],"product_tag":[],"class_list":{"0":"post-15127","1":"product","2":"type-product","3":"status-publish","4":"has-post-thumbnail","6":"product_cat-rapid-2-1","8":"first","9":"instock","10":"purchasable","11":"product-type-variable"},"acf":[],"_links":{"self":[{"href":"https:\/\/hamma-uwt.de\/fi\/wp-json\/wp\/v2\/product\/15127","targetHints":{"allow":["GET"]}}],"collection":[{"href":"https:\/\/hamma-uwt.de\/fi\/wp-json\/wp\/v2\/product"}],"about":[{"href":"https:\/\/hamma-uwt.de\/fi\/wp-json\/wp\/v2\/types\/product"}],"replies":[{"embeddable":true,"href":"https:\/\/hamma-uwt.de\/fi\/wp-json\/wp\/v2\/comments?post=15127"}],"wp:featuredmedia":[{"embeddable":true,"href":"https:\/\/hamma-uwt.de\/fi\/wp-json\/wp\/v2\/media\/4293"}],"wp:attachment":[{"href":"https:\/\/hamma-uwt.de\/fi\/wp-json\/wp\/v2\/media?parent=15127"}],"wp:term":[{"taxonomy":"product_brand","embeddable":true,"href":"https:\/\/hamma-uwt.de\/fi\/wp-json\/wp\/v2\/product_brand?post=15127"},{"taxonomy":"product_cat","embeddable":true,"href":"https:\/\/hamma-uwt.de\/fi\/wp-json\/wp\/v2\/product_cat?post=15127"},{"taxonomy":"product_tag","embeddable":true,"href":"https:\/\/hamma-uwt.de\/fi\/wp-json\/wp\/v2\/product_tag?post=15127"}],"curies":[{"name":"wp","href":"https:\/\/api.w.org\/{rel}","templated":true}]}}