{"id":15483,"date":"2025-08-15T08:27:29","date_gmt":"2025-08-15T06:27:29","guid":{"rendered":"https:\/\/hamma-uwt.de\/produkt\/testitapaus-pieni\/"},"modified":"2025-08-15T08:27:29","modified_gmt":"2025-08-15T06:27:29","slug":"testitapaus-pieni","status":"publish","type":"product","link":"https:\/\/hamma-uwt.de\/fi\/produkt\/testitapaus-pieni\/","title":{"rendered":"TESTITAPAUS pieni"},"content":{"rendered":"<p>Light-testipakkaus toimitetaan ilman refraktometri\u00e4. Kompakti testisarja on valmis TRGS-611-mittausta varten. <\/p>\n<p>Testitapauksen avulla olet ihanteellisesti valmistautunut j\u00e4\u00e4hdytysvoiteluaineen mittauksiin. J\u00e4\u00e4hdytysvoiteluaineen tiedot kertovat paljon j\u00e4\u00e4hdytysvoiteluaineesi laadusta ja suorituskyvyst\u00e4. Jatkuvalla seurannalla ja oikealla k\u00e4sittelyll\u00e4 j\u00e4\u00e4hdytysvoiteluaineesi suorituskykyyn ja s\u00e4\u00e4st\u00f6ihin on valtava potentiaali. Kone- ja ty\u00f6kalukustannuksia voidaan v\u00e4hent\u00e4\u00e4 merkitt\u00e4v\u00e4sti, luot hygieenisen ymp\u00e4rist\u00f6n ja tied\u00e4t tarkalleen, milloin vaihto on tarpeen.   <\/p>\n<p>Sinun etusi:<\/p>\n<ul>\n<li>Vankka, laadukas ja kompakti<\/li>\n<li>Hygieeninen, yksinkertainen ja tehokas<\/li>\n<li>on TRGS 611 -standardin mukainen<\/li>\n<li>Vakaa biotase<\/li>\n<li>Lis\u00e4\u00e4 suorituskyky\u00e4 ja s\u00e4\u00e4st\u00e4\u00e4 rahaa<\/li>\n<\/ul>\n","protected":false},"excerpt":{"rendered":"<p>Light-testipakkaus toimitetaan ilman refraktometri\u00e4. Kompakti testisarja on valmis TRGS-611-mittausta varten. Testitapauksen avulla olet ihanteellisesti valmistautunut j\u00e4\u00e4hdytysvoiteluaineen mittauksiin. J\u00e4\u00e4hdytysvoiteluaineen tiedot kertovat paljon j\u00e4\u00e4hdytysvoiteluaineesi laadusta ja suorituskyvyst\u00e4. Jatkuvalla seurannalla ja oikealla k\u00e4sittelyll\u00e4 j\u00e4\u00e4hdytysvoiteluaineesi suorituskykyyn ja s\u00e4\u00e4st\u00f6ihin on valtava potentiaali. Kone- ja ty\u00f6kalukustannuksia voidaan v\u00e4hent\u00e4\u00e4 merkitt\u00e4v\u00e4sti, luot hygieenisen ymp\u00e4rist\u00f6n ja tied\u00e4t tarkalleen, milloin vaihto on tarpeen. Sinun etusi: [&hellip;]<\/p>\n","protected":false},"featured_media":3508,"comment_status":"closed","ping_status":"closed","template":"","meta":{"_acf_changed":false},"product_brand":[],"product_cat":[1373],"product_tag":[],"class_list":{"0":"post-15483","1":"product","2":"type-product","3":"status-publish","4":"has-post-thumbnail","6":"product_cat-testitapaus","8":"first","9":"instock","10":"shipping-taxable","11":"purchasable","12":"product-type-variable","13":"has-default-attributes"},"acf":[],"_links":{"self":[{"href":"https:\/\/hamma-uwt.de\/fi\/wp-json\/wp\/v2\/product\/15483","targetHints":{"allow":["GET"]}}],"collection":[{"href":"https:\/\/hamma-uwt.de\/fi\/wp-json\/wp\/v2\/product"}],"about":[{"href":"https:\/\/hamma-uwt.de\/fi\/wp-json\/wp\/v2\/types\/product"}],"replies":[{"embeddable":true,"href":"https:\/\/hamma-uwt.de\/fi\/wp-json\/wp\/v2\/comments?post=15483"}],"wp:featuredmedia":[{"embeddable":true,"href":"https:\/\/hamma-uwt.de\/fi\/wp-json\/wp\/v2\/media\/3508"}],"wp:attachment":[{"href":"https:\/\/hamma-uwt.de\/fi\/wp-json\/wp\/v2\/media?parent=15483"}],"wp:term":[{"taxonomy":"product_brand","embeddable":true,"href":"https:\/\/hamma-uwt.de\/fi\/wp-json\/wp\/v2\/product_brand?post=15483"},{"taxonomy":"product_cat","embeddable":true,"href":"https:\/\/hamma-uwt.de\/fi\/wp-json\/wp\/v2\/product_cat?post=15483"},{"taxonomy":"product_tag","embeddable":true,"href":"https:\/\/hamma-uwt.de\/fi\/wp-json\/wp\/v2\/product_tag?post=15483"}],"curies":[{"name":"wp","href":"https:\/\/api.w.org\/{rel}","templated":true}]}}