{"id":15612,"date":"2025-12-18T12:02:17","date_gmt":"2025-12-18T11:02:17","guid":{"rendered":"https:\/\/hamma-uwt.de\/produkt\/rapid-1-1-konfiguraattori\/"},"modified":"2025-12-18T12:02:17","modified_gmt":"2025-12-18T11:02:17","slug":"rapid-1-1-konfiguraattori","status":"publish","type":"product","link":"https:\/\/hamma-uwt.de\/fi\/produkt\/rapid-1-1-konfiguraattori\/","title":{"rendered":"RAPID 1.1 - Konfiguraattori"},"content":{"rendered":"<p>T\u00e4\u00e4ll\u00e4 voit m\u00e4\u00e4ritt\u00e4\u00e4 RAPID 1.1:n peruskomponentit kysely\u00e4si varten.<\/p>\n","protected":false},"excerpt":{"rendered":"<p>RAPID 1.1 - r\u00e4\u00e4t\u00e4l\u00f6i RAPID 1.1 - t\u00e4ydellisesti k\u00e4ytt\u00f6olosuhteisiisi sopivaksi.<\/p>\n","protected":false},"featured_media":4339,"comment_status":"closed","ping_status":"closed","template":"","meta":{"_acf_changed":false},"product_brand":[],"product_cat":[2048],"product_tag":[],"class_list":{"0":"post-15612","1":"product","2":"type-product","3":"status-publish","4":"has-post-thumbnail","6":"product_cat-rapid-1-1","8":"first","9":"instock","10":"shipping-taxable","11":"product-type-grouped"},"acf":[],"_links":{"self":[{"href":"https:\/\/hamma-uwt.de\/fi\/wp-json\/wp\/v2\/product\/15612","targetHints":{"allow":["GET"]}}],"collection":[{"href":"https:\/\/hamma-uwt.de\/fi\/wp-json\/wp\/v2\/product"}],"about":[{"href":"https:\/\/hamma-uwt.de\/fi\/wp-json\/wp\/v2\/types\/product"}],"replies":[{"embeddable":true,"href":"https:\/\/hamma-uwt.de\/fi\/wp-json\/wp\/v2\/comments?post=15612"}],"wp:featuredmedia":[{"embeddable":true,"href":"https:\/\/hamma-uwt.de\/fi\/wp-json\/wp\/v2\/media\/4339"}],"wp:attachment":[{"href":"https:\/\/hamma-uwt.de\/fi\/wp-json\/wp\/v2\/media?parent=15612"}],"wp:term":[{"taxonomy":"product_brand","embeddable":true,"href":"https:\/\/hamma-uwt.de\/fi\/wp-json\/wp\/v2\/product_brand?post=15612"},{"taxonomy":"product_cat","embeddable":true,"href":"https:\/\/hamma-uwt.de\/fi\/wp-json\/wp\/v2\/product_cat?post=15612"},{"taxonomy":"product_tag","embeddable":true,"href":"https:\/\/hamma-uwt.de\/fi\/wp-json\/wp\/v2\/product_tag?post=15612"}],"curies":[{"name":"wp","href":"https:\/\/api.w.org\/{rel}","templated":true}]}}