{"id":15616,"date":"2025-08-20T08:29:47","date_gmt":"2025-08-20T06:29:47","guid":{"rendered":"https:\/\/hamma-uwt.de\/produkt\/misceo-premium\/"},"modified":"2025-08-20T08:29:47","modified_gmt":"2025-08-20T06:29:47","slug":"misceo-premium","status":"publish","type":"product","link":"https:\/\/hamma-uwt.de\/fi\/produkt\/misceo-premium\/","title":{"rendered":"Misceo Premium"},"content":{"rendered":"<p>Ammattimainen ratkaisu veteen sekoittuvien j\u00e4\u00e4hdytysvoiteluaineiden sekoittamiseen. Sen ainutlaatuinen sekoitusyksikk\u00f6 ja elektroniikka, jossa on yksinkertainen valikkonavigointi, takaavat optimaaliset tulokset. S\u00e4\u00e4st\u00e4t aikaa ja rahaa.  <\/p>\n<p>Sinun etusi:<\/p>\n<ul>\n<li>t\u00e4ydellisesti sekoitettu<\/li>\n<li>J\u00e4\u00e4hdytysvoiteluaine<\/li>\n<li>Tarkka sekoitustulos<\/li>\n<li>Tunnistaa tyhj\u00e4t s\u00e4ili\u00f6t<\/li>\n<li>Joustavat letkun pituudet<\/li>\n<li>Automaattinen sammutus<\/li>\n<li>Lukittava<\/li>\n<li>Automaattinen koneen t\u00e4ytt\u00f6<\/li>\n<li>Yksinkertainen k\u00e4ytt\u00f6<\/li>\n<li>Tankkaa kuin huoltoasemalla<\/li>\n<\/ul>\n<p>K\u00e4ytt\u00f6vaatimus: DIN EN 1717 mukainen j\u00e4rjestelm\u00e4n erotin.<\/p>\n","protected":false},"excerpt":{"rendered":"<p>T\u00e4ysin elektronisesti ohjattu sekoitusyksikk\u00f6<\/p>\n","protected":false},"featured_media":3962,"comment_status":"closed","ping_status":"closed","template":"","meta":{"_acf_changed":false},"product_brand":[],"product_cat":[875],"product_tag":[],"class_list":{"0":"post-15616","1":"product","2":"type-product","3":"status-publish","4":"has-post-thumbnail","6":"product_cat-misceo-sekoitin","8":"first","9":"instock","10":"purchasable","11":"product-type-simple"},"acf":[],"_links":{"self":[{"href":"https:\/\/hamma-uwt.de\/fi\/wp-json\/wp\/v2\/product\/15616","targetHints":{"allow":["GET"]}}],"collection":[{"href":"https:\/\/hamma-uwt.de\/fi\/wp-json\/wp\/v2\/product"}],"about":[{"href":"https:\/\/hamma-uwt.de\/fi\/wp-json\/wp\/v2\/types\/product"}],"replies":[{"embeddable":true,"href":"https:\/\/hamma-uwt.de\/fi\/wp-json\/wp\/v2\/comments?post=15616"}],"wp:featuredmedia":[{"embeddable":true,"href":"https:\/\/hamma-uwt.de\/fi\/wp-json\/wp\/v2\/media\/3962"}],"wp:attachment":[{"href":"https:\/\/hamma-uwt.de\/fi\/wp-json\/wp\/v2\/media?parent=15616"}],"wp:term":[{"taxonomy":"product_brand","embeddable":true,"href":"https:\/\/hamma-uwt.de\/fi\/wp-json\/wp\/v2\/product_brand?post=15616"},{"taxonomy":"product_cat","embeddable":true,"href":"https:\/\/hamma-uwt.de\/fi\/wp-json\/wp\/v2\/product_cat?post=15616"},{"taxonomy":"product_tag","embeddable":true,"href":"https:\/\/hamma-uwt.de\/fi\/wp-json\/wp\/v2\/product_tag?post=15616"}],"curies":[{"name":"wp","href":"https:\/\/api.w.org\/{rel}","templated":true}]}}