{"id":16157,"date":"2025-07-14T11:22:37","date_gmt":"2025-07-14T09:22:37","guid":{"rendered":"https:\/\/hamma-uwt.de\/produkt\/jaerjestelmaen-erotin\/"},"modified":"2025-07-14T11:22:37","modified_gmt":"2025-07-14T09:22:37","slug":"jaerjestelmaen-erotin","status":"publish","type":"product","link":"https:\/\/hamma-uwt.de\/fi\/produkt\/jaerjestelmaen-erotin\/","title":{"rendered":"J\u00e4rjestelm\u00e4n erotin"},"content":{"rendered":"<p>Suojaa juomavesi saastumiselta<br \/>\nj\u00e4\u00e4hdytysvoiteluaineella. Erityisesti sekoituslaitteet ja letkut<br \/>\nmuodostavat v\u00e4litt\u00f6m\u00e4n riskin yrityksiss\u00e4.<br \/>\n<strong>juomavesiasetuksen<\/strong> DIN EN 1717 mukaan jokainen yritys on velvollinen<br \/>\nsuojaamaan juomavesij\u00e4rjestelm\u00e4ns\u00e4 saastumiselta riitt\u00e4v\u00e4sti<br \/>\n.  <\/p>\n<p>T\u00e4m\u00e4n j\u00e4rjestelm\u00e4n erottimen avulla voit<br \/>\ntaata t\u00e4m\u00e4n suojan j\u00e4\u00e4hdytysvoiteluaineille ja muille kemiallisille<br \/>\naineille vaaraluokkaan 4 asti.<\/p>\n","protected":false},"excerpt":{"rendered":"<p>Hanan j\u00e4lkiasennukseen ja kiinnitt\u00e4miseen.<\/p>\n","protected":false},"featured_media":3885,"comment_status":"closed","ping_status":"closed","template":"","meta":{"_acf_changed":false},"product_brand":[],"product_cat":[798],"product_tag":[],"class_list":{"0":"post-16157","1":"product","2":"type-product","3":"status-publish","4":"has-post-thumbnail","6":"product_cat-misceo-tarvikkeet","8":"first","9":"instock","10":"purchasable","11":"product-type-variable"},"acf":[],"_links":{"self":[{"href":"https:\/\/hamma-uwt.de\/fi\/wp-json\/wp\/v2\/product\/16157","targetHints":{"allow":["GET"]}}],"collection":[{"href":"https:\/\/hamma-uwt.de\/fi\/wp-json\/wp\/v2\/product"}],"about":[{"href":"https:\/\/hamma-uwt.de\/fi\/wp-json\/wp\/v2\/types\/product"}],"replies":[{"embeddable":true,"href":"https:\/\/hamma-uwt.de\/fi\/wp-json\/wp\/v2\/comments?post=16157"}],"wp:featuredmedia":[{"embeddable":true,"href":"https:\/\/hamma-uwt.de\/fi\/wp-json\/wp\/v2\/media\/3885"}],"wp:attachment":[{"href":"https:\/\/hamma-uwt.de\/fi\/wp-json\/wp\/v2\/media?parent=16157"}],"wp:term":[{"taxonomy":"product_brand","embeddable":true,"href":"https:\/\/hamma-uwt.de\/fi\/wp-json\/wp\/v2\/product_brand?post=16157"},{"taxonomy":"product_cat","embeddable":true,"href":"https:\/\/hamma-uwt.de\/fi\/wp-json\/wp\/v2\/product_cat?post=16157"},{"taxonomy":"product_tag","embeddable":true,"href":"https:\/\/hamma-uwt.de\/fi\/wp-json\/wp\/v2\/product_tag?post=16157"}],"curies":[{"name":"wp","href":"https:\/\/api.w.org\/{rel}","templated":true}]}}