{"id":17403,"date":"2025-07-14T12:06:39","date_gmt":"2025-07-14T10:06:39","guid":{"rendered":"https:\/\/hamma-uwt.de\/produkt\/clean-tower-150\/"},"modified":"2025-07-14T12:06:39","modified_gmt":"2025-07-14T10:06:39","slug":"clean-tower-150","status":"publish","type":"product","link":"https:\/\/hamma-uwt.de\/fi\/produkt\/clean-tower-150\/","title":{"rendered":"CLEAN-TOWER 150"},"content":{"rendered":"<p>Clean-Tower 150 tarjoaa sinulle t\u00e4ydellist\u00e4 hoitoa j\u00e4\u00e4hdytysvoiteluaineellesi. Liuotetun ilman flotaation k\u00e4ytt\u00f6 tekee kulkeutuneista \u00f6ljyist\u00e4, suspendoituneista hiukkasista ja hapenpuutteesta historiaa. <\/p>\n<p>Liikuteltava puhdistusj\u00e4rjestelm\u00e4 imee saastuneen j\u00e4\u00e4hdytysvoiteluaineen pinnalta ja siirt\u00e4\u00e4 sen reaktorikammioon. CLEAN-TOWER kelluttaa vieraat \u00f6ljyt<br \/>\nja suspendoituneet hiukkaset pinnalle tuodun ilman avulla, siirt\u00e4\u00e4 ne integroituun likaantumiss\u00e4ili\u00f6\u00f6n, rikastaa j\u00e4\u00e4hdytysvoiteluaineen hapella ja palauttaa sen takaisin tuotantokoneeseen. Ty\u00f6skentelet jatkossa pysyv\u00e4sti tehokkaalla ja terveellisell\u00e4 j\u00e4\u00e4hdytysvoiteluaineella ilman kompromisseja!  <\/p>\n<p>&nbsp;<\/p>\n<p>Sinun etusi:<\/p>\n<ul>\n<li>V\u00e4hent\u00e4\u00e4 k\u00e4ytt\u00f6kustannuksia<\/li>\n<li>Ty\u00f6kalun, koneen ja j\u00e4\u00e4hdytysvoiteluaineen pidempi k\u00e4ytt\u00f6ik\u00e4<\/li>\n<li>parantaa tuotannon laatua<\/li>\n<li>lis\u00e4\u00e4 tuotantonopeutta<\/li>\n<li>Est\u00e4\u00e4 ep\u00e4miellytt\u00e4vi\u00e4 hajuja<\/li>\n<li>Selke\u00e4 n\u00e4kym\u00e4 koneeseen<\/li>\n<li>Lis\u00e4\u00e4 hygieniaa ja ty\u00f6ntekij\u00f6iden tyytyv\u00e4isyytt\u00e4<\/li>\n<\/ul>\n<p>&nbsp;<\/p>\n","protected":false},"excerpt":{"rendered":"<p>mukaan lukien. Putkisto \/ letkut ja imukellukkeet AS 100<\/p>\n","protected":false},"featured_media":2049,"comment_status":"closed","ping_status":"closed","template":"","meta":{"_acf_changed":false},"product_brand":[],"product_cat":[2185],"product_tag":[],"class_list":{"0":"post-17403","1":"product","2":"type-product","3":"status-publish","4":"has-post-thumbnail","6":"product_cat-puhdas-torni","8":"first","9":"instock","10":"purchasable","11":"product-type-simple"},"acf":[],"_links":{"self":[{"href":"https:\/\/hamma-uwt.de\/fi\/wp-json\/wp\/v2\/product\/17403","targetHints":{"allow":["GET"]}}],"collection":[{"href":"https:\/\/hamma-uwt.de\/fi\/wp-json\/wp\/v2\/product"}],"about":[{"href":"https:\/\/hamma-uwt.de\/fi\/wp-json\/wp\/v2\/types\/product"}],"replies":[{"embeddable":true,"href":"https:\/\/hamma-uwt.de\/fi\/wp-json\/wp\/v2\/comments?post=17403"}],"wp:featuredmedia":[{"embeddable":true,"href":"https:\/\/hamma-uwt.de\/fi\/wp-json\/wp\/v2\/media\/2049"}],"wp:attachment":[{"href":"https:\/\/hamma-uwt.de\/fi\/wp-json\/wp\/v2\/media?parent=17403"}],"wp:term":[{"taxonomy":"product_brand","embeddable":true,"href":"https:\/\/hamma-uwt.de\/fi\/wp-json\/wp\/v2\/product_brand?post=17403"},{"taxonomy":"product_cat","embeddable":true,"href":"https:\/\/hamma-uwt.de\/fi\/wp-json\/wp\/v2\/product_cat?post=17403"},{"taxonomy":"product_tag","embeddable":true,"href":"https:\/\/hamma-uwt.de\/fi\/wp-json\/wp\/v2\/product_tag?post=17403"}],"curies":[{"name":"wp","href":"https:\/\/api.w.org\/{rel}","templated":true}]}}