{"id":17446,"date":"2025-07-14T12:06:39","date_gmt":"2025-07-14T10:06:39","guid":{"rendered":"https:\/\/hamma-uwt.de\/produkt\/magneettinen-luuta\/"},"modified":"2025-07-14T12:06:39","modified_gmt":"2025-07-14T10:06:39","slug":"magneettinen-luuta","status":"publish","type":"product","link":"https:\/\/hamma-uwt.de\/fi\/produkt\/magneettinen-luuta\/","title":{"rendered":"Magneettinen luuta"},"content":{"rendered":"<p>Tehokkaan luudan, jossa on suuri nostokapasiteetti ja 400 mm:n kokonaisleveys, ansiosta voit puhdistaa lattiapinnat ja ty\u00f6ymp\u00e4rist\u00f6n nopeasti, helposti ja luotettavasti magneettiluudalla. K\u00e4tev\u00e4n kahvan avulla magneettiluuta on tukevasti k\u00e4dess\u00e4si ja voit ohjata sen turvallisesti lastuille ja vet\u00e4\u00e4 ne puoleesi. Kun ved\u00e4t liukus\u00e4\u00e4timest\u00e4, magneettisuus katoaa ja puoleensa vet\u00e4m\u00e4t lastut yksinkertaisesti putoavat pois.<br \/>\nPuhdas lattiapinta lis\u00e4\u00e4 yrityksesi laatua ja turvallisuutta ja pit\u00e4\u00e4 ty\u00f6ymp\u00e4rist\u00f6n puhtaana ja hygieenisen\u00e4.<br \/>\nMagneettiluudan avulla voit my\u00f6s poimia pieni\u00e4 magneettisia esineit\u00e4 ja erottaa toisistaan magneettiset ja ei-magneettiset teollisuuden osat.  <\/p>\n<p>Magneettiluuta voidaan pident\u00e4\u00e4 800 mm:st\u00e4 1120 mm:n kokonaiskorkeuteen. N\u00e4in voit mukauttaa magneettiluudan yksil\u00f6llisiin tarpeisiisi. <\/p>\n","protected":false},"excerpt":{"rendered":"<p>teleskooppikahvalla, harjan leveys 400 mm, kokonaiskorkeus max. 1120 mm. <\/p>\n","protected":false},"featured_media":3795,"comment_status":"closed","ping_status":"closed","template":"","meta":{"_acf_changed":false},"product_brand":[],"product_cat":[957,985],"product_tag":[],"class_list":{"0":"post-17446","1":"product","2":"type-product","3":"status-publish","4":"has-post-thumbnail","6":"product_cat-chip-maxx-ja-magneettinen-luuta","7":"product_cat-vahvat-avustajat","9":"first","10":"instock","11":"purchasable","12":"product-type-simple"},"acf":[],"_links":{"self":[{"href":"https:\/\/hamma-uwt.de\/fi\/wp-json\/wp\/v2\/product\/17446","targetHints":{"allow":["GET"]}}],"collection":[{"href":"https:\/\/hamma-uwt.de\/fi\/wp-json\/wp\/v2\/product"}],"about":[{"href":"https:\/\/hamma-uwt.de\/fi\/wp-json\/wp\/v2\/types\/product"}],"replies":[{"embeddable":true,"href":"https:\/\/hamma-uwt.de\/fi\/wp-json\/wp\/v2\/comments?post=17446"}],"wp:featuredmedia":[{"embeddable":true,"href":"https:\/\/hamma-uwt.de\/fi\/wp-json\/wp\/v2\/media\/3795"}],"wp:attachment":[{"href":"https:\/\/hamma-uwt.de\/fi\/wp-json\/wp\/v2\/media?parent=17446"}],"wp:term":[{"taxonomy":"product_brand","embeddable":true,"href":"https:\/\/hamma-uwt.de\/fi\/wp-json\/wp\/v2\/product_brand?post=17446"},{"taxonomy":"product_cat","embeddable":true,"href":"https:\/\/hamma-uwt.de\/fi\/wp-json\/wp\/v2\/product_cat?post=17446"},{"taxonomy":"product_tag","embeddable":true,"href":"https:\/\/hamma-uwt.de\/fi\/wp-json\/wp\/v2\/product_tag?post=17446"}],"curies":[{"name":"wp","href":"https:\/\/api.w.org\/{rel}","templated":true}]}}