{"id":17484,"date":"2025-07-14T12:06:39","date_gmt":"2025-07-14T10:06:39","guid":{"rendered":"https:\/\/hamma-uwt.de\/produkt\/rubi\/"},"modified":"2025-07-14T12:06:39","modified_gmt":"2025-07-14T10:06:39","slug":"rubi","status":"publish","type":"product","link":"https:\/\/hamma-uwt.de\/fi\/produkt\/rubi\/","title":{"rendered":"RUBI"},"content":{"rendered":"<p>Rubi-t\u00e4ytt\u00f6lokero tramp-\u00f6ljylle on vankka tippalokero, jonka tilavuus on 1,8 litraa.<\/p>\n<p>Integroitu ylivuotosuoja est\u00e4\u00e4 s\u00e4ili\u00f6n ylivuodon. Jos Rubia ei tyhjennet\u00e4, ylim\u00e4\u00e4r\u00e4inen m\u00e4\u00e4r\u00e4 johdetaan takaisin koneeseen dekantteritoiminnon avulla. Rubin tyhjent\u00e4minen on eritt\u00e4in nopeaa ja helppoa sen nerokkaan rakenteen ansiosta. Se voidaan kiinnitt\u00e4\u00e4 koneeseen nopeasti ja helposti - ilman porausta tai ruuveja.   <\/p>\n","protected":false},"excerpt":{"rendered":"<p>Ker\u00e4ysastia j\u00e4te\u00f6ljylle, sis. ylivuotosuojan, lis\u00e4varuste kaikkiin RAPID-\u00f6ljynerottimiin. <\/p>\n","protected":false},"featured_media":3430,"comment_status":"closed","ping_status":"closed","template":"","meta":{"_acf_changed":false},"product_brand":[],"product_cat":[2372],"product_tag":[],"class_list":{"0":"post-17484","1":"product","2":"type-product","3":"status-publish","4":"has-post-thumbnail","6":"product_cat-nopea-oeljynpoistin","8":"first","9":"instock","10":"purchasable","11":"product-type-simple"},"acf":[],"_links":{"self":[{"href":"https:\/\/hamma-uwt.de\/fi\/wp-json\/wp\/v2\/product\/17484","targetHints":{"allow":["GET"]}}],"collection":[{"href":"https:\/\/hamma-uwt.de\/fi\/wp-json\/wp\/v2\/product"}],"about":[{"href":"https:\/\/hamma-uwt.de\/fi\/wp-json\/wp\/v2\/types\/product"}],"replies":[{"embeddable":true,"href":"https:\/\/hamma-uwt.de\/fi\/wp-json\/wp\/v2\/comments?post=17484"}],"wp:featuredmedia":[{"embeddable":true,"href":"https:\/\/hamma-uwt.de\/fi\/wp-json\/wp\/v2\/media\/3430"}],"wp:attachment":[{"href":"https:\/\/hamma-uwt.de\/fi\/wp-json\/wp\/v2\/media?parent=17484"}],"wp:term":[{"taxonomy":"product_brand","embeddable":true,"href":"https:\/\/hamma-uwt.de\/fi\/wp-json\/wp\/v2\/product_brand?post=17484"},{"taxonomy":"product_cat","embeddable":true,"href":"https:\/\/hamma-uwt.de\/fi\/wp-json\/wp\/v2\/product_cat?post=17484"},{"taxonomy":"product_tag","embeddable":true,"href":"https:\/\/hamma-uwt.de\/fi\/wp-json\/wp\/v2\/product_tag?post=17484"}],"curies":[{"name":"wp","href":"https:\/\/api.w.org\/{rel}","templated":true}]}}