{"id":17578,"date":"2025-07-14T12:06:44","date_gmt":"2025-07-14T10:06:44","guid":{"rendered":"https:\/\/hamma-uwt.de\/produkt\/taeyttoepistooli\/"},"modified":"2025-07-14T12:06:44","modified_gmt":"2025-07-14T10:06:44","slug":"taeyttoepistooli","status":"publish","type":"product","link":"https:\/\/hamma-uwt.de\/fi\/produkt\/taeyttoepistooli\/","title":{"rendered":"T\u00e4ytt\u00f6pistooli"},"content":{"rendered":"<p>Misceon t\u00e4ytt\u00f6pistooli, jossa on automaattinen sammutusj\u00e4rjestelm\u00e4<\/p>\n<ul>\n<li>T\u00e4ytt\u00f6pistoolin liit\u00e4nt\u00e4kierre -&gt; 3\/4 &#8221;i (sis\u00e4kierre).<\/li>\n<li>Liit\u00e4nt\u00e4kierre letkussa -&gt; 1\/2 &#8221;i (sis\u00e4kierre)<\/li>\n<\/ul>\n<p>Edellytys: \u00c4lyk\u00e4s paineen s\u00e4\u00e4t\u00f6<\/p>\n","protected":false},"excerpt":{"rendered":"<p>mukaan lukien. 2 m letku, Misceo 3 tarvikkeet<\/p>\n","protected":false},"featured_media":3854,"comment_status":"closed","ping_status":"closed","template":"","meta":{"_acf_changed":false},"product_brand":[],"product_cat":[798],"product_tag":[],"class_list":{"0":"post-17578","1":"product","2":"type-product","3":"status-publish","4":"has-post-thumbnail","6":"product_cat-misceo-tarvikkeet","8":"first","9":"instock","10":"purchasable","11":"product-type-simple"},"acf":[],"_links":{"self":[{"href":"https:\/\/hamma-uwt.de\/fi\/wp-json\/wp\/v2\/product\/17578","targetHints":{"allow":["GET"]}}],"collection":[{"href":"https:\/\/hamma-uwt.de\/fi\/wp-json\/wp\/v2\/product"}],"about":[{"href":"https:\/\/hamma-uwt.de\/fi\/wp-json\/wp\/v2\/types\/product"}],"replies":[{"embeddable":true,"href":"https:\/\/hamma-uwt.de\/fi\/wp-json\/wp\/v2\/comments?post=17578"}],"wp:featuredmedia":[{"embeddable":true,"href":"https:\/\/hamma-uwt.de\/fi\/wp-json\/wp\/v2\/media\/3854"}],"wp:attachment":[{"href":"https:\/\/hamma-uwt.de\/fi\/wp-json\/wp\/v2\/media?parent=17578"}],"wp:term":[{"taxonomy":"product_brand","embeddable":true,"href":"https:\/\/hamma-uwt.de\/fi\/wp-json\/wp\/v2\/product_brand?post=17578"},{"taxonomy":"product_cat","embeddable":true,"href":"https:\/\/hamma-uwt.de\/fi\/wp-json\/wp\/v2\/product_cat?post=17578"},{"taxonomy":"product_tag","embeddable":true,"href":"https:\/\/hamma-uwt.de\/fi\/wp-json\/wp\/v2\/product_tag?post=17578"}],"curies":[{"name":"wp","href":"https:\/\/api.w.org\/{rel}","templated":true}]}}