{"id":19359,"date":"2025-07-14T11:22:09","date_gmt":"2025-07-14T09:22:09","guid":{"rendered":"https:\/\/hamma-uwt.de\/produkt\/rapid-1-1\/"},"modified":"2025-07-14T11:22:09","modified_gmt":"2025-07-14T09:22:09","slug":"rapid-1-1","status":"publish","type":"product","link":"https:\/\/hamma-uwt.de\/fi\/produkt\/rapid-1-1\/","title":{"rendered":"RAPID 1.1"},"content":{"rendered":"<p>Rapid 1.1 -hihnaskimmerin avulla j\u00e4\u00e4hdytysvoiteluaineessa olevan hukka\u00f6ljyn poistaminen koneista, joiden pinta-ala on enint\u00e4\u00e4n 6 m\u00b2, on nopeaa ja helppoa.<\/p>\n","protected":false},"excerpt":{"rendered":"<p>j\u00e4\u00e4hdytysnesteelle 40 \u00b0C:een asti, pinnat enint\u00e4\u00e4n 6 m\u00b2 (ilman skimmerinauhaa).<\/p>\n","protected":false},"featured_media":4339,"comment_status":"closed","ping_status":"closed","template":"","meta":{"_acf_changed":false},"product_brand":[],"product_cat":[2048],"product_tag":[],"class_list":{"0":"post-19359","1":"product","2":"type-product","3":"status-publish","4":"has-post-thumbnail","6":"product_cat-rapid-1-1","8":"first","9":"instock","10":"purchasable","11":"product-type-variable"},"acf":[],"_links":{"self":[{"href":"https:\/\/hamma-uwt.de\/fi\/wp-json\/wp\/v2\/product\/19359","targetHints":{"allow":["GET"]}}],"collection":[{"href":"https:\/\/hamma-uwt.de\/fi\/wp-json\/wp\/v2\/product"}],"about":[{"href":"https:\/\/hamma-uwt.de\/fi\/wp-json\/wp\/v2\/types\/product"}],"replies":[{"embeddable":true,"href":"https:\/\/hamma-uwt.de\/fi\/wp-json\/wp\/v2\/comments?post=19359"}],"wp:featuredmedia":[{"embeddable":true,"href":"https:\/\/hamma-uwt.de\/fi\/wp-json\/wp\/v2\/media\/4339"}],"wp:attachment":[{"href":"https:\/\/hamma-uwt.de\/fi\/wp-json\/wp\/v2\/media?parent=19359"}],"wp:term":[{"taxonomy":"product_brand","embeddable":true,"href":"https:\/\/hamma-uwt.de\/fi\/wp-json\/wp\/v2\/product_brand?post=19359"},{"taxonomy":"product_cat","embeddable":true,"href":"https:\/\/hamma-uwt.de\/fi\/wp-json\/wp\/v2\/product_cat?post=19359"},{"taxonomy":"product_tag","embeddable":true,"href":"https:\/\/hamma-uwt.de\/fi\/wp-json\/wp\/v2\/product_tag?post=19359"}],"curies":[{"name":"wp","href":"https:\/\/api.w.org\/{rel}","templated":true}]}}