{"id":19694,"date":"2025-07-14T11:22:12","date_gmt":"2025-07-14T09:22:12","guid":{"rendered":"https:\/\/hamma-uwt.de\/produkt\/rapid-5\/"},"modified":"2025-07-14T11:22:12","modified_gmt":"2025-07-14T09:22:12","slug":"rapid-5","status":"publish","type":"product","link":"https:\/\/hamma-uwt.de\/fi\/produkt\/rapid-5\/","title":{"rendered":"RAPID 5"},"content":{"rendered":"<p>Rapid 5 on hihnaskimmeri, jossa on s\u00e4\u00e4dett\u00e4v\u00e4 varsi ja magneettipidike, mik\u00e4 tekee siit\u00e4 tehokkaan, joustavan ja helppok\u00e4ytt\u00f6isen my\u00f6s vaikeasti saavutettavissa s\u00e4ili\u00f6iss\u00e4. Se soveltuu enint\u00e4\u00e4n 2 m\u00b2:n pinnoille. <\/p>\n","protected":false},"excerpt":{"rendered":"<p>Hihnaskimmeri voiteluaineiden j\u00e4\u00e4hdytt\u00e4miseen, pinta-ala enint\u00e4\u00e4n 2 m\u00b2, sis. skimmerihihnat. <\/p>\n","protected":false},"featured_media":3811,"comment_status":"closed","ping_status":"closed","template":"","meta":{"_acf_changed":false},"product_brand":[],"product_cat":[1351],"product_tag":[],"class_list":{"0":"post-19694","1":"product","2":"type-product","3":"status-publish","4":"has-post-thumbnail","6":"product_cat-rapid-5","8":"first","9":"instock","10":"purchasable","11":"product-type-variable","12":"has-default-attributes"},"acf":[],"_links":{"self":[{"href":"https:\/\/hamma-uwt.de\/fi\/wp-json\/wp\/v2\/product\/19694","targetHints":{"allow":["GET"]}}],"collection":[{"href":"https:\/\/hamma-uwt.de\/fi\/wp-json\/wp\/v2\/product"}],"about":[{"href":"https:\/\/hamma-uwt.de\/fi\/wp-json\/wp\/v2\/types\/product"}],"replies":[{"embeddable":true,"href":"https:\/\/hamma-uwt.de\/fi\/wp-json\/wp\/v2\/comments?post=19694"}],"wp:featuredmedia":[{"embeddable":true,"href":"https:\/\/hamma-uwt.de\/fi\/wp-json\/wp\/v2\/media\/3811"}],"wp:attachment":[{"href":"https:\/\/hamma-uwt.de\/fi\/wp-json\/wp\/v2\/media?parent=19694"}],"wp:term":[{"taxonomy":"product_brand","embeddable":true,"href":"https:\/\/hamma-uwt.de\/fi\/wp-json\/wp\/v2\/product_brand?post=19694"},{"taxonomy":"product_cat","embeddable":true,"href":"https:\/\/hamma-uwt.de\/fi\/wp-json\/wp\/v2\/product_cat?post=19694"},{"taxonomy":"product_tag","embeddable":true,"href":"https:\/\/hamma-uwt.de\/fi\/wp-json\/wp\/v2\/product_tag?post=19694"}],"curies":[{"name":"wp","href":"https:\/\/api.w.org\/{rel}","templated":true}]}}