{"id":20039,"date":"2025-07-14T11:22:15","date_gmt":"2025-07-14T09:22:15","guid":{"rendered":"https:\/\/hamma-uwt.de\/produkt\/ibc-avain\/"},"modified":"2025-07-14T11:22:15","modified_gmt":"2025-07-14T09:22:15","slug":"ibc-avain","status":"publish","type":"product","link":"https:\/\/hamma-uwt.de\/fi\/produkt\/ibc-avain\/","title":{"rendered":"IBC-avain"},"content":{"rendered":"<p>IBC-avain s\u00e4ili\u00f6iden nopeaan ja helppoon avaamiseen<\/p>\n<p>IBC-avaimella voit avata ja sulkea IBC-s\u00e4ili\u00f6t hetkess\u00e4 ja ilman suurempaa vaivaa viputoiminnon ansiosta. J\u00e4m\u00e4k\u00e4st\u00e4 ruostumattomasta ter\u00e4ksest\u00e4 valmistettu optimoitu muotoilu takaa eritt\u00e4in helpon, k\u00e4tev\u00e4n ja ergonomisen IBC-s\u00e4ili\u00f6iden ja kanisterien avaamisen. Molemmat avaimet on helppo s\u00e4ilytt\u00e4\u00e4 hyvin sijoitetun kiinnitysrei\u00e4n ansiosta, ja ne ovat nopeasti k\u00e4sill\u00e4, kun niit\u00e4 tarvitaan.  <\/p>\n<p>Sinun etusi<\/p>\n<ul>\n<li>Helppo avata optimoidun<\/li>\n<li>Vipuvaikutus<\/li>\n<li>Korkealaatuinen ruostumattomasta ter\u00e4ksest\u00e4 valmistettu muotoilu<\/li>\n<li>Vankka ja k\u00e4yt\u00e4nn\u00f6llinen<\/li>\n<li>Kompakti rakenne<\/li>\n<li>Ergonominen<\/li>\n<\/ul>\n","protected":false},"excerpt":{"rendered":"<p>IBC-konttien avaamiseen<\/p>\n","protected":false},"featured_media":3862,"comment_status":"closed","ping_status":"closed","template":"","meta":{"_acf_changed":false},"product_brand":[],"product_cat":[798,984,985],"product_tag":[],"class_list":{"0":"post-20039","1":"product","2":"type-product","3":"status-publish","4":"has-post-thumbnail","6":"product_cat-misceo-tarvikkeet","7":"product_cat-saeilioen-avain","8":"product_cat-vahvat-avustajat","10":"first","11":"instock","12":"purchasable","13":"product-type-variable"},"acf":[],"_links":{"self":[{"href":"https:\/\/hamma-uwt.de\/fi\/wp-json\/wp\/v2\/product\/20039","targetHints":{"allow":["GET"]}}],"collection":[{"href":"https:\/\/hamma-uwt.de\/fi\/wp-json\/wp\/v2\/product"}],"about":[{"href":"https:\/\/hamma-uwt.de\/fi\/wp-json\/wp\/v2\/types\/product"}],"replies":[{"embeddable":true,"href":"https:\/\/hamma-uwt.de\/fi\/wp-json\/wp\/v2\/comments?post=20039"}],"wp:featuredmedia":[{"embeddable":true,"href":"https:\/\/hamma-uwt.de\/fi\/wp-json\/wp\/v2\/media\/3862"}],"wp:attachment":[{"href":"https:\/\/hamma-uwt.de\/fi\/wp-json\/wp\/v2\/media?parent=20039"}],"wp:term":[{"taxonomy":"product_brand","embeddable":true,"href":"https:\/\/hamma-uwt.de\/fi\/wp-json\/wp\/v2\/product_brand?post=20039"},{"taxonomy":"product_cat","embeddable":true,"href":"https:\/\/hamma-uwt.de\/fi\/wp-json\/wp\/v2\/product_cat?post=20039"},{"taxonomy":"product_tag","embeddable":true,"href":"https:\/\/hamma-uwt.de\/fi\/wp-json\/wp\/v2\/product_tag?post=20039"}],"curies":[{"name":"wp","href":"https:\/\/api.w.org\/{rel}","templated":true}]}}