{"id":20114,"date":"2025-07-14T11:22:15","date_gmt":"2025-07-14T09:22:15","guid":{"rendered":"https:\/\/hamma-uwt.de\/produkt\/chip-maxx\/"},"modified":"2025-07-14T11:22:15","modified_gmt":"2025-07-14T09:22:15","slug":"chip-maxx","status":"publish","type":"product","link":"https:\/\/hamma-uwt.de\/fi\/produkt\/chip-maxx\/","title":{"rendered":"Chip Maxx"},"content":{"rendered":"<p>Voimakkaan magneetin ja siksi suuren ottokapasiteetin ansiosta voit puhdistaa j\u00e4\u00e4hdytysvoiteluaines\u00e4ili\u00f6n, koneen ja ty\u00f6ymp\u00e4rist\u00f6n nopeasti, helposti ja luotettavasti Chip Maxxilla. K\u00e4tev\u00e4n kahvan ansiosta saat tukevan otteen Sp\u00e4nemaxxista ja voit ohjata sen turvallisesti lastujen luo ja vet\u00e4\u00e4 ne puoleesi. Kun ved\u00e4t liukus\u00e4\u00e4timest\u00e4, magneettisuus katoaa ja puoleensa vedetyt lastut yksinkertaisesti putoavat pois. Erityisesti puhdistettu j\u00e4\u00e4hdytysvoiteluaines\u00e4ili\u00f6 s\u00e4ilytt\u00e4\u00e4 j\u00e4\u00e4hdytysvoiteluaineen laadun, s\u00e4\u00e4st\u00e4\u00e4 kone- ja ty\u00f6kalukustannuksia ja pit\u00e4\u00e4 ty\u00f6ymp\u00e4rist\u00f6n hygieenisen\u00e4.    Sp\u00e4nemaxx auttaa my\u00f6s pienten magneettisten esineiden poimimisessa ja magneettisten ja ei-magneettisten teollisten osien erottamisessa.<\/p>\n<p>Chip Maxxia on saatavana viiten\u00e4 eri pituutena, joten sinulla on aina oikea Chip Maxx sovellukseesi.<\/p>\n","protected":false},"excerpt":{"rendered":"<p>Magneettitanko magneettisten osien irrottamiseen\/erottamiseen<\/p>\n","protected":false},"featured_media":3833,"comment_status":"closed","ping_status":"closed","template":"","meta":{"_acf_changed":false},"product_brand":[],"product_cat":[957,985],"product_tag":[],"class_list":{"0":"post-20114","1":"product","2":"type-product","3":"status-publish","4":"has-post-thumbnail","6":"product_cat-chip-maxx-ja-magneettinen-luuta","7":"product_cat-vahvat-avustajat","9":"first","10":"instock","11":"purchasable","12":"product-type-variable"},"acf":[],"_links":{"self":[{"href":"https:\/\/hamma-uwt.de\/fi\/wp-json\/wp\/v2\/product\/20114","targetHints":{"allow":["GET"]}}],"collection":[{"href":"https:\/\/hamma-uwt.de\/fi\/wp-json\/wp\/v2\/product"}],"about":[{"href":"https:\/\/hamma-uwt.de\/fi\/wp-json\/wp\/v2\/types\/product"}],"replies":[{"embeddable":true,"href":"https:\/\/hamma-uwt.de\/fi\/wp-json\/wp\/v2\/comments?post=20114"}],"wp:featuredmedia":[{"embeddable":true,"href":"https:\/\/hamma-uwt.de\/fi\/wp-json\/wp\/v2\/media\/3833"}],"wp:attachment":[{"href":"https:\/\/hamma-uwt.de\/fi\/wp-json\/wp\/v2\/media?parent=20114"}],"wp:term":[{"taxonomy":"product_brand","embeddable":true,"href":"https:\/\/hamma-uwt.de\/fi\/wp-json\/wp\/v2\/product_brand?post=20114"},{"taxonomy":"product_cat","embeddable":true,"href":"https:\/\/hamma-uwt.de\/fi\/wp-json\/wp\/v2\/product_cat?post=20114"},{"taxonomy":"product_tag","embeddable":true,"href":"https:\/\/hamma-uwt.de\/fi\/wp-json\/wp\/v2\/product_tag?post=20114"}],"curies":[{"name":"wp","href":"https:\/\/api.w.org\/{rel}","templated":true}]}}