{"id":20473,"date":"2025-07-14T11:22:19","date_gmt":"2025-07-14T09:22:19","guid":{"rendered":"https:\/\/hamma-uwt.de\/produkt\/tynnyrivaunu\/"},"modified":"2025-07-14T11:22:19","modified_gmt":"2025-07-14T09:22:19","slug":"tynnyrivaunu","status":"publish","type":"product","link":"https:\/\/hamma-uwt.de\/fi\/produkt\/tynnyrivaunu\/","title":{"rendered":"Tynnyrivaunu"},"content":{"rendered":"<p>Tynnyrivaunun avulla koneiden t\u00e4ytt\u00f6 on eritt\u00e4in nopeaa, helppoa ja joustavaa. Voit siirt\u00e4\u00e4 j\u00e4\u00e4hdytysvoiteluainetynnyrin ja sekoitustekniikan suoraan koneeseen hetkess\u00e4<br \/>\nja t\u00e4ytt\u00e4\u00e4 sen k\u00e4tev\u00e4sti paikan p\u00e4\u00e4ll\u00e4. Jokaisessa tynnyrivaunussa on pehme\u00e4sti py\u00f6riv\u00e4t py\u00f6r\u00e4t, turvallinen tynnyriteline ja 220 litran tilavuus, jotta matka koneelle olisi helppo ja turvallinen.  <\/p>\n<p>Rumpuk\u00e4rryyn mahtuu Misceo3 (sis. akun), kaksi letkukelaa ja kaapelikela.<\/p>\n<p>Sinun etusi:<\/p>\n<ul>\n<li>Helppo liikutella pehme\u00e4sti py\u00f6rivien py\u00f6rien ansiosta<\/li>\n<li>Laadukas ja kest\u00e4v\u00e4 rakenne<\/li>\n<li>Integroitu tippa-alusta<\/li>\n<li>Helppo puhdistaa<\/li>\n<li>Sopii ihanteellisesti Misceoon<\/li>\n<li>Monia k\u00e4yt\u00e4nn\u00f6n vaihtoehtoja<\/li>\n<\/ul>\n","protected":false},"excerpt":{"rendered":"<p>(k\u00e4sik\u00e4ytt\u00f6inen) musta, jossa on tippa-alusta, rummun turvahihna ja kiinnike MISCEO 3:lle.<\/p>\n","protected":false},"featured_media":2029,"comment_status":"closed","ping_status":"closed","template":"","meta":{"_acf_changed":false},"product_brand":[],"product_cat":[1901],"product_tag":[],"class_list":{"0":"post-20473","1":"product","2":"type-product","3":"status-publish","4":"has-post-thumbnail","6":"product_cat-tynnyrivaunu","8":"first","9":"instock","10":"purchasable","11":"product-type-simple"},"acf":[],"_links":{"self":[{"href":"https:\/\/hamma-uwt.de\/fi\/wp-json\/wp\/v2\/product\/20473","targetHints":{"allow":["GET"]}}],"collection":[{"href":"https:\/\/hamma-uwt.de\/fi\/wp-json\/wp\/v2\/product"}],"about":[{"href":"https:\/\/hamma-uwt.de\/fi\/wp-json\/wp\/v2\/types\/product"}],"replies":[{"embeddable":true,"href":"https:\/\/hamma-uwt.de\/fi\/wp-json\/wp\/v2\/comments?post=20473"}],"wp:featuredmedia":[{"embeddable":true,"href":"https:\/\/hamma-uwt.de\/fi\/wp-json\/wp\/v2\/media\/2029"}],"wp:attachment":[{"href":"https:\/\/hamma-uwt.de\/fi\/wp-json\/wp\/v2\/media?parent=20473"}],"wp:term":[{"taxonomy":"product_brand","embeddable":true,"href":"https:\/\/hamma-uwt.de\/fi\/wp-json\/wp\/v2\/product_brand?post=20473"},{"taxonomy":"product_cat","embeddable":true,"href":"https:\/\/hamma-uwt.de\/fi\/wp-json\/wp\/v2\/product_cat?post=20473"},{"taxonomy":"product_tag","embeddable":true,"href":"https:\/\/hamma-uwt.de\/fi\/wp-json\/wp\/v2\/product_tag?post=20473"}],"curies":[{"name":"wp","href":"https:\/\/api.w.org\/{rel}","templated":true}]}}