{"id":20529,"date":"2025-07-14T11:22:24","date_gmt":"2025-07-14T09:22:24","guid":{"rendered":"https:\/\/hamma-uwt.de\/produkt\/2-johtiminen-liitaentaekaapeli\/"},"modified":"2025-07-14T11:22:24","modified_gmt":"2025-07-14T09:22:24","slug":"2-johtiminen-liitaentaekaapeli","status":"publish","type":"product","link":"https:\/\/hamma-uwt.de\/fi\/produkt\/2-johtiminen-liitaentaekaapeli\/","title":{"rendered":"2-johtiminen liit\u00e4nt\u00e4kaapeli"},"content":{"rendered":"<p>2-johtiminen liit\u00e4nt\u00e4kaapeli valvontaporttia \/ h\u00e4t\u00e4pys\u00e4ytyssilmukkaa varten (metri\u00e4 kohden).<\/p>\n","protected":false},"excerpt":{"rendered":"<p>loputon (ruskea\/valkoinen)<\/p>\n","protected":false},"featured_media":3840,"comment_status":"closed","ping_status":"closed","template":"","meta":{"_acf_changed":false},"product_brand":[],"product_cat":[722],"product_tag":[],"class_list":{"0":"post-20529","1":"product","2":"type-product","3":"status-publish","4":"has-post-thumbnail","6":"product_cat-fue-1-lisaevarusteet","8":"first","9":"instock","10":"purchasable","11":"product-type-variable"},"acf":[],"_links":{"self":[{"href":"https:\/\/hamma-uwt.de\/fi\/wp-json\/wp\/v2\/product\/20529","targetHints":{"allow":["GET"]}}],"collection":[{"href":"https:\/\/hamma-uwt.de\/fi\/wp-json\/wp\/v2\/product"}],"about":[{"href":"https:\/\/hamma-uwt.de\/fi\/wp-json\/wp\/v2\/types\/product"}],"replies":[{"embeddable":true,"href":"https:\/\/hamma-uwt.de\/fi\/wp-json\/wp\/v2\/comments?post=20529"}],"wp:featuredmedia":[{"embeddable":true,"href":"https:\/\/hamma-uwt.de\/fi\/wp-json\/wp\/v2\/media\/3840"}],"wp:attachment":[{"href":"https:\/\/hamma-uwt.de\/fi\/wp-json\/wp\/v2\/media?parent=20529"}],"wp:term":[{"taxonomy":"product_brand","embeddable":true,"href":"https:\/\/hamma-uwt.de\/fi\/wp-json\/wp\/v2\/product_brand?post=20529"},{"taxonomy":"product_cat","embeddable":true,"href":"https:\/\/hamma-uwt.de\/fi\/wp-json\/wp\/v2\/product_cat?post=20529"},{"taxonomy":"product_tag","embeddable":true,"href":"https:\/\/hamma-uwt.de\/fi\/wp-json\/wp\/v2\/product_tag?post=20529"}],"curies":[{"name":"wp","href":"https:\/\/api.w.org\/{rel}","templated":true}]}}