{"id":8389,"date":"2025-04-11T13:47:06","date_gmt":"2025-04-11T11:47:06","guid":{"rendered":"https:\/\/hamma-uwt.de\/elimination-des-dechets\/"},"modified":"2026-03-04T10:49:21","modified_gmt":"2026-03-04T09:49:21","slug":"elimination-des-dechets","status":"publish","type":"page","link":"https:\/\/hamma-uwt.de\/fr\/elimination-des-dechets\/","title":{"rendered":"\u00c9limination des d\u00e9chets"},"content":{"rendered":"\t\t<div data-elementor-type=\"wp-page\" data-elementor-id=\"8389\" class=\"elementor elementor-8389 elementor-33\" data-elementor-post-type=\"page\">\n\t\t\t\t<div class=\"elementor-element elementor-element-0562d8c e-flex e-con-boxed e-con e-parent\" data-id=\"0562d8c\" data-element_type=\"container\" data-e-type=\"container\" data-settings=\"{&quot;background_background&quot;:&quot;classic&quot;,&quot;jet_parallax_layout_list&quot;:[]}\">\n\t\t\t\t\t<div class=\"e-con-inner\">\n\t\t<div class=\"elementor-element elementor-element-6863982 e-con-full e-flex e-con e-child\" data-id=\"6863982\" data-element_type=\"container\" data-e-type=\"container\" data-settings=\"{&quot;jet_parallax_layout_list&quot;:[]}\">\n\t\t\t\t<div class=\"elementor-element elementor-element-b4a9ebb elementor-widget elementor-widget-heading\" data-id=\"b4a9ebb\" data-element_type=\"widget\" data-e-type=\"widget\" data-widget_type=\"heading.default\">\n\t\t\t\t\t<h1 class=\"elementor-heading-title elementor-size-default\">Recyclage et \u00e9limination\n<\/h1>\t\t\t\t<\/div>\n\t\t\t\t<div class=\"elementor-element elementor-element-83a3a0b elementor-widget elementor-widget-text-editor\" data-id=\"83a3a0b\" data-element_type=\"widget\" data-e-type=\"widget\" data-widget_type=\"text-editor.default\">\n\t\t\t\t\t\t\t\t\t<p><strong>Produire avec responsabilit\u00e9<\/strong><\/p><p>En tant que fabricant de technologie de lubrification r\u00e9frig\u00e9rante, nous sommes conscients de notre responsabilit\u00e9. Nous fabriquons, emballons, recyclons et \u00e9liminons nos produits en faisant preuve d&rsquo;une grande responsabilit\u00e9 personnelle, d&rsquo;un sens moral et d&rsquo;une durabilit\u00e9 aussi \u00e9lev\u00e9e que possible. Aidez-nous et maintenez avec nous les mat\u00e9riaux de valeur dans le circuit.  <\/p>\t\t\t\t\t\t\t\t<\/div>\n\t\t\t\t<div class=\"elementor-element elementor-element-e178daf elementor-widget elementor-widget-text-editor\" data-id=\"e178daf\" data-element_type=\"widget\" data-e-type=\"widget\" data-widget_type=\"text-editor.default\">\n\t\t\t\t\t\t\t\t\t<p><strong>Ensemble pour un avenir sain et durable.<\/strong><\/p>\t\t\t\t\t\t\t\t<\/div>\n\t\t\t\t<\/div>\n\t\t\t\t\t<\/div>\n\t\t\t\t<\/div>\n\t\t<div class=\"elementor-element elementor-element-8f43e42 e-flex e-con-boxed e-con e-parent\" data-id=\"8f43e42\" data-element_type=\"container\" data-e-type=\"container\" data-settings=\"{&quot;jet_parallax_layout_list&quot;:[]}\">\n\t\t\t\t\t<div class=\"e-con-inner\">\n\t\t<div class=\"elementor-element elementor-element-ff5ee9e e-con-full e-flex e-con e-child\" data-id=\"ff5ee9e\" data-element_type=\"container\" data-e-type=\"container\" data-settings=\"{&quot;jet_parallax_layout_list&quot;:[]}\">\n\t\t\t\t<div class=\"elementor-element elementor-element-0964308 elementor-widget elementor-widget-heading\" data-id=\"0964308\" data-element_type=\"widget\" data-e-type=\"widget\" data-widget_type=\"heading.default\">\n\t\t\t\t\t<h2 class=\"elementor-heading-title elementor-size-default\">WEEE - D\u00e9chets d'\u00e9quipements \u00e9lectriques et \u00e9lectroniques<\/h2>\t\t\t\t<\/div>\n\t\t\t\t<\/div>\n\t\t\t\t\t<\/div>\n\t\t\t\t<\/div>\n\t\t<div class=\"elementor-element elementor-element-a3fef75 e-flex e-con-boxed e-con e-parent\" data-id=\"a3fef75\" data-element_type=\"container\" data-e-type=\"container\" data-settings=\"{&quot;jet_parallax_layout_list&quot;:[]}\">\n\t\t\t\t\t<div class=\"e-con-inner\">\n\t\t<div class=\"elementor-element elementor-element-c45246c e-con-full e-flex e-con e-child\" data-id=\"c45246c\" data-element_type=\"container\" data-e-type=\"container\" data-settings=\"{&quot;jet_parallax_layout_list&quot;:[]}\">\n\t\t\t\t<div class=\"elementor-element elementor-element-02b0f6c elementor-widget elementor-widget-text-editor\" data-id=\"02b0f6c\" data-element_type=\"widget\" data-e-type=\"widget\" data-widget_type=\"text-editor.default\">\n\t\t\t\t\t\t\t\t\t<p data-start=\"310\" data-end=\"471\">Donn\u00e9es<\/p>\t\t\t\t\t\t\t\t<\/div>\n\t\t\t\t<div class=\"elementor-element elementor-element-0fdc2f9 elementor-widget elementor-widget-text-editor\" data-id=\"0fdc2f9\" data-element_type=\"widget\" data-e-type=\"widget\" data-widget_type=\"text-editor.default\">\n\t\t\t\t\t\t\t\t\t<p>Soci\u00e9t\u00e9 : Armin Hamma Umwelttechnik<br>Num\u00e9ro d&rsquo;enregistrement : DE11730451<\/p><p>Type d&rsquo;appareil : Petits appareils destin\u00e9s \u00e0 l&rsquo;usage exclusif des m\u00e9nages autres que priv\u00e9s<br>Tenu \u00e0 jour \u00e0 partir du : 08.02.2023<\/p><p>Type d&rsquo;appareil : Gros appareils destin\u00e9s exclusivement \u00e0 un usage autre que domestique<br>Tenu \u00e0 jour \u00e0 partir du : 23.03.2023<\/p>\t\t\t\t\t\t\t\t<\/div>\n\t\t\t\t<div class=\"elementor-element elementor-element-78a2c2e elementor-widget elementor-widget-spacer\" data-id=\"78a2c2e\" data-element_type=\"widget\" data-e-type=\"widget\" data-widget_type=\"spacer.default\">\n\t\t\t\t\t\t\t<div class=\"elementor-spacer\">\n\t\t\t<div class=\"elementor-spacer-inner\"><\/div>\n\t\t<\/div>\n\t\t\t\t\t\t<\/div>\n\t\t\t\t<div class=\"elementor-element elementor-element-eacc8be elementor-widget elementor-widget-text-editor\" data-id=\"eacc8be\" data-element_type=\"widget\" data-e-type=\"widget\" data-widget_type=\"text-editor.default\">\n\t\t\t\t\t\t\t\t\t<p data-start=\"310\" data-end=\"471\">Emploi<\/p>\t\t\t\t\t\t\t\t<\/div>\n\t\t\t\t<div class=\"elementor-element elementor-element-a613123 elementor-widget elementor-widget-text-editor\" data-id=\"a613123\" data-element_type=\"widget\" data-e-type=\"widget\" data-widget_type=\"text-editor.default\">\n\t\t\t\t\t\t\t\t\t<p>Stiftung elektro-altger\u00e4te register<br>Nordostpark 72<br>90411 N\u00fcrnberg<br>Allemagne<\/p><p><a href=\"https:\/\/www.stiftung-ear.de\" target=\"_blank\" rel=\"noopener\">www.stiftung-ear.de<\/a><\/p>\t\t\t\t\t\t\t\t<\/div>\n\t\t\t\t<div class=\"elementor-element elementor-element-6954829 elementor-widget elementor-widget-spacer\" data-id=\"6954829\" data-element_type=\"widget\" data-e-type=\"widget\" data-widget_type=\"spacer.default\">\n\t\t\t\t\t\t\t<div class=\"elementor-spacer\">\n\t\t\t<div class=\"elementor-spacer-inner\"><\/div>\n\t\t<\/div>\n\t\t\t\t\t\t<\/div>\n\t\t\t\t<div class=\"elementor-element elementor-element-a444610 elementor-widget elementor-widget-text-editor\" data-id=\"a444610\" data-element_type=\"widget\" data-e-type=\"widget\" data-widget_type=\"text-editor.default\">\n\t\t\t\t\t\t\t\t\t<p data-start=\"310\" data-end=\"471\">Br\u00e8ve information<\/p>\t\t\t\t\t\t\t\t<\/div>\n\t\t\t\t<div class=\"elementor-element elementor-element-8c771be elementor-widget elementor-widget-text-editor\" data-id=\"8c771be\" data-element_type=\"widget\" data-e-type=\"widget\" data-widget_type=\"text-editor.default\">\n\t\t\t\t\t\t\t\t\t<p>La directive DEEE vise \u00e0 pr\u00e9venir la production de d\u00e9chets d&rsquo;\u00e9quipements \u00e9lectriques et \u00e9lectroniques et \u00e0 r\u00e9duire ces d\u00e9chets par la r\u00e9utilisation, le recyclage et d&rsquo;autres formes de valorisation. Elle fixe des normes minimales pour le traitement des d\u00e9chets d&rsquo;\u00e9quipements \u00e9lectriques et \u00e9lectroniques (DEEE) dans l&rsquo;UE afin de contribuer au d\u00e9veloppement durable \u00e0 long terme. <\/p>\t\t\t\t\t\t\t\t<\/div>\n\t\t\t\t<div class=\"elementor-element elementor-element-5a4880c elementor-widget elementor-widget-spacer\" data-id=\"5a4880c\" data-element_type=\"widget\" data-e-type=\"widget\" data-widget_type=\"spacer.default\">\n\t\t\t\t\t\t\t<div class=\"elementor-spacer\">\n\t\t\t<div class=\"elementor-spacer-inner\"><\/div>\n\t\t<\/div>\n\t\t\t\t\t\t<\/div>\n\t\t\t\t<div class=\"elementor-element elementor-element-4648746 elementor-widget elementor-widget-text-editor\" data-id=\"4648746\" data-element_type=\"widget\" data-e-type=\"widget\" data-widget_type=\"text-editor.default\">\n\t\t\t\t\t\t\t\t\t<p data-start=\"310\" data-end=\"471\">Concept de reprise<\/p>\t\t\t\t\t\t\t\t<\/div>\n\t\t\t\t<div class=\"elementor-element elementor-element-6744383 elementor-widget elementor-widget-text-editor\" data-id=\"6744383\" data-element_type=\"widget\" data-e-type=\"widget\" data-widget_type=\"text-editor.default\">\n\t\t\t\t\t\t\t\t\t<p>Si l&rsquo;appareil que vous avez achet\u00e9 a fait son temps et que vous n&rsquo;en avez plus besoin, vous pouvez le renvoyer dans un \u00e9tat raisonnable \u00e0 l&rsquo;adresse suivante pour qu&rsquo;il soit recycl\u00e9\/\u00e9limin\u00e9.  <\/p>\t\t\t\t\t\t\t\t<\/div>\n\t\t\t\t<\/div>\n\t\t<div class=\"elementor-element elementor-element-47babaa e-con-full e-flex e-con e-child\" data-id=\"47babaa\" data-element_type=\"container\" data-e-type=\"container\" data-settings=\"{&quot;jet_parallax_layout_list&quot;:[]}\">\n\t\t<div class=\"elementor-element elementor-element-188eee5 e-con-full e-flex e-con e-child\" data-id=\"188eee5\" data-element_type=\"container\" data-e-type=\"container\" data-settings=\"{&quot;background_background&quot;:&quot;classic&quot;,&quot;jet_parallax_layout_list&quot;:[]}\">\n\t\t\t\t<div class=\"elementor-element elementor-element-91e3af9 elementor-widget elementor-widget-heading\" data-id=\"91e3af9\" data-element_type=\"widget\" data-e-type=\"widget\" data-widget_type=\"heading.default\">\n\t\t\t\t\t<h3 class=\"elementor-heading-title elementor-size-default\">T\u00e9l\u00e9chargements<\/h3>\t\t\t\t<\/div>\n\t\t\t\t<div class=\"elementor-element elementor-element-95b0713 elementor-align-justify ham-btn elementor-widget elementor-widget-button\" data-id=\"95b0713\" data-element_type=\"widget\" data-e-type=\"widget\" data-widget_type=\"button.default\">\n\t\t\t\t\t\t\t\t\t\t<a class=\"elementor-button elementor-button-link elementor-size-sm\" href=\"https:\/\/hamma-uwt.de\/wp-content\/uploads\/Information-zu-WEEE-Stand-B-08.02.2023.pdf\" target=\"_blank\">\n\t\t\t\t\t\t<span class=\"elementor-button-content-wrapper\">\n\t\t\t\t\t\t\t\t\t<span class=\"elementor-button-text\">Informations sur les DEEE<\/span>\n\t\t\t\t\t<\/span>\n\t\t\t\t\t<\/a>\n\t\t\t\t\t\t\t\t<\/div>\n\t\t\t\t<div class=\"elementor-element elementor-element-866a5db elementor-align-justify ham-btn elementor-widget elementor-widget-button\" data-id=\"866a5db\" data-element_type=\"widget\" data-e-type=\"widget\" data-widget_type=\"button.default\">\n\t\t\t\t\t\t\t\t\t\t<a class=\"elementor-button elementor-button-link elementor-size-sm\" href=\"https:\/\/hamma-uwt.de\/wp-content\/uploads\/Zusatzinformationen-AKKU_BATTERIE-zu-WEEE-Stand-A-22.02.2023.pdf\" target=\"_blank\">\n\t\t\t\t\t\t<span class=\"elementor-button-content-wrapper\">\n\t\t\t\t\t\t\t\t\t<span class=\"elementor-button-text\">Informations compl\u00e9mentaires sur la batterie et les piles<\/span>\n\t\t\t\t\t<\/span>\n\t\t\t\t\t<\/a>\n\t\t\t\t\t\t\t\t<\/div>\n\t\t\t\t<div class=\"elementor-element elementor-element-0a6acf8 elementor-align-justify ham-btn elementor-widget elementor-widget-button\" data-id=\"0a6acf8\" data-element_type=\"widget\" data-e-type=\"widget\" data-widget_type=\"button.default\">\n\t\t\t\t\t\t\t\t\t\t<a class=\"elementor-button elementor-button-link elementor-size-sm\" href=\"https:\/\/hamma-uwt.de\/wp-content\/uploads\/Geraeteruecksendeschein-WEEE-A.docx\" target=\"_blank\">\n\t\t\t\t\t\t<span class=\"elementor-button-content-wrapper\">\n\t\t\t\t\t\t\t\t\t<span class=\"elementor-button-text\">  Bon de retour pour les appareils<\/span>\n\t\t\t\t\t<\/span>\n\t\t\t\t\t<\/a>\n\t\t\t\t\t\t\t\t<\/div>\n\t\t\t\t<\/div>\n\t\t\t\t<\/div>\n\t\t\t\t\t<\/div>\n\t\t\t\t<\/div>\n\t\t<div class=\"elementor-element elementor-element-d8d7da7 e-flex e-con-boxed e-con e-parent\" data-id=\"d8d7da7\" data-element_type=\"container\" data-e-type=\"container\" data-settings=\"{&quot;jet_parallax_layout_list&quot;:[]}\">\n\t\t\t\t\t<div class=\"e-con-inner\">\n\t\t<div class=\"elementor-element elementor-element-b0f83d9 e-con-full e-flex e-con e-child\" data-id=\"b0f83d9\" data-element_type=\"container\" data-e-type=\"container\" data-settings=\"{&quot;jet_parallax_layout_list&quot;:[]}\">\n\t\t\t\t<div class=\"elementor-element elementor-element-cf7e074 elementor-widget elementor-widget-heading\" data-id=\"cf7e074\" data-element_type=\"widget\" data-e-type=\"widget\" data-widget_type=\"heading.default\">\n\t\t\t\t\t<h2 class=\"elementor-heading-title elementor-size-default\">LUCID - Registre des emballages<\/h2>\t\t\t\t<\/div>\n\t\t\t\t<\/div>\n\t\t\t\t\t<\/div>\n\t\t\t\t<\/div>\n\t\t<div class=\"elementor-element elementor-element-4a0e277 e-flex e-con-boxed e-con e-parent\" data-id=\"4a0e277\" data-element_type=\"container\" data-e-type=\"container\" data-settings=\"{&quot;jet_parallax_layout_list&quot;:[]}\">\n\t\t\t\t\t<div class=\"e-con-inner\">\n\t\t<div class=\"elementor-element elementor-element-ce060bc e-con-full e-flex e-con e-child\" data-id=\"ce060bc\" data-element_type=\"container\" data-e-type=\"container\" data-settings=\"{&quot;jet_parallax_layout_list&quot;:[]}\">\n\t\t\t\t<div class=\"elementor-element elementor-element-03a2ad0 elementor-widget elementor-widget-text-editor\" data-id=\"03a2ad0\" data-element_type=\"widget\" data-e-type=\"widget\" data-widget_type=\"text-editor.default\">\n\t\t\t\t\t\t\t\t\t<p data-start=\"310\" data-end=\"471\">Donn\u00e9es<\/p>\t\t\t\t\t\t\t\t<\/div>\n\t\t\t\t<div class=\"elementor-element elementor-element-5214613 elementor-widget elementor-widget-text-editor\" data-id=\"5214613\" data-element_type=\"widget\" data-e-type=\"widget\" data-widget_type=\"text-editor.default\">\n\t\t\t\t\t\t\t\t\t<p>Soci\u00e9t\u00e9 : Armin Hamma Umwelttechnik<br>Dirig\u00e9e \u00e0 partir du : 01.07.2022<br>Num\u00e9ro d&rsquo;enregistrement : DE3537499563444<\/p>\t\t\t\t\t\t\t\t<\/div>\n\t\t\t\t<div class=\"elementor-element elementor-element-9255b58 elementor-widget elementor-widget-spacer\" data-id=\"9255b58\" data-element_type=\"widget\" data-e-type=\"widget\" data-widget_type=\"spacer.default\">\n\t\t\t\t\t\t\t<div class=\"elementor-spacer\">\n\t\t\t<div class=\"elementor-spacer-inner\"><\/div>\n\t\t<\/div>\n\t\t\t\t\t\t<\/div>\n\t\t\t\t<div class=\"elementor-element elementor-element-71101d6 elementor-widget elementor-widget-text-editor\" data-id=\"71101d6\" data-element_type=\"widget\" data-e-type=\"widget\" data-widget_type=\"text-editor.default\">\n\t\t\t\t\t\t\t\t\t<p data-start=\"310\" data-end=\"471\">Emploi<\/p>\t\t\t\t\t\t\t\t<\/div>\n\t\t\t\t<div class=\"elementor-element elementor-element-b20574a elementor-widget elementor-widget-text-editor\" data-id=\"b20574a\" data-element_type=\"widget\" data-e-type=\"widget\" data-widget_type=\"text-editor.default\">\n\t\t\t\t\t\t\t\t\t<p>Fondation Zentrale<br>Stelle Verpackungsregister<br>\u00d6wer de Hase 18<br>49074 Osnabr\u00fcck<br>Allemagne<\/p><p><a href=\"https:\/\/lucid.verpackungsregister.org\/\" target=\"_blank\" rel=\"noopener\">lucid.verpackungsregister.org<\/a><\/p>\t\t\t\t\t\t\t\t<\/div>\n\t\t\t\t<div class=\"elementor-element elementor-element-6d41bb5 elementor-widget elementor-widget-spacer\" data-id=\"6d41bb5\" data-element_type=\"widget\" data-e-type=\"widget\" data-widget_type=\"spacer.default\">\n\t\t\t\t\t\t\t<div class=\"elementor-spacer\">\n\t\t\t<div class=\"elementor-spacer-inner\"><\/div>\n\t\t<\/div>\n\t\t\t\t\t\t<\/div>\n\t\t\t\t<div class=\"elementor-element elementor-element-cdf5182 elementor-widget elementor-widget-text-editor\" data-id=\"cdf5182\" data-element_type=\"widget\" data-e-type=\"widget\" data-widget_type=\"text-editor.default\">\n\t\t\t\t\t\t\t\t\t<p data-start=\"310\" data-end=\"471\">Br\u00e8ve information<\/p>\t\t\t\t\t\t\t\t<\/div>\n\t\t\t\t<div class=\"elementor-element elementor-element-1f3c1f7 elementor-widget elementor-widget-text-editor\" data-id=\"1f3c1f7\" data-element_type=\"widget\" data-e-type=\"widget\" data-widget_type=\"text-editor.default\">\n\t\t\t\t\t\t\t\t\t<p>Le 1er juillet 2022, des modifications de la loi sur les emballages sont entr\u00e9es en vigueur : Les premiers metteurs sur le march\u00e9 de tous les types d&#8217;emballages remplis de marchandises (y compris les emballages de transport et les emballages \u00e0 reprendre et\/ou \u00e0 consigner) doivent s&rsquo;enregistrer et fournir des informations sur les emballages qu&rsquo;ils utilisent. Une autre nouveaut\u00e9 est l&rsquo;obligation d&rsquo;enregistrement pour les distributeurs finaux d&#8217;emballages de service remplis, m\u00eame s&rsquo;ils ach\u00e8tent ces emballages enti\u00e8rement dans le cadre du syst\u00e8me. <\/p>\t\t\t\t\t\t\t\t<\/div>\n\t\t\t\t<\/div>\n\t\t\t\t\t<\/div>\n\t\t\t\t<\/div>\n\t\t<div class=\"elementor-element elementor-element-0d31ed4 e-flex e-con-boxed e-con e-parent\" data-id=\"0d31ed4\" data-element_type=\"container\" data-e-type=\"container\" data-settings=\"{&quot;jet_parallax_layout_list&quot;:[]}\">\n\t\t\t\t\t<div class=\"e-con-inner\">\n\t\t<div class=\"elementor-element elementor-element-1e418ce e-con-full e-flex e-con e-child\" data-id=\"1e418ce\" data-element_type=\"container\" data-e-type=\"container\" data-settings=\"{&quot;jet_parallax_layout_list&quot;:[]}\">\n\t\t\t\t<div class=\"elementor-element elementor-element-30a8a44 elementor-widget elementor-widget-heading\" data-id=\"30a8a44\" data-element_type=\"widget\" data-e-type=\"widget\" data-widget_type=\"heading.default\">\n\t\t\t\t\t<h2 class=\"elementor-heading-title elementor-size-default\">RESY - Syst\u00e8me de recyclage<\/h2>\t\t\t\t<\/div>\n\t\t\t\t<\/div>\n\t\t\t\t\t<\/div>\n\t\t\t\t<\/div>\n\t\t<div class=\"elementor-element elementor-element-2605009 e-flex e-con-boxed e-con e-parent\" data-id=\"2605009\" data-element_type=\"container\" data-e-type=\"container\" data-settings=\"{&quot;jet_parallax_layout_list&quot;:[]}\">\n\t\t\t\t\t<div class=\"e-con-inner\">\n\t\t<div class=\"elementor-element elementor-element-84ebf54 e-con-full e-flex e-con e-child\" data-id=\"84ebf54\" data-element_type=\"container\" data-e-type=\"container\" data-settings=\"{&quot;jet_parallax_layout_list&quot;:[]}\">\n\t\t\t\t<div class=\"elementor-element elementor-element-243ac10 elementor-widget elementor-widget-text-editor\" data-id=\"243ac10\" data-element_type=\"widget\" data-e-type=\"widget\" data-widget_type=\"text-editor.default\">\n\t\t\t\t\t\t\t\t\t<p data-start=\"310\" data-end=\"471\">Donn\u00e9es<\/p>\t\t\t\t\t\t\t\t<\/div>\n\t\t\t\t<div class=\"elementor-element elementor-element-68ce619 elementor-widget elementor-widget-text-editor\" data-id=\"68ce619\" data-element_type=\"widget\" data-e-type=\"widget\" data-widget_type=\"text-editor.default\">\n\t\t\t\t\t\t\t\t\t<p>Soci\u00e9t\u00e9 : Armin Hamma Umwelttechnik<\/p>\t\t\t\t\t\t\t\t<\/div>\n\t\t\t\t<div class=\"elementor-element elementor-element-8cd2d58 elementor-widget elementor-widget-spacer\" data-id=\"8cd2d58\" data-element_type=\"widget\" data-e-type=\"widget\" data-widget_type=\"spacer.default\">\n\t\t\t\t\t\t\t<div class=\"elementor-spacer\">\n\t\t\t<div class=\"elementor-spacer-inner\"><\/div>\n\t\t<\/div>\n\t\t\t\t\t\t<\/div>\n\t\t\t\t<div class=\"elementor-element elementor-element-673f050 elementor-widget elementor-widget-text-editor\" data-id=\"673f050\" data-element_type=\"widget\" data-e-type=\"widget\" data-widget_type=\"text-editor.default\">\n\t\t\t\t\t\t\t\t\t<p data-start=\"310\" data-end=\"471\">Emploi<\/p>\t\t\t\t\t\t\t\t<\/div>\n\t\t\t\t<div class=\"elementor-element elementor-element-0eac4fc elementor-widget elementor-widget-text-editor\" data-id=\"0eac4fc\" data-element_type=\"widget\" data-e-type=\"widget\" data-widget_type=\"text-editor.default\">\n\t\t\t\t\t\t\t\t\t<p>RESY<br>Organisation pour l&rsquo;\u00e9limination des mati\u00e8res valorisables GmbH<br>Hilpertstra\u00dfe 22<br>64295 Darmstadt<br>Allemagne<\/p><p><a href=\"https:\/\/www.resy.de\" target=\"_blank\" rel=\"noopener\">www.resy.de<\/a><\/p>\t\t\t\t\t\t\t\t<\/div>\n\t\t\t\t<div class=\"elementor-element elementor-element-80209fd elementor-widget elementor-widget-spacer\" data-id=\"80209fd\" data-element_type=\"widget\" data-e-type=\"widget\" data-widget_type=\"spacer.default\">\n\t\t\t\t\t\t\t<div class=\"elementor-spacer\">\n\t\t\t<div class=\"elementor-spacer-inner\"><\/div>\n\t\t<\/div>\n\t\t\t\t\t\t<\/div>\n\t\t\t\t<div class=\"elementor-element elementor-element-8389d01 elementor-widget elementor-widget-text-editor\" data-id=\"8389d01\" data-element_type=\"widget\" data-e-type=\"widget\" data-widget_type=\"text-editor.default\">\n\t\t\t\t\t\t\t\t\t<p data-start=\"310\" data-end=\"471\">Br\u00e8ve information<\/p>\t\t\t\t\t\t\t\t<\/div>\n\t\t\t\t<div class=\"elementor-element elementor-element-e1945dc elementor-widget elementor-widget-text-editor\" data-id=\"e1945dc\" data-element_type=\"widget\" data-e-type=\"widget\" data-widget_type=\"text-editor.default\">\n\t\t\t\t\t\t\t\t\t<p>RESY garantit l&rsquo;\u00e9limination globale et le recyclage des mat\u00e9riaux de tous les emballages de transport et suremballages en papier et en carton portant le symbole RESY. Seuls les emballages de transport et les suremballages en papier et en carton recyclables peuvent porter le symbole RESY. <\/p>\t\t\t\t\t\t\t\t<\/div>\n\t\t\t\t<div class=\"elementor-element elementor-element-9d3919f elementor-widget elementor-widget-spacer\" data-id=\"9d3919f\" data-element_type=\"widget\" data-e-type=\"widget\" data-widget_type=\"spacer.default\">\n\t\t\t\t\t\t\t<div class=\"elementor-spacer\">\n\t\t\t<div class=\"elementor-spacer-inner\"><\/div>\n\t\t<\/div>\n\t\t\t\t\t\t<\/div>\n\t\t\t\t<div class=\"elementor-element elementor-element-23e21ca elementor-widget elementor-widget-text-editor\" data-id=\"23e21ca\" data-element_type=\"widget\" data-e-type=\"widget\" data-widget_type=\"text-editor.default\">\n\t\t\t\t\t\t\t\t\t<p>Notre engagement<\/p>\t\t\t\t\t\t\t\t<\/div>\n\t\t\t\t<div class=\"elementor-element elementor-element-19589bc elementor-widget elementor-widget-text-editor\" data-id=\"19589bc\" data-element_type=\"widget\" data-e-type=\"widget\" data-widget_type=\"text-editor.default\">\n\t\t\t\t\t\t\t\t\t<p>Pour nos emballages, nous misons sur une grande capacit\u00e9 de r\u00e9cup\u00e9ration et de recyclage. Le syst\u00e8me RESY joue un r\u00f4le important \u00e0 cet \u00e9gard. Un emballage s\u00fbr - mais durable, s&rsquo;il vous pla\u00eet. L&#8217;emballage carton et le recyclage sont des \u00e9l\u00e9ments essentiels pour l&rsquo;avenir. Vous aussi, aidez-nous.    <\/p>\t\t\t\t\t\t\t\t<\/div>\n\t\t\t\t<\/div>\n\t\t\t\t\t<\/div>\n\t\t\t\t<\/div>\n\t\t<div class=\"elementor-element elementor-element-6fd808c e-flex e-con-boxed e-con e-parent\" data-id=\"6fd808c\" data-element_type=\"container\" data-e-type=\"container\" data-settings=\"{&quot;jet_parallax_layout_list&quot;:[]}\">\n\t\t\t\t\t<div class=\"e-con-inner\">\n\t\t<div class=\"elementor-element elementor-element-8e36c0a e-con-full e-flex e-con e-child\" data-id=\"8e36c0a\" data-element_type=\"container\" data-e-type=\"container\" data-settings=\"{&quot;jet_parallax_layout_list&quot;:[]}\">\n\t\t\t\t<div class=\"elementor-element elementor-element-8d61c5f elementor-widget-divider--view-line elementor-widget elementor-widget-divider\" data-id=\"8d61c5f\" data-element_type=\"widget\" data-e-type=\"widget\" data-widget_type=\"divider.default\">\n\t\t\t\t\t\t\t<div class=\"elementor-divider\">\n\t\t\t<span class=\"elementor-divider-separator\">\n\t\t\t\t\t\t<\/span>\n\t\t<\/div>\n\t\t\t\t\t\t<\/div>\n\t\t\t\t<div class=\"elementor-element elementor-element-a6dadd9 elementor-widget elementor-widget-text-editor\" data-id=\"a6dadd9\" data-element_type=\"widget\" data-e-type=\"widget\" data-widget_type=\"text-editor.default\">\n\t\t\t\t\t\t\t\t\t<p>Sous r\u00e9serve de modifications.<\/p>\t\t\t\t\t\t\t\t<\/div>\n\t\t\t\t<\/div>\n\t\t\t\t\t<\/div>\n\t\t\t\t<\/div>\n\t\t\t\t<\/div>\n\t\t","protected":false},"excerpt":{"rendered":"<p>Recyclage et \u00e9limination Produire avec responsabilit\u00e9 En tant que fabricant de technologie de lubrification r\u00e9frig\u00e9rante, nous sommes conscients de notre responsabilit\u00e9. Nous fabriquons, emballons, recyclons et \u00e9liminons nos produits en faisant preuve d&rsquo;une grande responsabilit\u00e9 personnelle, d&rsquo;un sens moral et d&rsquo;une durabilit\u00e9 aussi \u00e9lev\u00e9e que possible. Aidez-nous et maintenez avec nous les mat\u00e9riaux de valeur [&hellip;]<\/p>\n","protected":false},"author":3,"featured_media":0,"parent":0,"menu_order":70,"comment_status":"closed","ping_status":"closed","template":"","meta":{"_acf_changed":false,"footnotes":""},"class_list":["post-8389","page","type-page","status-publish","hentry"],"acf":[],"_links":{"self":[{"href":"https:\/\/hamma-uwt.de\/fr\/wp-json\/wp\/v2\/pages\/8389","targetHints":{"allow":["GET"]}}],"collection":[{"href":"https:\/\/hamma-uwt.de\/fr\/wp-json\/wp\/v2\/pages"}],"about":[{"href":"https:\/\/hamma-uwt.de\/fr\/wp-json\/wp\/v2\/types\/page"}],"author":[{"embeddable":true,"href":"https:\/\/hamma-uwt.de\/fr\/wp-json\/wp\/v2\/users\/3"}],"replies":[{"embeddable":true,"href":"https:\/\/hamma-uwt.de\/fr\/wp-json\/wp\/v2\/comments?post=8389"}],"version-history":[{"count":1,"href":"https:\/\/hamma-uwt.de\/fr\/wp-json\/wp\/v2\/pages\/8389\/revisions"}],"predecessor-version":[{"id":8390,"href":"https:\/\/hamma-uwt.de\/fr\/wp-json\/wp\/v2\/pages\/8389\/revisions\/8390"}],"wp:attachment":[{"href":"https:\/\/hamma-uwt.de\/fr\/wp-json\/wp\/v2\/media?parent=8389"}],"curies":[{"name":"wp","href":"https:\/\/api.w.org\/{rel}","templated":true}]}}