{"id":11645,"date":"2025-08-13T12:29:52","date_gmt":"2025-08-13T10:29:52","guid":{"rendered":"https:\/\/hamma-uwt.de\/produkt\/rapid-3-1\/"},"modified":"2025-08-13T12:29:52","modified_gmt":"2025-08-13T10:29:52","slug":"rapid-3-1","status":"publish","type":"product","link":"https:\/\/hamma-uwt.de\/fr\/produkt\/rapid-3-1\/","title":{"rendered":"RAPID 3.1"},"content":{"rendered":"<p>L&rsquo;\u00e9cumoire \u00e0 tuyau Rapid 3.1 permet d&rsquo;\u00e9liminer rapidement et facilement l&rsquo;huile \u00e9trang\u00e8re sur des machines d&rsquo;une surface maximale de 15 m\u00b2. Il est particuli\u00e8rement adapt\u00e9 aux r\u00e9servoirs de grande taille et\/ou \u00e9troits gr\u00e2ce \u00e0 son tuyau flottant. <\/p>\n","protected":false},"excerpt":{"rendered":"<p>jusqu&rsquo;\u00e0 70 \u00b0C, surfaces jusqu&rsquo;\u00e0 15 m\u00b2 (sans tuyau d&rsquo;\u00e9cumage)<\/p>\n","protected":false},"featured_media":4180,"comment_status":"closed","ping_status":"closed","template":"","meta":{"_acf_changed":false},"product_brand":[],"product_cat":[768],"product_tag":[],"class_list":{"0":"post-11645","1":"product","2":"type-product","3":"status-publish","4":"has-post-thumbnail","6":"product_cat-rapid-3-1","8":"first","9":"instock","10":"purchasable","11":"product-type-variable"},"acf":[],"_links":{"self":[{"href":"https:\/\/hamma-uwt.de\/fr\/wp-json\/wp\/v2\/product\/11645","targetHints":{"allow":["GET"]}}],"collection":[{"href":"https:\/\/hamma-uwt.de\/fr\/wp-json\/wp\/v2\/product"}],"about":[{"href":"https:\/\/hamma-uwt.de\/fr\/wp-json\/wp\/v2\/types\/product"}],"replies":[{"embeddable":true,"href":"https:\/\/hamma-uwt.de\/fr\/wp-json\/wp\/v2\/comments?post=11645"}],"wp:featuredmedia":[{"embeddable":true,"href":"https:\/\/hamma-uwt.de\/fr\/wp-json\/wp\/v2\/media\/4180"}],"wp:attachment":[{"href":"https:\/\/hamma-uwt.de\/fr\/wp-json\/wp\/v2\/media?parent=11645"}],"wp:term":[{"taxonomy":"product_brand","embeddable":true,"href":"https:\/\/hamma-uwt.de\/fr\/wp-json\/wp\/v2\/product_brand?post=11645"},{"taxonomy":"product_cat","embeddable":true,"href":"https:\/\/hamma-uwt.de\/fr\/wp-json\/wp\/v2\/product_cat?post=11645"},{"taxonomy":"product_tag","embeddable":true,"href":"https:\/\/hamma-uwt.de\/fr\/wp-json\/wp\/v2\/product_tag?post=11645"}],"curies":[{"name":"wp","href":"https:\/\/api.w.org\/{rel}","templated":true}]}}