{"id":11667,"date":"2025-08-15T08:33:10","date_gmt":"2025-08-15T06:33:10","guid":{"rendered":"https:\/\/hamma-uwt.de\/produkt\/coffre-de-test\/"},"modified":"2025-08-15T08:33:10","modified_gmt":"2025-08-15T06:33:10","slug":"coffre-de-test","status":"publish","type":"product","link":"https:\/\/hamma-uwt.de\/fr\/produkt\/coffre-de-test\/","title":{"rendered":"COFFRE DE TEST"},"content":{"rendered":"<p>Les autres versions vous donnent encore plus de possibilit\u00e9s pour effectuer les mesures de TRGS 611 de mani\u00e8re tr\u00e8s simple, rapide et pr\u00e9cise au plus haut niveau. Vous pouvez en outre d\u00e9terminer num\u00e9riquement la conductivit\u00e9 et le pH et cr\u00e9er encore plus de confort de mesure avec le r\u00e9fractom\u00e8tre num\u00e9rique. <\/p>\n<p>Gr\u00e2ce \u00e0 la mallette de test, vous \u00eates parfaitement pr\u00e9par\u00e9 \u00e0 effectuer des mesures sur votre liquide de refroidissement. Les donn\u00e9es du liquide de refroidissement en disent long sur la qualit\u00e9 et les performances de votre liquide de refroidissement. Avec un contr\u00f4le permanent et une manipulation correcte, votre liquide de refroidissement pr\u00e9sente un \u00e9norme potentiel de performance et d&rsquo;\u00e9conomie. Les co\u00fbts des machines et des outils peuvent \u00eatre consid\u00e9rablement r\u00e9duits, vous cr\u00e9ez un environnement hygi\u00e9nique et vous savez exactement quand un changement est n\u00e9cessaire.   <\/p>\n<p>Vos avantages :<\/p>\n<ul>\n<li>robuste, de haute qualit\u00e9 et compact<\/li>\n<li>hygi\u00e9nique, simple et efficace<\/li>\n<li>conforme \u00e0 TRGS 611<\/li>\n<li>biobalance stable<\/li>\n<li>am\u00e9liore les performances et \u00e9conomise de l&rsquo;argent<\/li>\n<\/ul>\n","protected":false},"excerpt":{"rendered":"<p>Les autres versions vous donnent encore plus de possibilit\u00e9s pour effectuer les mesures de TRGS 611 de mani\u00e8re tr\u00e8s simple, rapide et pr\u00e9cise au plus haut niveau. Vous pouvez en outre d\u00e9terminer num\u00e9riquement la conductivit\u00e9 et le pH et cr\u00e9er encore plus de confort de mesure avec le r\u00e9fractom\u00e8tre num\u00e9rique. Gr\u00e2ce \u00e0 la mallette de [&hellip;]<\/p>\n","protected":false},"featured_media":2037,"comment_status":"closed","ping_status":"closed","template":"","meta":{"_acf_changed":false},"product_brand":[],"product_cat":[781],"product_tag":[],"class_list":{"0":"post-11667","1":"product","2":"type-product","3":"status-publish","4":"has-post-thumbnail","6":"product_cat-mallette-de-test","8":"first","9":"instock","10":"shipping-taxable","11":"purchasable","12":"product-type-variable","13":"has-default-attributes"},"acf":[],"_links":{"self":[{"href":"https:\/\/hamma-uwt.de\/fr\/wp-json\/wp\/v2\/product\/11667","targetHints":{"allow":["GET"]}}],"collection":[{"href":"https:\/\/hamma-uwt.de\/fr\/wp-json\/wp\/v2\/product"}],"about":[{"href":"https:\/\/hamma-uwt.de\/fr\/wp-json\/wp\/v2\/types\/product"}],"replies":[{"embeddable":true,"href":"https:\/\/hamma-uwt.de\/fr\/wp-json\/wp\/v2\/comments?post=11667"}],"wp:featuredmedia":[{"embeddable":true,"href":"https:\/\/hamma-uwt.de\/fr\/wp-json\/wp\/v2\/media\/2037"}],"wp:attachment":[{"href":"https:\/\/hamma-uwt.de\/fr\/wp-json\/wp\/v2\/media?parent=11667"}],"wp:term":[{"taxonomy":"product_brand","embeddable":true,"href":"https:\/\/hamma-uwt.de\/fr\/wp-json\/wp\/v2\/product_brand?post=11667"},{"taxonomy":"product_cat","embeddable":true,"href":"https:\/\/hamma-uwt.de\/fr\/wp-json\/wp\/v2\/product_cat?post=11667"},{"taxonomy":"product_tag","embeddable":true,"href":"https:\/\/hamma-uwt.de\/fr\/wp-json\/wp\/v2\/product_tag?post=11667"}],"curies":[{"name":"wp","href":"https:\/\/api.w.org\/{rel}","templated":true}]}}