{"id":11715,"date":"2025-08-11T13:50:58","date_gmt":"2025-08-11T11:50:58","guid":{"rendered":"https:\/\/hamma-uwt.de\/produkt\/tuyau-de-sortie-melange\/"},"modified":"2025-08-11T13:50:58","modified_gmt":"2025-08-11T11:50:58","slug":"tuyau-de-sortie-melange","status":"publish","type":"product","link":"https:\/\/hamma-uwt.de\/fr\/produkt\/tuyau-de-sortie-melange\/","title":{"rendered":"Tuyau de sortie M\u00e9lange"},"content":{"rendered":"<p>Tuyau d&rsquo;\u00e9coulement M\u00e9lange pour Misceo 3, complet avec raccord rapide. <\/p>\n","protected":false},"excerpt":{"rendered":"<p>incl. Raccord rapide, accessoires MISCEO 3<\/p>\n","protected":false},"featured_media":2527,"comment_status":"closed","ping_status":"closed","template":"","meta":{"_acf_changed":false},"product_brand":[],"product_cat":[796,797],"product_tag":[],"class_list":{"0":"post-11715","1":"product","2":"type-product","3":"status-publish","4":"has-post-thumbnail","6":"product_cat-accessoires-misceo","7":"product_cat-tuyau","9":"first","10":"instock","11":"shipping-taxable","12":"purchasable","13":"product-type-simple"},"acf":[],"_links":{"self":[{"href":"https:\/\/hamma-uwt.de\/fr\/wp-json\/wp\/v2\/product\/11715","targetHints":{"allow":["GET"]}}],"collection":[{"href":"https:\/\/hamma-uwt.de\/fr\/wp-json\/wp\/v2\/product"}],"about":[{"href":"https:\/\/hamma-uwt.de\/fr\/wp-json\/wp\/v2\/types\/product"}],"replies":[{"embeddable":true,"href":"https:\/\/hamma-uwt.de\/fr\/wp-json\/wp\/v2\/comments?post=11715"}],"wp:featuredmedia":[{"embeddable":true,"href":"https:\/\/hamma-uwt.de\/fr\/wp-json\/wp\/v2\/media\/2527"}],"wp:attachment":[{"href":"https:\/\/hamma-uwt.de\/fr\/wp-json\/wp\/v2\/media?parent=11715"}],"wp:term":[{"taxonomy":"product_brand","embeddable":true,"href":"https:\/\/hamma-uwt.de\/fr\/wp-json\/wp\/v2\/product_brand?post=11715"},{"taxonomy":"product_cat","embeddable":true,"href":"https:\/\/hamma-uwt.de\/fr\/wp-json\/wp\/v2\/product_cat?post=11715"},{"taxonomy":"product_tag","embeddable":true,"href":"https:\/\/hamma-uwt.de\/fr\/wp-json\/wp\/v2\/product_tag?post=11715"}],"curies":[{"name":"wp","href":"https:\/\/api.w.org\/{rel}","templated":true}]}}