{"id":11892,"date":"2025-07-14T12:06:49","date_gmt":"2025-07-14T10:06:49","guid":{"rendered":"https:\/\/hamma-uwt.de\/produkt\/cle-a-futs\/"},"modified":"2025-07-14T12:06:49","modified_gmt":"2025-07-14T10:06:49","slug":"cle-a-futs","status":"publish","type":"product","link":"https:\/\/hamma-uwt.de\/fr\/produkt\/cle-a-futs\/","title":{"rendered":"Cl\u00e9 \u00e0 f\u00fbts"},"content":{"rendered":"<p>Avec la cl\u00e9 \u00e0 f\u00fbts, vous ouvrez et fermez vos f\u00fbts en un clin d&rsquo;\u0153il. L&rsquo;extracteur de scell\u00e9s int\u00e9gr\u00e9 retire les scell\u00e9s de f\u00fbts facilement et en toute s\u00e9curit\u00e9. La cl\u00e9 \u00e0 f\u00fbts manuelle assure une ouverture s\u00fbre<br \/>\ndes f\u00fbts en acier de 200 litres gr\u00e2ce \u00e0 un effet de levier optimal. Gr\u00e2ce \u00e0 sa conception optimale en acier inoxydable robuste et durci<br \/>\n, elle est tr\u00e8s durable et facile \u00e0 utiliser.   <\/p>\n<p>Gr\u00e2ce \u00e0 son trou de fixation bien positionn\u00e9, la cl\u00e9 \u00e0 f\u00fbts est facile \u00e0 ranger.<\/p>\n<p>Vos avantages<\/p>\n<ul>\n<li>Ouverture facile gr\u00e2ce \u00e0 une conception optimale<\/li>\n<li>Effet de levier<\/li>\n<li>D\u00e9plombage int\u00e9gr\u00e9<\/li>\n<li>finition en acier inoxydable de haute qualit\u00e9<\/li>\n<li>robuste et pratique<\/li>\n<li>design compact<\/li>\n<li>poign\u00e9e ergonomique<\/li>\n<\/ul>\n","protected":false},"excerpt":{"rendered":"<p>pour ouvrir des f\u00fbts de 60 l et 200 l<\/p>\n","protected":false},"featured_media":3850,"comment_status":"closed","ping_status":"closed","template":"","meta":{"_acf_changed":false},"product_brand":[],"product_cat":[796,904,905],"product_tag":[],"class_list":{"0":"post-11892","1":"product","2":"type-product","3":"status-publish","4":"has-post-thumbnail","6":"product_cat-accessoires-misceo","7":"product_cat-cle-demballage","8":"product_cat-des-aides-puissantes","10":"first","11":"instock","12":"purchasable","13":"product-type-simple"},"acf":[],"_links":{"self":[{"href":"https:\/\/hamma-uwt.de\/fr\/wp-json\/wp\/v2\/product\/11892","targetHints":{"allow":["GET"]}}],"collection":[{"href":"https:\/\/hamma-uwt.de\/fr\/wp-json\/wp\/v2\/product"}],"about":[{"href":"https:\/\/hamma-uwt.de\/fr\/wp-json\/wp\/v2\/types\/product"}],"replies":[{"embeddable":true,"href":"https:\/\/hamma-uwt.de\/fr\/wp-json\/wp\/v2\/comments?post=11892"}],"wp:featuredmedia":[{"embeddable":true,"href":"https:\/\/hamma-uwt.de\/fr\/wp-json\/wp\/v2\/media\/3850"}],"wp:attachment":[{"href":"https:\/\/hamma-uwt.de\/fr\/wp-json\/wp\/v2\/media?parent=11892"}],"wp:term":[{"taxonomy":"product_brand","embeddable":true,"href":"https:\/\/hamma-uwt.de\/fr\/wp-json\/wp\/v2\/product_brand?post=11892"},{"taxonomy":"product_cat","embeddable":true,"href":"https:\/\/hamma-uwt.de\/fr\/wp-json\/wp\/v2\/product_cat?post=11892"},{"taxonomy":"product_tag","embeddable":true,"href":"https:\/\/hamma-uwt.de\/fr\/wp-json\/wp\/v2\/product_tag?post=11892"}],"curies":[{"name":"wp","href":"https:\/\/api.w.org\/{rel}","templated":true}]}}