{"id":12012,"date":"2025-11-12T16:35:06","date_gmt":"2025-11-12T15:35:06","guid":{"rendered":"https:\/\/hamma-uwt.de\/produkt\/angle-de-vissage-universel-petit\/"},"modified":"2025-11-12T16:35:06","modified_gmt":"2025-11-12T15:35:06","slug":"angle-de-vissage-universel-petit","status":"publish","type":"product","link":"https:\/\/hamma-uwt.de\/fr\/produkt\/angle-de-vissage-universel-petit\/","title":{"rendered":"Angle de vissage universel petit"},"content":{"rendered":"<p>\u00c9querre de fixation universelle pour fixer le RAPIDS<\/p>\n","protected":false},"excerpt":{"rendered":"<p>Equerre universelle \u00e0 visser petite pour fixation par aimant ou \u00e0 visser - id\u00e9ale pour le pistolet de remplissage<\/p>\n","protected":false},"featured_media":3523,"comment_status":"closed","ping_status":"closed","template":"","meta":{"_acf_changed":false},"product_brand":[],"product_cat":[796,952,950,699,951],"product_tag":[],"class_list":{"0":"post-12012","1":"product","2":"type-product","3":"status-publish","4":"has-post-thumbnail","6":"product_cat-accessoires-misceo","7":"product_cat-maxx-de-copeaux-et-balai-magnetique","8":"product_cat-rapid-1-1-accessoires","9":"product_cat-rapid-2-1-accessoires","10":"product_cat-rapid-3-1-accessoires","12":"first","13":"instock","14":"purchasable","15":"product-type-simple"},"acf":[],"_links":{"self":[{"href":"https:\/\/hamma-uwt.de\/fr\/wp-json\/wp\/v2\/product\/12012","targetHints":{"allow":["GET"]}}],"collection":[{"href":"https:\/\/hamma-uwt.de\/fr\/wp-json\/wp\/v2\/product"}],"about":[{"href":"https:\/\/hamma-uwt.de\/fr\/wp-json\/wp\/v2\/types\/product"}],"replies":[{"embeddable":true,"href":"https:\/\/hamma-uwt.de\/fr\/wp-json\/wp\/v2\/comments?post=12012"}],"wp:featuredmedia":[{"embeddable":true,"href":"https:\/\/hamma-uwt.de\/fr\/wp-json\/wp\/v2\/media\/3523"}],"wp:attachment":[{"href":"https:\/\/hamma-uwt.de\/fr\/wp-json\/wp\/v2\/media?parent=12012"}],"wp:term":[{"taxonomy":"product_brand","embeddable":true,"href":"https:\/\/hamma-uwt.de\/fr\/wp-json\/wp\/v2\/product_brand?post=12012"},{"taxonomy":"product_cat","embeddable":true,"href":"https:\/\/hamma-uwt.de\/fr\/wp-json\/wp\/v2\/product_cat?post=12012"},{"taxonomy":"product_tag","embeddable":true,"href":"https:\/\/hamma-uwt.de\/fr\/wp-json\/wp\/v2\/product_tag?post=12012"}],"curies":[{"name":"wp","href":"https:\/\/api.w.org\/{rel}","templated":true}]}}