{"id":12296,"date":"2025-07-14T12:06:49","date_gmt":"2025-07-14T10:06:49","guid":{"rendered":"https:\/\/hamma-uwt.de\/produkt\/kit-de-mise-a-niveau-e-drive-pour-chariot-a-tonneaux\/"},"modified":"2025-07-14T12:06:49","modified_gmt":"2025-07-14T10:06:49","slug":"kit-de-mise-a-niveau-e-drive-pour-chariot-a-tonneaux","status":"publish","type":"product","link":"https:\/\/hamma-uwt.de\/fr\/produkt\/kit-de-mise-a-niveau-e-drive-pour-chariot-a-tonneaux\/","title":{"rendered":"Kit de mise \u00e0 niveau E-Drive pour chariot \u00e0 tonneaux"},"content":{"rendered":"<p>Le kit de mise \u00e0 niveau contient toutes les pi\u00e8ces n\u00e9cessaires pour \u00e9quiper votre chariot pour f\u00fbts HAMMA d&rsquo;un E-Drive.<br \/>\nVeuillez indiquer les donn\u00e9es produit du chariot pour f\u00fbts lors de votre demande, voir l&rsquo;\u00e9tiquette produit.<\/p>\n","protected":false},"excerpt":{"rendered":"<p>pour les chariots \u00e0 f\u00fbts<\/p>\n","protected":false},"featured_media":873,"comment_status":"closed","ping_status":"closed","template":"","meta":{"_acf_changed":false},"product_brand":[],"product_cat":[1041],"product_tag":[],"class_list":{"0":"post-12296","1":"product","2":"type-product","3":"status-publish","4":"has-post-thumbnail","6":"product_cat-accessoires-pour-chariots-a-futs","8":"first","9":"instock","10":"purchasable","11":"product-type-simple"},"acf":[],"_links":{"self":[{"href":"https:\/\/hamma-uwt.de\/fr\/wp-json\/wp\/v2\/product\/12296","targetHints":{"allow":["GET"]}}],"collection":[{"href":"https:\/\/hamma-uwt.de\/fr\/wp-json\/wp\/v2\/product"}],"about":[{"href":"https:\/\/hamma-uwt.de\/fr\/wp-json\/wp\/v2\/types\/product"}],"replies":[{"embeddable":true,"href":"https:\/\/hamma-uwt.de\/fr\/wp-json\/wp\/v2\/comments?post=12296"}],"wp:featuredmedia":[{"embeddable":true,"href":"https:\/\/hamma-uwt.de\/fr\/wp-json\/wp\/v2\/media\/873"}],"wp:attachment":[{"href":"https:\/\/hamma-uwt.de\/fr\/wp-json\/wp\/v2\/media?parent=12296"}],"wp:term":[{"taxonomy":"product_brand","embeddable":true,"href":"https:\/\/hamma-uwt.de\/fr\/wp-json\/wp\/v2\/product_brand?post=12296"},{"taxonomy":"product_cat","embeddable":true,"href":"https:\/\/hamma-uwt.de\/fr\/wp-json\/wp\/v2\/product_cat?post=12296"},{"taxonomy":"product_tag","embeddable":true,"href":"https:\/\/hamma-uwt.de\/fr\/wp-json\/wp\/v2\/product_tag?post=12296"}],"curies":[{"name":"wp","href":"https:\/\/api.w.org\/{rel}","templated":true}]}}